{"id":7247,"date":"2021-02-26T19:09:19","date_gmt":"2021-02-27T00:09:19","guid":{"rendered":"https:\/\/laverdeoveja.com\/nuestra-historia\/"},"modified":"2022-09-19T14:30:20","modified_gmt":"2022-09-19T19:30:20","slug":"nuestra-historia","status":"publish","type":"page","link":"https:\/\/laverdeoveja.com\/es\/nuestra-historia\/","title":{"rendered":"Nuestra historia"},"content":{"rendered":"<!--themify_builder_content-->\n<div id=\"themify_builder_content-7247\" data-postid=\"7247\" class=\"themify_builder_content themify_builder_content-7247 themify_builder tf_clear\">\n                    <div  data-css_id=\"vapx559\" data-lazy=\"1\" class=\"module_row themify_builder_row fullwidth tb_vapx559 tb_first tf_w\">\n                        <div class=\"row_inner col_align_top tb_col_count_1 tf_box tf_rel\">\n                        <div  data-lazy=\"1\" class=\"module_column tb-column col-full tb_44us560 first\">\n                    <!-- module text -->\n<div  class=\"module module-text tb_0yie560   \" data-lazy=\"1\">\n        <div  class=\"tb_text_wrap\">\n        <p>Nuestra historia<\/p>    <\/div>\n<\/div>\n<!-- \/module text -->        <\/div>\n                        <\/div>\n        <\/div>\n                        <div  data-css_id=\"7zzr879\" data-lazy=\"1\" class=\"module_row themify_builder_row fullwidth tb_7zzr879 tf_w\">\n                        <div class=\"row_inner col_auto_height col_align_top tb_col_count_2 tf_box tf_rel\">\n                        <div  data-lazy=\"1\" class=\"module_column tb-column col3-1 tb_194b880 first\">\n                    <!-- module gallery -->\n<div  class=\"module gallery module-gallery tb_doua935 layout-grid rounded \" data-lazy=\"1\">\n    <div class=\"module-gallery-grid gallery-masonry\" style=\"--gald:2;--galt:1;--galm:1\">\n            <dl class=\"gallery-item\">\n            <dt class=\"gallery-icon\">\n            <img loading=\"lazy\" decoding=\"async\" width=\"1329\" height=\"1831\" src=\"https:\/\/laverdeoveja.com\/wp-content\/uploads\/2021\/06\/Jimena-Peck-Livermore-Wall-Street-Journal-7117.jpeg\" class=\"wp-post-image wp-image-7346\" title=\"Jimena-Peck-Livermore-Wall-Street-Journal-7117\" alt=\"Jimena-Peck-Livermore-Wall-Street-Journal-7117\" srcset=\"https:\/\/laverdeoveja.com\/wp-content\/uploads\/2021\/06\/Jimena-Peck-Livermore-Wall-Street-Journal-7117.jpeg 1329w, https:\/\/laverdeoveja.com\/wp-content\/uploads\/2021\/06\/Jimena-Peck-Livermore-Wall-Street-Journal-7117-600x827.jpeg 600w, https:\/\/laverdeoveja.com\/wp-content\/uploads\/2021\/06\/Jimena-Peck-Livermore-Wall-Street-Journal-7117-218x300.jpeg 218w, https:\/\/laverdeoveja.com\/wp-content\/uploads\/2021\/06\/Jimena-Peck-Livermore-Wall-Street-Journal-7117-743x1024.jpeg 743w, https:\/\/laverdeoveja.com\/wp-content\/uploads\/2021\/06\/Jimena-Peck-Livermore-Wall-Street-Journal-7117-768x1058.jpeg 768w, https:\/\/laverdeoveja.com\/wp-content\/uploads\/2021\/06\/Jimena-Peck-Livermore-Wall-Street-Journal-7117-1115x1536.jpeg 1115w, https:\/\/laverdeoveja.com\/wp-content\/uploads\/2021\/06\/Jimena-Peck-Livermore-Wall-Street-Journal-7117-743x1024-145x200.jpeg 145w\" sizes=\"auto, (max-width: 1329px) 100vw, 1329px\" \/>            <\/dt>\n                    <\/dl>\n            <dl class=\"gallery-item\">\n            <dt class=\"gallery-icon\">\n            <img loading=\"lazy\" decoding=\"async\" width=\"1280\" height=\"1167\" src=\"https:\/\/laverdeoveja.com\/wp-content\/uploads\/2021\/06\/WhatsApp-Image-2021-05-30-at-1.47.09-PM.jpeg\" class=\"wp-post-image wp-image-7347\" title=\"WhatsApp Image 2021-05-30 at 1.47.09 PM\" alt=\"WhatsApp Image 2021-05-30 at 1.47.09 PM\" srcset=\"https:\/\/laverdeoveja.com\/wp-content\/uploads\/2021\/06\/WhatsApp-Image-2021-05-30-at-1.47.09-PM.jpeg 1280w, https:\/\/laverdeoveja.com\/wp-content\/uploads\/2021\/06\/WhatsApp-Image-2021-05-30-at-1.47.09-PM-600x547.jpeg 600w, https:\/\/laverdeoveja.com\/wp-content\/uploads\/2021\/06\/WhatsApp-Image-2021-05-30-at-1.47.09-PM-300x274.jpeg 300w, https:\/\/laverdeoveja.com\/wp-content\/uploads\/2021\/06\/WhatsApp-Image-2021-05-30-at-1.47.09-PM-1024x934.jpeg 1024w, https:\/\/laverdeoveja.com\/wp-content\/uploads\/2021\/06\/WhatsApp-Image-2021-05-30-at-1.47.09-PM-768x700.jpeg 768w, https:\/\/laverdeoveja.com\/wp-content\/uploads\/2021\/06\/WhatsApp-Image-2021-05-30-at-1.47.09-PM-1024x934-219x200.jpeg 219w\" sizes=\"auto, (max-width: 1280px) 100vw, 1280px\" \/>            <\/dt>\n                    <\/dl>\n            <dl class=\"gallery-item\">\n            <dt class=\"gallery-icon\">\n            <img loading=\"lazy\" decoding=\"async\" width=\"1619\" height=\"1903\" src=\"https:\/\/laverdeoveja.com\/wp-content\/uploads\/2021\/06\/OUR-STORY-3.jpg\" class=\"wp-post-image wp-image-7378\" title=\"OUR STORY 3\" alt=\"OUR STORY 3\" srcset=\"https:\/\/laverdeoveja.com\/wp-content\/uploads\/2021\/06\/OUR-STORY-3.jpg 1619w, https:\/\/laverdeoveja.com\/wp-content\/uploads\/2021\/06\/OUR-STORY-3-600x705.jpg 600w, https:\/\/laverdeoveja.com\/wp-content\/uploads\/2021\/06\/OUR-STORY-3-255x300.jpg 255w, https:\/\/laverdeoveja.com\/wp-content\/uploads\/2021\/06\/OUR-STORY-3-871x1024.jpg 871w, https:\/\/laverdeoveja.com\/wp-content\/uploads\/2021\/06\/OUR-STORY-3-768x903.jpg 768w, https:\/\/laverdeoveja.com\/wp-content\/uploads\/2021\/06\/OUR-STORY-3-1307x1536.jpg 1307w, https:\/\/laverdeoveja.com\/wp-content\/uploads\/2021\/06\/OUR-STORY-3-871x1024-170x200.jpg 170w\" sizes=\"auto, (max-width: 1619px) 100vw, 1619px\" \/>            <\/dt>\n                    <\/dl>\n    <\/div>\n<\/div>\n<!-- \/module gallery -->        <\/div>\n                    <div  data-lazy=\"1\" class=\"module_column tb-column col3-2 tb_iyqj638 last\">\n                    <!-- module text -->\n<div  class=\"module module-text tb_ma86136   \" data-lazy=\"1\">\n        <div  class=\"tb_text_wrap\">\n        <p>Nosotros, Heather y Phillip Steyn, como veterinarios, siempre hab\u00edamos amado a nuestras ovejas mascotas en nuestro rancho en el norte de Colorado y la elaboraci\u00f3n artesanal de queso de oveja era uno de nuestros pasatiempos favoritos durante los largos y fr\u00edos inviernos. Criar nuestras ovejas para obtener carne de cordero de calidad y orde\u00f1ar las ovejas nos ense\u00f1\u00f3 a apreciar verdaderamente la relaci\u00f3n entre nuestros animales de granja y nuestra familia, y ah\u00ed naci\u00f3 una parte del sue\u00f1o del Proyecto Verde Oveja. <\/p>\n<p>\u00a1Mudarse a Ecuador y comenzar <strong><a href=\"https:\/\/amicicannisusa.org\" target=\"_blank\" rel=\"noopener\"><u>Amici Cannis Hospital de Animales<\/u><\/a><\/strong> , una fundaci\u00f3n que brinda atenci\u00f3n a los perros callejeros y servicios veterinarios a clientes en Cotacachi, fue un esfuerzo enormemente gratificante! Decidimos continuar con nuestro pr\u00f3ximo proyecto cuando compramos nuestras tierras de cultivo en una peque\u00f1a comunidad ind\u00edgena en las monta\u00f1as de los Andes del norte de Ecuador. Inmediatamente notamos una importante falta de comprensi\u00f3n sobre el manejo del ganado, el bienestar animal y la atenci\u00f3n veterinaria. Tambi\u00e9n nos dimos cuenta dolorosamente de la pobreza y la falta de oficio dentro de nuestra comunidad. Phillip y yo nos vimos impulsados a crear un proyecto usando nuestras habilidades veterinarias, historia con ovejas y queso, y experiencia con la agricultura que podr\u00eda ayudar y ense\u00f1ar a nuestra nueva familia ind\u00edgena. El \u00faltimo \u00abpor qu\u00e9\u00bb para nosotros fue retribuir a la sociedad y ayudar a nuestra comunidad ind\u00edgena. Nuestra pasi\u00f3n por las ovejas y la comunidad se fusionaron para crear el Proyecto LVO.<\/p>\n<p>Nos sentimos honrados de haber sido c\u00e1lidamente acogidos por nuestra comunidad y verdaderamente estamos motivados a enriquecer las vidas de nuestros vecinos ind\u00edgenas. Estamos agradecidos de poder compartir con ellos el amor por la tierra y el medio ambiente. Es muy emocionante ver el entusiasmo por el proyecto dentro de la comunidad. Los Ind\u00edgenas tienen un profundo sentido de orgullo por lo que estamos haciendo juntos y se dan cuenta de los beneficios a largo plazo de crear un comercio artesanal en nuestro pueblo natal.<\/p>    <\/div>\n<\/div>\n<!-- \/module text -->        <\/div>\n                        <\/div>\n        <\/div>\n                        <div  data-css_id=\"71jt373\" data-lazy=\"1\" class=\"module_row themify_builder_row fullwidth tb_71jt373 tf_w\">\n                        <div class=\"row_inner col_align_top tb_col_count_1 tf_box tf_rel\">\n                        <div  data-lazy=\"1\" class=\"module_column tb-column col-full tb_keof374 first\">\n                    <!-- module template_part -->\n<div  class=\"module module-layout-part tb_3bty189 \">\n    <div class=\"tb_layout_part_wrap tf_w\"><!--themify_builder_content-->\n    <div  class=\"themify_builder_content themify_builder_content-2651 themify_builder not_editable_builder in_the_loop\" data-postid=\"2651\">\n                        <div  data-css_id=\"pvsj598\" data-lazy=\"1\" class=\"module_row themify_builder_row fullwidth tb_pvsj598 tf_w\">\n                        <div class=\"row_inner col_align_middle gutter-none tb_col_count_3 tf_box tf_rel\">\n                        <div  data-lazy=\"1\" class=\"module_column tb-column col3-1 tb_6411598 first\">\n                    <!-- module text -->\n<div  class=\"module module-text tb_0hdx19   \" data-lazy=\"1\">\n        <div  class=\"tb_text_wrap\">\n        <p><a href=\"https:\/\/wa.me\/message\/JJ5ILE5UL7N5B1?src=qr\" target=\"_blank\" rel=\"noopener\">+593 98 028 6323<\/a><br>Cotacachi, Ecuador 100350<\/p>    <\/div>\n<\/div>\n<!-- \/module text -->        <\/div>\n                    <div  data-lazy=\"1\" class=\"module_column tb-column col3-1 tb_gdc7128\">\n                    <!-- module icon -->\n<div  class=\"module module-icon tb_w64b23   none icon_horizontal tf_textc\" data-lazy=\"1\">\n\t\t\t<div class=\"module-icon-item\">\n\t\t\t\t\t\t\t<a href=\"https:\/\/www.facebook.com\/laverdeoveja\/\" rel=\"noopener\" target=\"_blank\">\n\t\t\t\t\t\t\t\t\t\t\t\t\t\t\t\t\t<em class=\"tf_box\"\n\t\t\t\t\t\t\t\t\t\t\t\t\t\t\t\t\t><svg  class=\"tf_fa tf-ti-facebook\" xmlns:xlink=\"http:\/\/www.w3.org\/1999\/xlink\" aria-hidden=\"true\"><use href=\"#tf-ti-facebook\" xlink:href=\"#tf-ti-facebook\"><\/use><\/svg><\/em>\n\t\t\t\t\t\t\t\t\t\t\t\t\t\t\t\t<\/a>\n\t\t\t\t\t<\/div>\n\t\t\t<div class=\"module-icon-item\">\n\t\t\t\t\t\t\t<a href=\"https:\/\/api.whatsapp.com\/message\/JJ5ILE5UL7N5B1\" rel=\"noopener\" target=\"_blank\">\n\t\t\t\t\t\t\t\t\t\t\t\t\t\t\t\t\t<em class=\"tf_box\"\n\t\t\t\t\t\t\t\t\t\t\t\t\t\t\t\t\t><svg  class=\"tf_fa tf-fab-whatsapp\" xmlns:xlink=\"http:\/\/www.w3.org\/1999\/xlink\" aria-hidden=\"true\"><use href=\"#tf-fab-whatsapp\" xlink:href=\"#tf-fab-whatsapp\"><\/use><\/svg><\/em>\n\t\t\t\t\t\t\t\t\t\t\t\t\t\t\t\t<\/a>\n\t\t\t\t\t<\/div>\n\t\t\t<div class=\"module-icon-item\">\n\t\t\t\t\t\t\t<a href=\"mailto:info@laverdeoveja.com\" rel=\"noopener\" target=\"_blank\">\n\t\t\t\t\t\t\t\t\t\t\t\t\t\t\t\t\t<em class=\"tf_box\"\n\t\t\t\t\t\t\t\t\t\t\t\t\t\t\t\t\t><svg  class=\"tf_fa tf-ti-email\" xmlns:xlink=\"http:\/\/www.w3.org\/1999\/xlink\" aria-hidden=\"true\"><use href=\"#tf-ti-email\" xlink:href=\"#tf-ti-email\"><\/use><\/svg><\/em>\n\t\t\t\t\t\t\t\t\t\t\t\t\t\t\t\t<\/a>\n\t\t\t\t\t<\/div>\n\t\t\t<div class=\"module-icon-item\">\n\t\t\t\t\t\t\t<a href=\"https:\/\/instagram.com\/laverde.oveja\" rel=\"noopener\" target=\"_blank\">\n\t\t\t\t\t\t\t\t\t\t\t\t\t\t\t\t\t<em class=\"tf_box\"\n\t\t\t\t\t\t\t\t\t\t\t\t\t\t\t\t\t><svg  class=\"tf_fa tf-ti-instagram\" xmlns:xlink=\"http:\/\/www.w3.org\/1999\/xlink\" aria-hidden=\"true\"><use href=\"#tf-ti-instagram\" xlink:href=\"#tf-ti-instagram\"><\/use><\/svg><\/em>\n\t\t\t\t\t\t\t\t\t\t\t\t\t\t\t\t<\/a>\n\t\t\t\t\t<\/div>\n\t<\/div>\n<!-- \/module icon -->\n        <\/div>\n                    <div  data-lazy=\"1\" class=\"module_column tb-column col3-1 tb_6ptl630 last\">\n                    <!-- module text -->\n<div  class=\"module module-text tb_4yaa503   \" data-lazy=\"1\">\n        <div  class=\"tb_text_wrap\">\n        <p><a href=\"https:\/\/laverdeoveja.com\/privacy-policy\/\" target=\"_blank\" rel=\"noopener\">Privacy Policy<\/a><\/p>\n<p><a href=\"https:\/\/laverdeoveja.com\/terms-and-conditions\/\" target=\"_blank\" rel=\"noopener\">Terms and Conditions<\/a><\/p>    <\/div>\n<\/div>\n<!-- \/module text -->        <\/div>\n                        <\/div>\n        <\/div>\n                        <div  data-css_id=\"pmwp18\" data-lazy=\"1\" class=\"module_row themify_builder_row fullwidth tb_pmwp18 tf_w\">\n                        <div class=\"row_inner col_align_top tb_col_count_5 tf_box tf_rel\">\n                        <div  data-lazy=\"1\" class=\"module_column tb-column col5-1 tb_3nul19 first\">\n                            <\/div>\n                    <div  data-lazy=\"1\" class=\"module_column tb-column col5-1 tb_o5tw20\">\n                            <\/div>\n                    <div  data-lazy=\"1\" class=\"module_column tb-column col5-1 tb_ltwg21\">\n                            <\/div>\n                    <div  data-lazy=\"1\" class=\"module_column tb-column col5-1 tb_q01m22\">\n                            <\/div>\n                    <div  data-lazy=\"1\" class=\"module_column tb-column col5-1 tb_9z9823 last\">\n                            <\/div>\n                        <\/div>\n        <\/div>\n                        <div  data-css_id=\"yumf18\" data-lazy=\"1\" class=\"module_row themify_builder_row fullwidth tb_yumf18 tf_w\">\n                        <div class=\"row_inner col_align_top tb_col_count_1 tf_box tf_rel\">\n                        <div  data-lazy=\"1\" class=\"module_column tb-column col-full tb_gabh25 first\">\n                    <!-- module text -->\n<div  class=\"module module-text tb_klni25 copy-right-text  \" data-lazy=\"1\">\n        <div  class=\"tb_text_wrap\">\n        <p>Copyright \u00a9 2021 Verde Oveja. All Rights Reserved. Created by <a href=\"https:\/\/www.wowsuccessteam.com\/\" target=\"_blank\" rel=\"noopener\">WOWSuccessTeam LLC<\/a>. Graphic Design by Betsy Gold. Photos by Mary Hellman.<\/p>\n    <\/div>\n<\/div>\n<!-- \/module text -->        <\/div>\n                        <\/div>\n        <\/div>\n            <\/div>\n<!--\/themify_builder_content--><\/div>\n<\/div>\n<!-- \/module template_part -->        <\/div>\n                        <\/div>\n        <\/div>\n        <\/div>\n<!--\/themify_builder_content-->","protected":false},"excerpt":{"rendered":"<p>Our Story We, Heather &amp; Phillip Steyn, as veterinarians, had always loved our pet sheep on our ranch in Northern Colorado and artisanal sheep cheese making was one of our favorite hobbies during the long cold winters. Raising our sheep for quality lamb meat and milking the ewes taught us to truly appreciate the relationship [&hellip;]<\/p>\n","protected":false},"author":1,"featured_media":0,"parent":0,"menu_order":0,"comment_status":"closed","ping_status":"closed","template":"","meta":{"content-type":"","footnotes":""},"class_list":["post-7247","page","type-page","status-publish","hentry","has-post-title","has-post-date","has-post-category","has-post-tag","has-post-comment","has-post-author",""],"jetpack_sharing_enabled":true,"builder_content":"<p>Nuestra historia<\/p>\n[gallery ids=\"2693,2694,3016\"]\n<p>Nosotros, Heather y Phillip Steyn, como veterinarios, siempre hab\u00edamos amado a nuestras ovejas mascotas en nuestro rancho en el norte de Colorado y la elaboraci\u00f3n artesanal de queso de oveja era uno de nuestros pasatiempos favoritos durante los largos y fr\u00edos inviernos. Criar nuestras ovejas para obtener carne de cordero de calidad y orde\u00f1ar las ovejas nos ense\u00f1\u00f3 a apreciar verdaderamente la relaci\u00f3n entre nuestros animales de granja y nuestra familia, y ah\u00ed naci\u00f3 una parte del sue\u00f1o del Proyecto Verde Oveja. <\/p> <p>\u00a1Mudarse a Ecuador y comenzar <strong><a href=\"https:\/\/amicicannisusa.org\" target=\"_blank\" rel=\"noopener\"><u>Amici Cannis Hospital de Animales<\/u><\/a><\/strong> , una fundaci\u00f3n que brinda atenci\u00f3n a los perros callejeros y servicios veterinarios a clientes en Cotacachi, fue un esfuerzo enormemente gratificante! Decidimos continuar con nuestro pr\u00f3ximo proyecto cuando compramos nuestras tierras de cultivo en una peque\u00f1a comunidad ind\u00edgena en las monta\u00f1as de los Andes del norte de Ecuador. Inmediatamente notamos una importante falta de comprensi\u00f3n sobre el manejo del ganado, el bienestar animal y la atenci\u00f3n veterinaria. Tambi\u00e9n nos dimos cuenta dolorosamente de la pobreza y la falta de oficio dentro de nuestra comunidad. Phillip y yo nos vimos impulsados a crear un proyecto usando nuestras habilidades veterinarias, historia con ovejas y queso, y experiencia con la agricultura que podr\u00eda ayudar y ense\u00f1ar a nuestra nueva familia ind\u00edgena. El \u00faltimo \"por qu\u00e9\" para nosotros fue retribuir a la sociedad y ayudar a nuestra comunidad ind\u00edgena. Nuestra pasi\u00f3n por las ovejas y la comunidad se fusionaron para crear el Proyecto LVO.<\/p> <p>Nos sentimos honrados de haber sido c\u00e1lidamente acogidos por nuestra comunidad y verdaderamente estamos motivados a enriquecer las vidas de nuestros vecinos ind\u00edgenas. Estamos agradecidos de poder compartir con ellos el amor por la tierra y el medio ambiente. Es muy emocionante ver el entusiasmo por el proyecto dentro de la comunidad. Los Ind\u00edgenas tienen un profundo sentido de orgullo por lo que estamos haciendo juntos y se dan cuenta de los beneficios a largo plazo de crear un comercio artesanal en nuestro pueblo natal.<\/p>","_links":{"self":[{"href":"https:\/\/laverdeoveja.com\/es\/wp-json\/wp\/v2\/pages\/7247","targetHints":{"allow":["GET"]}}],"collection":[{"href":"https:\/\/laverdeoveja.com\/es\/wp-json\/wp\/v2\/pages"}],"about":[{"href":"https:\/\/laverdeoveja.com\/es\/wp-json\/wp\/v2\/types\/page"}],"author":[{"embeddable":true,"href":"https:\/\/laverdeoveja.com\/es\/wp-json\/wp\/v2\/users\/1"}],"replies":[{"embeddable":true,"href":"https:\/\/laverdeoveja.com\/es\/wp-json\/wp\/v2\/comments?post=7247"}],"version-history":[{"count":2,"href":"https:\/\/laverdeoveja.com\/es\/wp-json\/wp\/v2\/pages\/7247\/revisions"}],"predecessor-version":[{"id":9160,"href":"https:\/\/laverdeoveja.com\/es\/wp-json\/wp\/v2\/pages\/7247\/revisions\/9160"}],"wp:attachment":[{"href":"https:\/\/laverdeoveja.com\/es\/wp-json\/wp\/v2\/media?parent=7247"}],"curies":[{"name":"wp","href":"https:\/\/api.w.org\/{rel}","templated":true}]}}