{"id":7251,"date":"2021-02-26T17:48:38","date_gmt":"2021-02-26T22:48:38","guid":{"rendered":"https:\/\/laverdeoveja.com\/proyecto-lvo\/"},"modified":"2022-09-19T14:58:06","modified_gmt":"2022-09-19T19:58:06","slug":"proyecto-lvo","status":"publish","type":"page","link":"https:\/\/laverdeoveja.com\/es\/proyecto-lvo\/","title":{"rendered":"Proyecto LVO"},"content":{"rendered":"<!--themify_builder_content-->\n<div id=\"themify_builder_content-7251\" data-postid=\"7251\" class=\"themify_builder_content themify_builder_content-7251 themify_builder tf_clear\">\n                    <div  data-lazy=\"1\" class=\"module_row themify_builder_row tb_2q7c766 tb_first tf_w\">\n                        <div class=\"row_inner col_align_top tb_col_count_1 tf_box tf_rel\">\n                        <div  data-lazy=\"1\" class=\"module_column tb-column col-full tb_gf6f766 first\">\n                            <\/div>\n                        <\/div>\n        <\/div>\n                        <div  data-css_id=\"p06a145\" data-lazy=\"1\" class=\"module_row themify_builder_row fullwidth tb_p06a145 tf_w\">\n                        <div class=\"row_inner col_align_top tb_col_count_1 tf_box tf_rel\">\n                        <div  data-lazy=\"1\" class=\"module_column tb-column col-full tb_5ivt146 first\">\n                    <!-- module text -->\n<div  class=\"module module-text tb_rr3z580   \" data-lazy=\"1\">\n        <div  class=\"tb_text_wrap\">\n        <p>Que es el proyecto Verde Oveja?<\/p>    <\/div>\n<\/div>\n<!-- \/module text -->        <\/div>\n                        <\/div>\n        <\/div>\n                        <div  data-css_id=\"19on645\" data-lazy=\"1\" class=\"module_row themify_builder_row fullwidth tb_19on645 tf_w\">\n                        <div class=\"row_inner direction_rtl col_align_top tb_col_count_2 tf_box tf_rel\">\n                        <div  data-lazy=\"1\" class=\"module_column tb-column col3-1 tb_c1vd954 first\">\n                    <!-- module gallery -->\n<div  class=\"module gallery module-gallery tb_c2rh530 layout-grid  \" data-lazy=\"1\">\n    <div class=\"module-gallery-grid gallery-masonry\" style=\"--gald:1;--galt:1;--galm:1\">\n            <dl class=\"gallery-item\">\n            <dt class=\"gallery-icon\">\n            <a data-title=\"\" title=\"\" href=\"https:\/\/laverdeoveja.com\/wp-content\/uploads\/2021\/06\/Project-page3-scaled.jpg\" data-rel=\"tb_c2rh530\" class=\"themify_lightbox\"><img loading=\"lazy\" decoding=\"async\" width=\"2560\" height=\"1707\" src=\"https:\/\/laverdeoveja.com\/wp-content\/uploads\/2021\/06\/Project-page3-scaled.jpg\" class=\"wp-post-image wp-image-7377\" title=\"Project page3\" alt=\"Project page3\" srcset=\"https:\/\/laverdeoveja.com\/wp-content\/uploads\/2021\/06\/Project-page3-scaled.jpg 2560w, https:\/\/laverdeoveja.com\/wp-content\/uploads\/2021\/06\/Project-page3-scaled-600x400.jpg 600w, https:\/\/laverdeoveja.com\/wp-content\/uploads\/2021\/06\/Project-page3-1024x683-300x200.jpg 300w, https:\/\/laverdeoveja.com\/wp-content\/uploads\/2021\/06\/Project-page3-1024x683.jpg 1024w, https:\/\/laverdeoveja.com\/wp-content\/uploads\/2021\/06\/Project-page3-768x512.jpg 768w, https:\/\/laverdeoveja.com\/wp-content\/uploads\/2021\/06\/Project-page3-1536x1024.jpg 1536w, https:\/\/laverdeoveja.com\/wp-content\/uploads\/2021\/06\/Project-page3-2048x1365.jpg 2048w, https:\/\/laverdeoveja.com\/wp-content\/uploads\/2021\/06\/Project-page3-1024x683-299x200.jpg 299w\" sizes=\"auto, (max-width: 2560px) 100vw, 2560px\" \/><\/a>            <\/dt>\n                    <\/dl>\n            <dl class=\"gallery-item\">\n            <dt class=\"gallery-icon\">\n            <a data-title=\"\" title=\"\" href=\"https:\/\/laverdeoveja.com\/wp-content\/uploads\/2021\/06\/Project-LVO-employee-pics-scaled.jpg\" data-rel=\"tb_c2rh530\" class=\"themify_lightbox\"><img loading=\"lazy\" decoding=\"async\" width=\"2560\" height=\"1707\" src=\"https:\/\/laverdeoveja.com\/wp-content\/uploads\/2021\/06\/Project-LVO-employee-pics-scaled.jpg\" class=\"wp-post-image wp-image-7440\" title=\"Project LVO employee pics\" alt=\"Project LVO employee pics\" srcset=\"https:\/\/laverdeoveja.com\/wp-content\/uploads\/2021\/06\/Project-LVO-employee-pics-scaled.jpg 2560w, https:\/\/laverdeoveja.com\/wp-content\/uploads\/2021\/06\/Project-LVO-employee-pics-scaled-600x400.jpg 600w, https:\/\/laverdeoveja.com\/wp-content\/uploads\/2021\/06\/Project-LVO-employee-pics-1024x683-300x200.jpg 300w, https:\/\/laverdeoveja.com\/wp-content\/uploads\/2021\/06\/Project-LVO-employee-pics-1024x683.jpg 1024w, https:\/\/laverdeoveja.com\/wp-content\/uploads\/2021\/06\/Project-LVO-employee-pics-768x512.jpg 768w, https:\/\/laverdeoveja.com\/wp-content\/uploads\/2021\/06\/Project-LVO-employee-pics-1536x1024.jpg 1536w, https:\/\/laverdeoveja.com\/wp-content\/uploads\/2021\/06\/Project-LVO-employee-pics-2048x1365.jpg 2048w, https:\/\/laverdeoveja.com\/wp-content\/uploads\/2021\/06\/Project-LVO-employee-pics-1024x683-299x200.jpg 299w\" sizes=\"auto, (max-width: 2560px) 100vw, 2560px\" \/><\/a>            <\/dt>\n                    <\/dl>\n            <dl class=\"gallery-item\">\n            <dt class=\"gallery-icon\">\n            <a data-title=\"\" title=\"\" href=\"https:\/\/laverdeoveja.com\/wp-content\/uploads\/2021\/06\/Project-page1-scaled.jpg\" data-rel=\"tb_c2rh530\" class=\"themify_lightbox\"><img loading=\"lazy\" decoding=\"async\" width=\"2560\" height=\"1920\" src=\"https:\/\/laverdeoveja.com\/wp-content\/uploads\/2021\/06\/Project-page1-scaled.jpg\" class=\"wp-post-image wp-image-7375\" title=\"Project page1\" alt=\"Project page1\" srcset=\"https:\/\/laverdeoveja.com\/wp-content\/uploads\/2021\/06\/Project-page1-scaled.jpg 2560w, https:\/\/laverdeoveja.com\/wp-content\/uploads\/2021\/06\/Project-page1-scaled-600x450.jpg 600w, https:\/\/laverdeoveja.com\/wp-content\/uploads\/2021\/06\/Project-page1-300x225.jpg 300w, https:\/\/laverdeoveja.com\/wp-content\/uploads\/2021\/06\/Project-page1-1024x768.jpg 1024w, https:\/\/laverdeoveja.com\/wp-content\/uploads\/2021\/06\/Project-page1-768x576.jpg 768w, https:\/\/laverdeoveja.com\/wp-content\/uploads\/2021\/06\/Project-page1-1536x1152.jpg 1536w, https:\/\/laverdeoveja.com\/wp-content\/uploads\/2021\/06\/Project-page1-2048x1536.jpg 2048w, https:\/\/laverdeoveja.com\/wp-content\/uploads\/2021\/06\/Project-page1-1024x768-266x200.jpg 266w\" sizes=\"auto, (max-width: 2560px) 100vw, 2560px\" \/><\/a>            <\/dt>\n                    <\/dl>\n            <dl class=\"gallery-item\">\n            <dt class=\"gallery-icon\">\n            <a data-title=\"\" title=\"\" href=\"https:\/\/laverdeoveja.com\/wp-content\/uploads\/2021\/06\/Project-Page2-scaled.jpg\" data-rel=\"tb_c2rh530\" class=\"themify_lightbox\"><img loading=\"lazy\" decoding=\"async\" width=\"2560\" height=\"1707\" src=\"https:\/\/laverdeoveja.com\/wp-content\/uploads\/2021\/06\/Project-Page2-scaled.jpg\" class=\"wp-post-image wp-image-7376\" title=\"Project Page2\" alt=\"Project Page2\" srcset=\"https:\/\/laverdeoveja.com\/wp-content\/uploads\/2021\/06\/Project-Page2-scaled.jpg 2560w, https:\/\/laverdeoveja.com\/wp-content\/uploads\/2021\/06\/Project-Page2-scaled-600x400.jpg 600w, https:\/\/laverdeoveja.com\/wp-content\/uploads\/2021\/06\/Project-Page2-1024x683-300x200.jpg 300w, https:\/\/laverdeoveja.com\/wp-content\/uploads\/2021\/06\/Project-Page2-1024x683.jpg 1024w, https:\/\/laverdeoveja.com\/wp-content\/uploads\/2021\/06\/Project-Page2-768x512.jpg 768w, https:\/\/laverdeoveja.com\/wp-content\/uploads\/2021\/06\/Project-Page2-1536x1024.jpg 1536w, https:\/\/laverdeoveja.com\/wp-content\/uploads\/2021\/06\/Project-Page2-2048x1365.jpg 2048w, https:\/\/laverdeoveja.com\/wp-content\/uploads\/2021\/06\/Project-Page2-1024x683-299x200.jpg 299w\" sizes=\"auto, (max-width: 2560px) 100vw, 2560px\" \/><\/a>            <\/dt>\n                    <\/dl>\n    <\/div>\n<\/div>\n<!-- \/module gallery -->        <\/div>\n                    <div  data-lazy=\"1\" class=\"module_column tb-column col3-2 tb_s2gl645 last\">\n                    <!-- module text -->\n<div  class=\"module module-text tb_covf741   \" data-lazy=\"1\">\n        <div  class=\"tb_text_wrap\">\n        <p><strong><b>Cuando compra productos LVO, est\u00e1 contribuyendo a la prosperidad de una comunidad ind\u00edgena andina local.<\/b><\/strong><\/p>\n<p> <\/p>\n<p><strong><b>En LVO apoyamos a nuestra comunidad local brindando oportunidades justas de empleo, educaci\u00f3n, capacitaci\u00f3n, ingresos y financiamiento para proyectos comunitarios. Cuando compras nuestros productos, te conviertes en parte de su prosperidad.<\/b>.<\/strong><\/p>    <\/div>\n<\/div>\n<!-- \/module text --><!-- module text -->\n<div  class=\"module module-text tb_tgdj190   \" data-lazy=\"1\">\n        <div  class=\"tb_text_wrap\">\n        <p><strong><strong>Empleos:<\/strong><\/strong> Los empleados de LVO son todos miembros de nuestra comunidad. Al proporcionar empleos a los lugare\u00f1os, nuestra comunidad se siente empoderada y con la esperanza de que puedan mejorar sus vidas. A medida que LVO siga creciendo, continuaremos brindando valiosas oportunidades de empleo local. Nuestro objetivo es proporcionar a nuestra comunidad un oficio hom\u00f3nimo y habilidades en la producci\u00f3n de ovejas. \u00a1Nuestros empleados de LVO son personas tremendamente trabajadoras con una actitud maravillosamente positiva!<\/p>\n<p><strong><strong>Educaci\u00f3n y capacitaci\u00f3n<\/strong><\/strong> : brindamos un entorno educativo donde nuestros empleados pueden aprender habilidades valiosas y practicar t\u00e9cnicas agr\u00edcolas (manejo y bienestar animal, nutrici\u00f3n, alojamiento, capacitaci\u00f3n y atenci\u00f3n veterinaria), apreciar los beneficios de las ovejas como animales de producci\u00f3n (leche, lana, carne y otros productos) y m\u00e9todos comerciales (ventas y gesti\u00f3n). Nuestra comunidad demuestra mentes y corazones abiertos para aprender m\u00e1s sobre el cuidado de sus animales.<\/p>\n<p><strong><strong>Proyectos comunitarios<\/strong><\/strong>: Todos los ingresos de la venta de nuestros productos se destinan a proyectos impactantes en nuestra comunidad local; estos incluyen el desarrollo de un sistema de agua potable para la comunidad y las familias, programas educativos para los ni\u00f1os, la compra de ganado (ovejas) para los agricultores locales y la donaci\u00f3n del uso de carneros de alta calidad para la cr\u00eda a fin de mejorar la calidad gen\u00e9tica. Los miembros de nuestra comunidad se asocian muy bien con LVO para planificar estos proyectos y contribuir en todos los niveles para que avancen.<\/p>    <\/div>\n<\/div>\n<!-- \/module text -->        <\/div>\n                        <\/div>\n        <\/div>\n                        <div  data-css_id=\"dr79153\" data-lazy=\"1\" class=\"module_row themify_builder_row fullwidth tb_dr79153 tf_w\">\n                        <div class=\"row_inner col_align_top tb_col_count_1 tf_box tf_rel\">\n                        <div  data-lazy=\"1\" class=\"module_column tb-column col-full tb_2ntt154 first\">\n                    <!-- module template_part -->\n<div  class=\"module module-layout-part tb_e0rf162 \">\n    <div class=\"tb_layout_part_wrap tf_w\"><!--themify_builder_content-->\n    <div  class=\"themify_builder_content themify_builder_content-2651 themify_builder not_editable_builder in_the_loop\" data-postid=\"2651\">\n                        <div  data-css_id=\"pvsj598\" data-lazy=\"1\" class=\"module_row themify_builder_row fullwidth tb_pvsj598 tf_w\">\n                        <div class=\"row_inner col_align_middle gutter-none tb_col_count_3 tf_box tf_rel\">\n                        <div  data-lazy=\"1\" class=\"module_column tb-column col3-1 tb_6411598 first\">\n                    <!-- module text -->\n<div  class=\"module module-text tb_0hdx19   \" data-lazy=\"1\">\n        <div  class=\"tb_text_wrap\">\n        <p><a href=\"https:\/\/wa.me\/message\/JJ5ILE5UL7N5B1?src=qr\" target=\"_blank\" rel=\"noopener\">+593 98 028 6323<\/a><br>Cotacachi, Ecuador 100350<\/p>    <\/div>\n<\/div>\n<!-- \/module text -->        <\/div>\n                    <div  data-lazy=\"1\" class=\"module_column tb-column col3-1 tb_gdc7128\">\n                    <!-- module icon -->\n<div  class=\"module module-icon tb_w64b23   none icon_horizontal tf_textc\" data-lazy=\"1\">\n\t\t\t<div class=\"module-icon-item\">\n\t\t\t\t\t\t\t<a href=\"https:\/\/www.facebook.com\/laverdeoveja\/\" rel=\"noopener\" target=\"_blank\">\n\t\t\t\t\t\t\t\t\t\t\t\t\t\t\t\t\t<em class=\"tf_box\"\n\t\t\t\t\t\t\t\t\t\t\t\t\t\t\t\t\t><svg  class=\"tf_fa tf-ti-facebook\" xmlns:xlink=\"http:\/\/www.w3.org\/1999\/xlink\" aria-hidden=\"true\"><use href=\"#tf-ti-facebook\" xlink:href=\"#tf-ti-facebook\"><\/use><\/svg><\/em>\n\t\t\t\t\t\t\t\t\t\t\t\t\t\t\t\t<\/a>\n\t\t\t\t\t<\/div>\n\t\t\t<div class=\"module-icon-item\">\n\t\t\t\t\t\t\t<a href=\"https:\/\/api.whatsapp.com\/message\/JJ5ILE5UL7N5B1\" rel=\"noopener\" target=\"_blank\">\n\t\t\t\t\t\t\t\t\t\t\t\t\t\t\t\t\t<em class=\"tf_box\"\n\t\t\t\t\t\t\t\t\t\t\t\t\t\t\t\t\t><svg  class=\"tf_fa tf-fab-whatsapp\" xmlns:xlink=\"http:\/\/www.w3.org\/1999\/xlink\" aria-hidden=\"true\"><use href=\"#tf-fab-whatsapp\" xlink:href=\"#tf-fab-whatsapp\"><\/use><\/svg><\/em>\n\t\t\t\t\t\t\t\t\t\t\t\t\t\t\t\t<\/a>\n\t\t\t\t\t<\/div>\n\t\t\t<div class=\"module-icon-item\">\n\t\t\t\t\t\t\t<a href=\"mailto:info@laverdeoveja.com\" rel=\"noopener\" target=\"_blank\">\n\t\t\t\t\t\t\t\t\t\t\t\t\t\t\t\t\t<em class=\"tf_box\"\n\t\t\t\t\t\t\t\t\t\t\t\t\t\t\t\t\t><svg  class=\"tf_fa tf-ti-email\" xmlns:xlink=\"http:\/\/www.w3.org\/1999\/xlink\" aria-hidden=\"true\"><use href=\"#tf-ti-email\" xlink:href=\"#tf-ti-email\"><\/use><\/svg><\/em>\n\t\t\t\t\t\t\t\t\t\t\t\t\t\t\t\t<\/a>\n\t\t\t\t\t<\/div>\n\t\t\t<div class=\"module-icon-item\">\n\t\t\t\t\t\t\t<a href=\"https:\/\/instagram.com\/laverde.oveja\" rel=\"noopener\" target=\"_blank\">\n\t\t\t\t\t\t\t\t\t\t\t\t\t\t\t\t\t<em class=\"tf_box\"\n\t\t\t\t\t\t\t\t\t\t\t\t\t\t\t\t\t><svg  class=\"tf_fa tf-ti-instagram\" xmlns:xlink=\"http:\/\/www.w3.org\/1999\/xlink\" aria-hidden=\"true\"><use href=\"#tf-ti-instagram\" xlink:href=\"#tf-ti-instagram\"><\/use><\/svg><\/em>\n\t\t\t\t\t\t\t\t\t\t\t\t\t\t\t\t<\/a>\n\t\t\t\t\t<\/div>\n\t<\/div>\n<!-- \/module icon -->\n        <\/div>\n                    <div  data-lazy=\"1\" class=\"module_column tb-column col3-1 tb_6ptl630 last\">\n                    <!-- module text -->\n<div  class=\"module module-text tb_4yaa503   \" data-lazy=\"1\">\n        <div  class=\"tb_text_wrap\">\n        <p><a href=\"https:\/\/laverdeoveja.com\/privacy-policy\/\" target=\"_blank\" rel=\"noopener\">Privacy Policy<\/a><\/p>\n<p><a href=\"https:\/\/laverdeoveja.com\/terms-and-conditions\/\" target=\"_blank\" rel=\"noopener\">Terms and Conditions<\/a><\/p>    <\/div>\n<\/div>\n<!-- \/module text -->        <\/div>\n                        <\/div>\n        <\/div>\n                        <div  data-css_id=\"pmwp18\" data-lazy=\"1\" class=\"module_row themify_builder_row fullwidth tb_pmwp18 tf_w\">\n                        <div class=\"row_inner col_align_top tb_col_count_5 tf_box tf_rel\">\n                        <div  data-lazy=\"1\" class=\"module_column tb-column col5-1 tb_3nul19 first\">\n                            <\/div>\n                    <div  data-lazy=\"1\" class=\"module_column tb-column col5-1 tb_o5tw20\">\n                            <\/div>\n                    <div  data-lazy=\"1\" class=\"module_column tb-column col5-1 tb_ltwg21\">\n                            <\/div>\n                    <div  data-lazy=\"1\" class=\"module_column tb-column col5-1 tb_q01m22\">\n                            <\/div>\n                    <div  data-lazy=\"1\" class=\"module_column tb-column col5-1 tb_9z9823 last\">\n                            <\/div>\n                        <\/div>\n        <\/div>\n                        <div  data-css_id=\"yumf18\" data-lazy=\"1\" class=\"module_row themify_builder_row fullwidth tb_yumf18 tf_w\">\n                        <div class=\"row_inner col_align_top tb_col_count_1 tf_box tf_rel\">\n                        <div  data-lazy=\"1\" class=\"module_column tb-column col-full tb_gabh25 first\">\n                    <!-- module text -->\n<div  class=\"module module-text tb_klni25 copy-right-text  \" data-lazy=\"1\">\n        <div  class=\"tb_text_wrap\">\n        <p>Copyright \u00a9 2021 Verde Oveja. All Rights Reserved. Created by <a href=\"https:\/\/www.wowsuccessteam.com\/\" target=\"_blank\" rel=\"noopener\">WOWSuccessTeam LLC<\/a>. Graphic Design by Betsy Gold. Photos by Mary Hellman.<\/p>\n    <\/div>\n<\/div>\n<!-- \/module text -->        <\/div>\n                        <\/div>\n        <\/div>\n            <\/div>\n<!--\/themify_builder_content--><\/div>\n<\/div>\n<!-- \/module template_part -->        <\/div>\n                        <\/div>\n        <\/div>\n        <\/div>\n<!--\/themify_builder_content-->","protected":false},"excerpt":{"rendered":"<p>What is the Verde Oveja Project? When you purchase LVO products,\u00a0you are contributing to the prosperity of a local Andean indigenous community. \u00a0 At LVO we support our local community by providing fair opportunities for jobs,\u00a0education, training, income, and funding towards community projects.\u00a0When you purchase our products, you become part of their prosperity. Jobs:\u00a0\u00a0LVO employees [&hellip;]<\/p>\n","protected":false},"author":1,"featured_media":0,"parent":0,"menu_order":0,"comment_status":"closed","ping_status":"closed","template":"","meta":{"content-type":"","footnotes":""},"class_list":["post-7251","page","type-page","status-publish","hentry","has-post-title","has-post-date","has-post-category","has-post-tag","has-post-comment","has-post-author",""],"jetpack_sharing_enabled":true,"builder_content":"<p>Que es el proyecto Verde Oveja?<\/p>\n<p><strong><b>Cuando compra productos LVO, est\u00e1 contribuyendo a la prosperidad de una comunidad ind\u00edgena andina local.<\/b><\/strong><\/p> <p> <\/p> <p><strong><b>En LVO apoyamos a nuestra comunidad local brindando oportunidades justas de empleo, educaci\u00f3n, capacitaci\u00f3n, ingresos y financiamiento para proyectos comunitarios. Cuando compras nuestros productos, te conviertes en parte de su prosperidad.<\/b>.<\/strong><\/p>\n<p><strong><strong>Empleos:<\/strong><\/strong> Los empleados de LVO son todos miembros de nuestra comunidad. Al proporcionar empleos a los lugare\u00f1os, nuestra comunidad se siente empoderada y con la esperanza de que puedan mejorar sus vidas. A medida que LVO siga creciendo, continuaremos brindando valiosas oportunidades de empleo local. Nuestro objetivo es proporcionar a nuestra comunidad un oficio hom\u00f3nimo y habilidades en la producci\u00f3n de ovejas. \u00a1Nuestros empleados de LVO son personas tremendamente trabajadoras con una actitud maravillosamente positiva!<\/p> <p><strong><strong>Educaci\u00f3n y capacitaci\u00f3n<\/strong><\/strong> : brindamos un entorno educativo donde nuestros empleados pueden aprender habilidades valiosas y practicar t\u00e9cnicas agr\u00edcolas (manejo y bienestar animal, nutrici\u00f3n, alojamiento, capacitaci\u00f3n y atenci\u00f3n veterinaria), apreciar los beneficios de las ovejas como animales de producci\u00f3n (leche, lana, carne y otros productos) y m\u00e9todos comerciales (ventas y gesti\u00f3n). Nuestra comunidad demuestra mentes y corazones abiertos para aprender m\u00e1s sobre el cuidado de sus animales.<\/p> <p><strong><strong>Proyectos comunitarios<\/strong><\/strong>: Todos los ingresos de la venta de nuestros productos se destinan a proyectos impactantes en nuestra comunidad local; estos incluyen el desarrollo de un sistema de agua potable para la comunidad y las familias, programas educativos para los ni\u00f1os, la compra de ganado (ovejas) para los agricultores locales y la donaci\u00f3n del uso de carneros de alta calidad para la cr\u00eda a fin de mejorar la calidad gen\u00e9tica. Los miembros de nuestra comunidad se asocian muy bien con LVO para planificar estos proyectos y contribuir en todos los niveles para que avancen.<\/p>\n[gallery ids=\"3015,3403,3013,3014\"]","_links":{"self":[{"href":"https:\/\/laverdeoveja.com\/es\/wp-json\/wp\/v2\/pages\/7251","targetHints":{"allow":["GET"]}}],"collection":[{"href":"https:\/\/laverdeoveja.com\/es\/wp-json\/wp\/v2\/pages"}],"about":[{"href":"https:\/\/laverdeoveja.com\/es\/wp-json\/wp\/v2\/types\/page"}],"author":[{"embeddable":true,"href":"https:\/\/laverdeoveja.com\/es\/wp-json\/wp\/v2\/users\/1"}],"replies":[{"embeddable":true,"href":"https:\/\/laverdeoveja.com\/es\/wp-json\/wp\/v2\/comments?post=7251"}],"version-history":[{"count":3,"href":"https:\/\/laverdeoveja.com\/es\/wp-json\/wp\/v2\/pages\/7251\/revisions"}],"predecessor-version":[{"id":9168,"href":"https:\/\/laverdeoveja.com\/es\/wp-json\/wp\/v2\/pages\/7251\/revisions\/9168"}],"wp:attachment":[{"href":"https:\/\/laverdeoveja.com\/es\/wp-json\/wp\/v2\/media?parent=7251"}],"curies":[{"name":"wp","href":"https:\/\/api.w.org\/{rel}","templated":true}]}}