{"id":7641,"date":"2021-06-19T12:42:44","date_gmt":"2021-06-19T17:42:44","guid":{"rendered":"https:\/\/laverdeoveja.com\/preguntas-frecuentes\/"},"modified":"2022-02-05T13:07:04","modified_gmt":"2022-02-05T18:07:04","slug":"preguntas-frecuentes","status":"publish","type":"page","link":"https:\/\/laverdeoveja.com\/es\/preguntas-frecuentes\/","title":{"rendered":"Preguntas frecuentes"},"content":{"rendered":"<!--themify_builder_content-->\n<div id=\"themify_builder_content-7641\" data-postid=\"7641\" class=\"themify_builder_content themify_builder_content-7641 themify_builder tf_clear\">\n                    <div  data-css_id=\"yn2v166\" data-lazy=\"1\" class=\"module_row themify_builder_row fullwidth tb_yn2v166 tb_first tf_w\">\n                        <div class=\"row_inner col_align_top tb_col_count_1 tf_box tf_rel\">\n                        <div  data-lazy=\"1\" class=\"module_column tb-column col-full tb_x6wb166 first\">\n                    <!-- module text -->\n<div  class=\"module module-text tb_2b8m166   \" data-lazy=\"1\">\n        <div  class=\"tb_text_wrap\">\n        <p>Preguntas frecuentes<\/p>    <\/div>\n<\/div>\n<!-- \/module text -->        <\/div>\n                        <\/div>\n        <\/div>\n                        <div  data-css_id=\"fybm586\" data-lazy=\"1\" class=\"module_row themify_builder_row fullwidth tb_fybm586 tf_w\">\n                        <div class=\"row_inner col_auto_height col_align_top tb_col_count_2 tf_box tf_rel\">\n                        <div  data-lazy=\"1\" class=\"module_column tb-column col3-1 tb_7qgk589 first\">\n                    <!-- module image -->\n<div  class=\"module module-image tb_mz2l918 image-top   tf_mw\" data-lazy=\"1\">\n        <div class=\"image-wrap tf_rel tf_mw\">\n            <a href=\"https:\/\/laverdeoveja.com\/shop\/\" rel=\"noopener\" target=\"_blank\">\n                   <img loading=\"lazy\" decoding=\"async\" width=\"768\" height=\"1024\" src=\"https:\/\/laverdeoveja.com\/wp-content\/uploads\/2021\/05\/C49402BA-6CA1-4A99-B704-073960DACA9F_1_105_c.jpeg\" class=\"wp-post-image wp-image-7271\" title=\"C49402BA-6CA1-4A99-B704-073960DACA9F_1_105_c\" alt=\"C49402BA-6CA1-4A99-B704-073960DACA9F_1_105_c\" srcset=\"https:\/\/laverdeoveja.com\/wp-content\/uploads\/2021\/05\/C49402BA-6CA1-4A99-B704-073960DACA9F_1_105_c.jpeg 768w, https:\/\/laverdeoveja.com\/wp-content\/uploads\/2021\/05\/C49402BA-6CA1-4A99-B704-073960DACA9F_1_105_c-600x800.jpeg 600w, https:\/\/laverdeoveja.com\/wp-content\/uploads\/2021\/05\/C49402BA-6CA1-4A99-B704-073960DACA9F_1_105_c-225x300.jpeg 225w, https:\/\/laverdeoveja.com\/wp-content\/uploads\/2021\/05\/C49402BA-6CA1-4A99-B704-073960DACA9F_1_105_c-150x200.jpeg 150w\" sizes=\"auto, (max-width: 768px) 100vw, 768px\" \/>        <\/a>\n    \n        <\/div>\n    <!-- \/image-wrap -->\n    \n        <\/div>\n<!-- \/module image -->        <\/div>\n                    <div  data-lazy=\"1\" class=\"module_column tb-column col3-2 tb_yznh590 last\">\n                    <!-- module accordion -->\n<div  class=\"module module-accordion tb_uief529 \" data-behavior=\"accordion\" data-lazy=\"1\">\n    \n    <ul class=\"ui module-accordion   transparent\">\n            <li>\n            <div class=\"accordion-title tf_rel\">\n                <a href=\"#acc-uief529-0\" class=\"tb_title_accordion\" aria-controls=\"acc-uief529-0-content\" aria-expanded=\"false\">\n                    <i class=\"accordion-icon\"><svg  class=\"tf_fa tf-ti-angle-up\" xmlns:xlink=\"http:\/\/www.w3.org\/1999\/xlink\" aria-hidden=\"true\"><use href=\"#tf-ti-angle-up\" xlink:href=\"#tf-ti-angle-up\"><\/use><\/svg><\/i>                    <i class=\"accordion-active-icon tf_hide\"><svg  class=\"tf_fa tf-ti-angle-down\" xmlns:xlink=\"http:\/\/www.w3.org\/1999\/xlink\" aria-hidden=\"true\"><use href=\"#tf-ti-angle-down\" xlink:href=\"#tf-ti-angle-down\"><\/use><\/svg><\/i>                    <span class=\"accordion-title-wrap\">\u00bfCu\u00e1nto tiempo enveje mi queso de oveja antes de recibirlo?<\/span>                <\/a>\n            <\/div><!-- .accordion-title -->\n            <div id=\"acc-uief529-0-content\" data-id=\"acc-uief529-0\" aria-hidden=\"true\" class=\"accordion-content tf_hide tf_clearfix\">\n                                    <div class=\"tb_text_wrap\">\n                        <p>Nuestros quesos de oveja madurados suaves se env\u00edan a los clientes en su punto m\u00e1ximo de madurez: alrededor de seis a ocho semanas de edad. \u00bfQu\u00e9 significa esto? Despu\u00e9s de que se hace el queso, la superficie comienza a formar una corteza suave y blanca. La textura comienza como semifirme y se suaviza a medida que envejece desde la corteza hacia adentro. \u00a1Entregamos cuando alcanza la textura perfecta!<\/p>\n<p>Nuestros quesos duros envejecer\u00e1n durante al menos dos meses antes de ser enviados. Este proceso asegura que su queso est\u00e9 completamente desarrollado y sabroso a su llegada.<\/p>\n<p>Nuestro Queso Fresco Untable es de estilo l\u00e1ctico y fresco, es decir, es un queso sin madurar. El queso madura y se escurre durante 48 horas, despu\u00e9s de lo cual se envasa r\u00e1pidamente y est\u00e1 listo para comer.<\/p>                    <\/div>\n                            <\/div><!-- .accordion-content -->\n        <\/li>\n            <li>\n            <div class=\"accordion-title tf_rel\">\n                <a href=\"#acc-uief529-1\" class=\"tb_title_accordion\" aria-controls=\"acc-uief529-1-content\" aria-expanded=\"false\">\n                    <i class=\"accordion-icon\"><svg  class=\"tf_fa tf-ti-angle-up\" xmlns:xlink=\"http:\/\/www.w3.org\/1999\/xlink\" aria-hidden=\"true\"><use href=\"#tf-ti-angle-up\" xlink:href=\"#tf-ti-angle-up\"><\/use><\/svg><\/i>                    <i class=\"accordion-active-icon tf_hide\"><svg  class=\"tf_fa tf-ti-angle-down\" xmlns:xlink=\"http:\/\/www.w3.org\/1999\/xlink\" aria-hidden=\"true\"><use href=\"#tf-ti-angle-down\" xlink:href=\"#tf-ti-angle-down\"><\/use><\/svg><\/i>                    <span class=\"accordion-title-wrap\">\u00bfCu\u00e1nto dura el queso de oveja?<\/span>                <\/a>\n            <\/div><!-- .accordion-title -->\n            <div id=\"acc-uief529-1-content\" data-id=\"acc-uief529-1\" aria-hidden=\"true\" class=\"accordion-content tf_hide tf_clearfix\">\n                                    <div class=\"tb_text_wrap\">\n                        <p>\u00a1Todos sus quesos est\u00e1n listos para comer tan pronto como los reciba! Recomendamos disfrutarlos dentro de las dos primeras semanas de apertura, especialmente nuestros quesos de maduraci\u00f3n suave, que seguir\u00e1n madurando durante toda su vida \u00fatil. Mant\u00e9ngalo en el refrigerador para preservar la frescura.<\/p>\n<p>Las cu\u00f1as de queso de leche de oveja de mezcla dura se deben comer dentro de las dos semanas posteriores al corte. Sin embargo, si ve algo de moho, es seguro rasparlo y comer el queso restante.<\/p>                    <\/div>\n                            <\/div><!-- .accordion-content -->\n        <\/li>\n            <li>\n            <div class=\"accordion-title tf_rel\">\n                <a href=\"#acc-uief529-2\" class=\"tb_title_accordion\" aria-controls=\"acc-uief529-2-content\" aria-expanded=\"false\">\n                    <i class=\"accordion-icon\"><svg  class=\"tf_fa tf-ti-angle-up\" xmlns:xlink=\"http:\/\/www.w3.org\/1999\/xlink\" aria-hidden=\"true\"><use href=\"#tf-ti-angle-up\" xlink:href=\"#tf-ti-angle-up\"><\/use><\/svg><\/i>                    <i class=\"accordion-active-icon tf_hide\"><svg  class=\"tf_fa tf-ti-angle-down\" xmlns:xlink=\"http:\/\/www.w3.org\/1999\/xlink\" aria-hidden=\"true\"><use href=\"#tf-ti-angle-down\" xlink:href=\"#tf-ti-angle-down\"><\/use><\/svg><\/i>                    <span class=\"accordion-title-wrap\">\u00bfC\u00f3mo debo preparar mi queso de oveja?<\/span>                <\/a>\n            <\/div><!-- .accordion-title -->\n            <div id=\"acc-uief529-2-content\" data-id=\"acc-uief529-2\" aria-hidden=\"true\" class=\"accordion-content tf_hide tf_clearfix\">\n                                    <div class=\"tb_text_wrap\">\n                        <p>Saque su queso del refrigerador aproximadamente una hora antes de que quiera comerlo, deje que alcance la temperatura ambiente antes de disfrutarlo.<\/p>\n<p>Cuando se trata de nuestros quesos frescos, si desea que sean mas suaves, s\u00e1quelos del refrigerador aproximadamente una hora antes de comerlos, deje que se calienten un poco antes de consumirlos. Si prefiere que su queso fresco se desmenuce, como para una tortilla o una ensalada, \u00a1util\u00edcelo directamente del refrigerador!<\/p>                    <\/div>\n                            <\/div><!-- .accordion-content -->\n        <\/li>\n            <li>\n            <div class=\"accordion-title tf_rel\">\n                <a href=\"#acc-uief529-3\" class=\"tb_title_accordion\" aria-controls=\"acc-uief529-3-content\" aria-expanded=\"false\">\n                    <i class=\"accordion-icon\"><svg  class=\"tf_fa tf-ti-angle-up\" xmlns:xlink=\"http:\/\/www.w3.org\/1999\/xlink\" aria-hidden=\"true\"><use href=\"#tf-ti-angle-up\" xlink:href=\"#tf-ti-angle-up\"><\/use><\/svg><\/i>                    <i class=\"accordion-active-icon tf_hide\"><svg  class=\"tf_fa tf-ti-angle-down\" xmlns:xlink=\"http:\/\/www.w3.org\/1999\/xlink\" aria-hidden=\"true\"><use href=\"#tf-ti-angle-down\" xlink:href=\"#tf-ti-angle-down\"><\/use><\/svg><\/i>                    <span class=\"accordion-title-wrap\">\u00bfSe puede comer la corteza del queso de oveja?<\/span>                <\/a>\n            <\/div><!-- .accordion-title -->\n            <div id=\"acc-uief529-3-content\" data-id=\"acc-uief529-3\" aria-hidden=\"true\" class=\"accordion-content tf_hide tf_clearfix\">\n                                    <div class=\"tb_text_wrap\">\n                        <p>\u00a1S\u00ed, las cortezas son seguras para comer! Si prefieres no comer la corteza, aseg\u00farate de comer la parte justo debajo, ah\u00ed es donde est\u00e1 la mayor parte del sabor.<\/p>                    <\/div>\n                            <\/div><!-- .accordion-content -->\n        <\/li>\n            <li>\n            <div class=\"accordion-title tf_rel\">\n                <a href=\"#acc-uief529-4\" class=\"tb_title_accordion\" aria-controls=\"acc-uief529-4-content\" aria-expanded=\"false\">\n                    <i class=\"accordion-icon\"><svg  class=\"tf_fa tf-ti-angle-up\" xmlns:xlink=\"http:\/\/www.w3.org\/1999\/xlink\" aria-hidden=\"true\"><use href=\"#tf-ti-angle-up\" xlink:href=\"#tf-ti-angle-up\"><\/use><\/svg><\/i>                    <i class=\"accordion-active-icon tf_hide\"><svg  class=\"tf_fa tf-ti-angle-down\" xmlns:xlink=\"http:\/\/www.w3.org\/1999\/xlink\" aria-hidden=\"true\"><use href=\"#tf-ti-angle-down\" xlink:href=\"#tf-ti-angle-down\"><\/use><\/svg><\/i>                    <span class=\"accordion-title-wrap\">\u00bfSe puede congelar el queso de oveja?<\/span>                <\/a>\n            <\/div><!-- .accordion-title -->\n            <div id=\"acc-uief529-4-content\" data-id=\"acc-uief529-4\" aria-hidden=\"true\" class=\"accordion-content tf_hide tf_clearfix\">\n                                    <div class=\"tb_text_wrap\">\n                        <p>Si bien es <i>posible,<\/i> no recomendamos congelar el queso para conservarlo. Puede da\u00f1ar la textura y el sabor del queso.<\/p>                    <\/div>\n                            <\/div><!-- .accordion-content -->\n        <\/li>\n            <li>\n            <div class=\"accordion-title tf_rel\">\n                <a href=\"#acc-uief529-5\" class=\"tb_title_accordion\" aria-controls=\"acc-uief529-5-content\" aria-expanded=\"false\">\n                    <i class=\"accordion-icon\"><svg  class=\"tf_fa tf-ti-angle-up\" xmlns:xlink=\"http:\/\/www.w3.org\/1999\/xlink\" aria-hidden=\"true\"><use href=\"#tf-ti-angle-up\" xlink:href=\"#tf-ti-angle-up\"><\/use><\/svg><\/i>                    <i class=\"accordion-active-icon tf_hide\"><svg  class=\"tf_fa tf-ti-angle-down\" xmlns:xlink=\"http:\/\/www.w3.org\/1999\/xlink\" aria-hidden=\"true\"><use href=\"#tf-ti-angle-down\" xlink:href=\"#tf-ti-angle-down\"><\/use><\/svg><\/i>                    <span class=\"accordion-title-wrap\">\u00bfEs seguro comer \u201cqueso apestoso\u201d?<\/span>                <\/a>\n            <\/div><!-- .accordion-title -->\n            <div id=\"acc-uief529-5-content\" data-id=\"acc-uief529-5\" aria-hidden=\"true\" class=\"accordion-content tf_hide tf_clearfix\">\n                                    <div class=\"tb_text_wrap\">\n                        <p>\u00a1No temas! Es normal que los quesos se vuelvan arom\u00e1ticos a medida que maduran. Cuando reciba por primera vez cualquiera de nuestros quesos floreados o de corteza lavada y los corte, d\u00e9jelos reposar fuera del envoltorio durante unos 30 minutos hasta que alcancen la temperatura ambiente. Estos quesos liberar\u00e1n algunos de esos olores en el proceso.<\/p>\n<p>\u00a1Los quesos arom\u00e1ticos est\u00e1n entre nuestros favoritos! Una vez que pasa por la nariz y entra en la boca, se encontrar\u00e1 con una maravillosa sorpresa y sabores complejos.<\/p>                    <\/div>\n                            <\/div><!-- .accordion-content -->\n        <\/li>\n            <li>\n            <div class=\"accordion-title tf_rel\">\n                <a href=\"#acc-uief529-6\" class=\"tb_title_accordion\" aria-controls=\"acc-uief529-6-content\" aria-expanded=\"false\">\n                    <i class=\"accordion-icon\"><svg  class=\"tf_fa tf-ti-angle-up\" xmlns:xlink=\"http:\/\/www.w3.org\/1999\/xlink\" aria-hidden=\"true\"><use href=\"#tf-ti-angle-up\" xlink:href=\"#tf-ti-angle-up\"><\/use><\/svg><\/i>                    <i class=\"accordion-active-icon tf_hide\"><svg  class=\"tf_fa tf-ti-angle-down\" xmlns:xlink=\"http:\/\/www.w3.org\/1999\/xlink\" aria-hidden=\"true\"><use href=\"#tf-ti-angle-down\" xlink:href=\"#tf-ti-angle-down\"><\/use><\/svg><\/i>                    <span class=\"accordion-title-wrap\">\u00bfOfrecen devoluciones si mi pedido se pierde o se da\u00f1a?<\/span>                <\/a>\n            <\/div><!-- .accordion-title -->\n            <div id=\"acc-uief529-6-content\" data-id=\"acc-uief529-6\" aria-hidden=\"true\" class=\"accordion-content tf_hide tf_clearfix\">\n                                    <div class=\"tb_text_wrap\">\n                        <p>No se preocupe por la devoluci\u00f3n de un producto perdido o da\u00f1ado: \u00a1reemplazaremos absolutamente su pedido si llega da\u00f1ado o se pierde!<\/p>                    <\/div>\n                            <\/div><!-- .accordion-content -->\n        <\/li>\n        <\/ul>\n\n<\/div><!-- \/module accordion --><!-- module buttons -->\n<div  class=\"module module-buttons tb_iie441 buttons-horizontal solid  rounded\" data-lazy=\"1\">\n        <div class=\"module-buttons-item tf_in_flx\">\n                        <a href=\"https:\/\/laverdeoveja.com\/shop\/\" class=\"ui builder_button tf_in_flx transparent\" target=\"_blank\" rel=\"noopener\">\n                                                \u00bfListo para comprar?                                        <\/a>\n                <\/div>\n            <\/div>\n<!-- \/module buttons -->\n        <\/div>\n                        <\/div>\n        <\/div>\n                        <div  data-css_id=\"xjgx586\" data-lazy=\"1\" class=\"module_row themify_builder_row fullwidth tb_xjgx586 tf_w\">\n                        <div class=\"row_inner col_align_top tb_col_count_1 tf_box tf_rel\">\n                        <div  data-lazy=\"1\" class=\"module_column tb-column col-full tb_5kla591 first\">\n                    <!-- module template_part -->\n<div  class=\"module module-layout-part tb_odsk591 \">\n    <div class=\"tb_layout_part_wrap tf_w\"><!--themify_builder_content-->\n    <div  class=\"themify_builder_content themify_builder_content-2651 themify_builder not_editable_builder in_the_loop\" data-postid=\"2651\">\n                        <div  data-css_id=\"pvsj598\" data-lazy=\"1\" class=\"module_row themify_builder_row fullwidth tb_pvsj598 tf_w\">\n                        <div class=\"row_inner col_align_middle gutter-none tb_col_count_3 tf_box tf_rel\">\n                        <div  data-lazy=\"1\" class=\"module_column tb-column col3-1 tb_6411598 first\">\n                    <!-- module text -->\n<div  class=\"module module-text tb_0hdx19   \" data-lazy=\"1\">\n        <div  class=\"tb_text_wrap\">\n        <p><a href=\"https:\/\/wa.me\/message\/JJ5ILE5UL7N5B1?src=qr\" target=\"_blank\" rel=\"noopener\">+593 98 028 6323<\/a><br>Cotacachi, Ecuador 100350<\/p>    <\/div>\n<\/div>\n<!-- \/module text -->        <\/div>\n                    <div  data-lazy=\"1\" class=\"module_column tb-column col3-1 tb_gdc7128\">\n                    <!-- module icon -->\n<div  class=\"module module-icon tb_w64b23   none icon_horizontal tf_textc\" data-lazy=\"1\">\n\t\t\t<div class=\"module-icon-item\">\n\t\t\t\t\t\t\t<a href=\"https:\/\/www.facebook.com\/laverdeoveja\/\" rel=\"noopener\" target=\"_blank\">\n\t\t\t\t\t\t\t\t\t\t\t\t\t\t\t\t\t<em class=\"tf_box\"\n\t\t\t\t\t\t\t\t\t\t\t\t\t\t\t\t\t><svg  class=\"tf_fa tf-ti-facebook\" xmlns:xlink=\"http:\/\/www.w3.org\/1999\/xlink\" aria-hidden=\"true\"><use href=\"#tf-ti-facebook\" xlink:href=\"#tf-ti-facebook\"><\/use><\/svg><\/em>\n\t\t\t\t\t\t\t\t\t\t\t\t\t\t\t\t<\/a>\n\t\t\t\t\t<\/div>\n\t\t\t<div class=\"module-icon-item\">\n\t\t\t\t\t\t\t<a href=\"https:\/\/api.whatsapp.com\/message\/JJ5ILE5UL7N5B1\" rel=\"noopener\" target=\"_blank\">\n\t\t\t\t\t\t\t\t\t\t\t\t\t\t\t\t\t<em class=\"tf_box\"\n\t\t\t\t\t\t\t\t\t\t\t\t\t\t\t\t\t><svg  class=\"tf_fa tf-fab-whatsapp\" xmlns:xlink=\"http:\/\/www.w3.org\/1999\/xlink\" aria-hidden=\"true\"><use href=\"#tf-fab-whatsapp\" xlink:href=\"#tf-fab-whatsapp\"><\/use><\/svg><\/em>\n\t\t\t\t\t\t\t\t\t\t\t\t\t\t\t\t<\/a>\n\t\t\t\t\t<\/div>\n\t\t\t<div class=\"module-icon-item\">\n\t\t\t\t\t\t\t<a href=\"mailto:info@laverdeoveja.com\" rel=\"noopener\" target=\"_blank\">\n\t\t\t\t\t\t\t\t\t\t\t\t\t\t\t\t\t<em class=\"tf_box\"\n\t\t\t\t\t\t\t\t\t\t\t\t\t\t\t\t\t><svg  class=\"tf_fa tf-ti-email\" xmlns:xlink=\"http:\/\/www.w3.org\/1999\/xlink\" aria-hidden=\"true\"><use href=\"#tf-ti-email\" xlink:href=\"#tf-ti-email\"><\/use><\/svg><\/em>\n\t\t\t\t\t\t\t\t\t\t\t\t\t\t\t\t<\/a>\n\t\t\t\t\t<\/div>\n\t\t\t<div class=\"module-icon-item\">\n\t\t\t\t\t\t\t<a href=\"https:\/\/instagram.com\/laverde.oveja\" rel=\"noopener\" target=\"_blank\">\n\t\t\t\t\t\t\t\t\t\t\t\t\t\t\t\t\t<em class=\"tf_box\"\n\t\t\t\t\t\t\t\t\t\t\t\t\t\t\t\t\t><svg  class=\"tf_fa tf-ti-instagram\" xmlns:xlink=\"http:\/\/www.w3.org\/1999\/xlink\" aria-hidden=\"true\"><use href=\"#tf-ti-instagram\" xlink:href=\"#tf-ti-instagram\"><\/use><\/svg><\/em>\n\t\t\t\t\t\t\t\t\t\t\t\t\t\t\t\t<\/a>\n\t\t\t\t\t<\/div>\n\t<\/div>\n<!-- \/module icon -->\n        <\/div>\n                    <div  data-lazy=\"1\" class=\"module_column tb-column col3-1 tb_6ptl630 last\">\n                    <!-- module text -->\n<div  class=\"module module-text tb_4yaa503   \" data-lazy=\"1\">\n        <div  class=\"tb_text_wrap\">\n        <p><a href=\"https:\/\/laverdeoveja.com\/privacy-policy\/\" target=\"_blank\" rel=\"noopener\">Privacy Policy<\/a><\/p>\n<p><a href=\"https:\/\/laverdeoveja.com\/terms-and-conditions\/\" target=\"_blank\" rel=\"noopener\">Terms and Conditions<\/a><\/p>    <\/div>\n<\/div>\n<!-- \/module text -->        <\/div>\n                        <\/div>\n        <\/div>\n                        <div  data-css_id=\"pmwp18\" data-lazy=\"1\" class=\"module_row themify_builder_row fullwidth tb_pmwp18 tf_w\">\n                        <div class=\"row_inner col_align_top tb_col_count_5 tf_box tf_rel\">\n                        <div  data-lazy=\"1\" class=\"module_column tb-column col5-1 tb_3nul19 first\">\n                            <\/div>\n                    <div  data-lazy=\"1\" class=\"module_column tb-column col5-1 tb_o5tw20\">\n                            <\/div>\n                    <div  data-lazy=\"1\" class=\"module_column tb-column col5-1 tb_ltwg21\">\n                            <\/div>\n                    <div  data-lazy=\"1\" class=\"module_column tb-column col5-1 tb_q01m22\">\n                            <\/div>\n                    <div  data-lazy=\"1\" class=\"module_column tb-column col5-1 tb_9z9823 last\">\n                            <\/div>\n                        <\/div>\n        <\/div>\n                        <div  data-css_id=\"yumf18\" data-lazy=\"1\" class=\"module_row themify_builder_row fullwidth tb_yumf18 tf_w\">\n                        <div class=\"row_inner col_align_top tb_col_count_1 tf_box tf_rel\">\n                        <div  data-lazy=\"1\" class=\"module_column tb-column col-full tb_gabh25 first\">\n                    <!-- module text -->\n<div  class=\"module module-text tb_klni25 copy-right-text  \" data-lazy=\"1\">\n        <div  class=\"tb_text_wrap\">\n        <p>Copyright \u00a9 2021 Verde Oveja. All Rights Reserved. Created by <a href=\"https:\/\/www.wowsuccessteam.com\/\" target=\"_blank\" rel=\"noopener\">WOWSuccessTeam LLC<\/a>. Graphic Design by Betsy Gold. Photos by Mary Hellman.<\/p>\n    <\/div>\n<\/div>\n<!-- \/module text -->        <\/div>\n                        <\/div>\n        <\/div>\n            <\/div>\n<!--\/themify_builder_content--><\/div>\n<\/div>\n<!-- \/module template_part -->        <\/div>\n                        <\/div>\n        <\/div>\n        <\/div>\n<!--\/themify_builder_content-->","protected":false},"excerpt":{"rendered":"<p>Frequently Asked Questions How long will my sheep cheese age before I receive it? Our soft ripened sheep cheeses are shipped to customers at their peak ripeness: about six to eight weeks of age. What does this mean? After the cheese is made, the surface begins to form a soft, white rind. The texture starts [&hellip;]<\/p>\n","protected":false},"author":1,"featured_media":0,"parent":0,"menu_order":0,"comment_status":"closed","ping_status":"closed","template":"","meta":{"content-type":"","footnotes":""},"class_list":["post-7641","page","type-page","status-publish","hentry","has-post-title","has-post-date","has-post-category","has-post-tag","has-post-comment","has-post-author",""],"jetpack_sharing_enabled":true,"builder_content":"<p>Preguntas frecuentes<\/p>\n<a href=\"https:\/\/laverdeoveja.com\/shop\/\" rel=\"noopener\" target=\"_blank\"> <img src=\"https:\/\/laverdeoveja.com\/wp-content\/uploads\/2021\/05\/C49402BA-6CA1-4A99-B704-073960DACA9F_1_105_c.jpeg\" title=\"C49402BA-6CA1-4A99-B704-073960DACA9F_1_105_c\" alt=\"C49402BA-6CA1-4A99-B704-073960DACA9F_1_105_c\" srcset=\"https:\/\/laverdeoveja.com\/wp-content\/uploads\/2021\/05\/C49402BA-6CA1-4A99-B704-073960DACA9F_1_105_c.jpeg 768w, https:\/\/laverdeoveja.com\/wp-content\/uploads\/2021\/05\/C49402BA-6CA1-4A99-B704-073960DACA9F_1_105_c-600x800.jpeg 600w, https:\/\/laverdeoveja.com\/wp-content\/uploads\/2021\/05\/C49402BA-6CA1-4A99-B704-073960DACA9F_1_105_c-225x300.jpeg 225w, https:\/\/laverdeoveja.com\/wp-content\/uploads\/2021\/05\/C49402BA-6CA1-4A99-B704-073960DACA9F_1_105_c-150x200.jpeg 150w\" sizes=\"(max-width: 768px) 100vw, 768px\" \/> <\/a>\n<ul><li><h4>\u00bfCu\u00e1nto tiempo enveje mi queso de oveja antes de recibirlo?<\/h4><p>Nuestros quesos de oveja madurados suaves se env\u00edan a los clientes en su punto m\u00e1ximo de madurez: alrededor de seis a ocho semanas de edad. \u00bfQu\u00e9 significa esto? Despu\u00e9s de que se hace el queso, la superficie comienza a formar una corteza suave y blanca. La textura comienza como semifirme y se suaviza a medida que envejece desde la corteza hacia adentro. \u00a1Entregamos cuando alcanza la textura perfecta!<\/p> <p>Nuestros quesos duros envejecer\u00e1n durante al menos dos meses antes de ser enviados. Este proceso asegura que su queso est\u00e9 completamente desarrollado y sabroso a su llegada.<\/p> <p>Nuestro Queso Fresco Untable es de estilo l\u00e1ctico y fresco, es decir, es un queso sin madurar. El queso madura y se escurre durante 48 horas, despu\u00e9s de lo cual se envasa r\u00e1pidamente y est\u00e1 listo para comer.<\/p><\/li><li><h4>\u00bfCu\u00e1nto dura el queso de oveja?<\/h4><p>\u00a1Todos sus quesos est\u00e1n listos para comer tan pronto como los reciba! Recomendamos disfrutarlos dentro de las dos primeras semanas de apertura, especialmente nuestros quesos de maduraci\u00f3n suave, que seguir\u00e1n madurando durante toda su vida \u00fatil. Mant\u00e9ngalo en el refrigerador para preservar la frescura.<\/p> <p>Las cu\u00f1as de queso de leche de oveja de mezcla dura se deben comer dentro de las dos semanas posteriores al corte. Sin embargo, si ve algo de moho, es seguro rasparlo y comer el queso restante.<\/p><\/li><li><h4>\u00bfC\u00f3mo debo preparar mi queso de oveja?<\/h4><p>Saque su queso del refrigerador aproximadamente una hora antes de que quiera comerlo, deje que alcance la temperatura ambiente antes de disfrutarlo.<\/p> <p>Cuando se trata de nuestros quesos frescos, si desea que sean mas suaves, s\u00e1quelos del refrigerador aproximadamente una hora antes de comerlos, deje que se calienten un poco antes de consumirlos. Si prefiere que su queso fresco se desmenuce, como para una tortilla o una ensalada, \u00a1util\u00edcelo directamente del refrigerador!<\/p><\/li><li><h4>\u00bfSe puede comer la corteza del queso de oveja?<\/h4><p>\u00a1S\u00ed, las cortezas son seguras para comer! Si prefieres no comer la corteza, aseg\u00farate de comer la parte justo debajo, ah\u00ed es donde est\u00e1 la mayor parte del sabor.<\/p><\/li><li><h4>\u00bfSe puede congelar el queso de oveja?<\/h4><p>Si bien es <i>posible,<\/i> no recomendamos congelar el queso para conservarlo. Puede da\u00f1ar la textura y el sabor del queso.<\/p><\/li><li><h4>\u00bfEs seguro comer \u201cqueso apestoso\u201d?<\/h4><p>\u00a1No temas! Es normal que los quesos se vuelvan arom\u00e1ticos a medida que maduran. Cuando reciba por primera vez cualquiera de nuestros quesos floreados o de corteza lavada y los corte, d\u00e9jelos reposar fuera del envoltorio durante unos 30 minutos hasta que alcancen la temperatura ambiente. Estos quesos liberar\u00e1n algunos de esos olores en el proceso.<\/p> <p>\u00a1Los quesos arom\u00e1ticos est\u00e1n entre nuestros favoritos! Una vez que pasa por la nariz y entra en la boca, se encontrar\u00e1 con una maravillosa sorpresa y sabores complejos.<\/p><\/li><li><h4>\u00bfOfrecen devoluciones si mi pedido se pierde o se da\u00f1a?<\/h4><p>No se preocupe por la devoluci\u00f3n de un producto perdido o da\u00f1ado: \u00a1reemplazaremos absolutamente su pedido si llega da\u00f1ado o se pierde!<\/p><\/li><\/ul>\n<a href=\"https:\/\/laverdeoveja.com\/shop\/\" target=\"_blank\" rel=\"noopener\"> \u00bfListo para comprar? <\/a>","_links":{"self":[{"href":"https:\/\/laverdeoveja.com\/es\/wp-json\/wp\/v2\/pages\/7641","targetHints":{"allow":["GET"]}}],"collection":[{"href":"https:\/\/laverdeoveja.com\/es\/wp-json\/wp\/v2\/pages"}],"about":[{"href":"https:\/\/laverdeoveja.com\/es\/wp-json\/wp\/v2\/types\/page"}],"author":[{"embeddable":true,"href":"https:\/\/laverdeoveja.com\/es\/wp-json\/wp\/v2\/users\/1"}],"replies":[{"embeddable":true,"href":"https:\/\/laverdeoveja.com\/es\/wp-json\/wp\/v2\/comments?post=7641"}],"version-history":[{"count":2,"href":"https:\/\/laverdeoveja.com\/es\/wp-json\/wp\/v2\/pages\/7641\/revisions"}],"predecessor-version":[{"id":7981,"href":"https:\/\/laverdeoveja.com\/es\/wp-json\/wp\/v2\/pages\/7641\/revisions\/7981"}],"wp:attachment":[{"href":"https:\/\/laverdeoveja.com\/es\/wp-json\/wp\/v2\/media?parent=7641"}],"curies":[{"name":"wp","href":"https:\/\/api.w.org\/{rel}","templated":true}]}}