{"id":7642,"date":"2021-10-24T13:28:32","date_gmt":"2021-10-24T18:28:32","guid":{"rendered":"https:\/\/laverdeoveja.com\/opciones-de-entrega\/"},"modified":"2022-02-05T13:12:54","modified_gmt":"2022-02-05T18:12:54","slug":"opciones-de-entrega","status":"publish","type":"page","link":"https:\/\/laverdeoveja.com\/es\/opciones-de-entrega\/","title":{"rendered":"Opciones de entrega"},"content":{"rendered":"<!--themify_builder_content-->\n<div id=\"themify_builder_content-7642\" data-postid=\"7642\" class=\"themify_builder_content themify_builder_content-7642 themify_builder tf_clear\">\n                    <div  data-css_id=\"gqv2023\" data-lazy=\"1\" class=\"module_row themify_builder_row fullwidth tb_gqv2023 tb_first tf_w\">\n            <span  class=\"builder_row_cover tf_abs\" data-lazy=\"1\"><\/span>            <div class=\"row_inner col_align_top tb_col_count_1 tf_box tf_rel\">\n                        <div  data-lazy=\"1\" class=\"module_column tb-column col-full tb_b8qz333 first\">\n                    <!-- module text -->\n<div  class=\"module module-text tb_tp8z572   \" data-lazy=\"1\">\n        <div  class=\"tb_text_wrap\">\n        <p>Opciones de entrega<\/p>    <\/div>\n<\/div>\n<!-- \/module text -->        <\/div>\n                        <\/div>\n        <\/div>\n                        <div  data-css_id=\"werl070\" data-lazy=\"1\" class=\"module_row themify_builder_row fullwidth tb_werl070 tf_w\">\n                        <div class=\"row_inner col_align_top tb_col_count_1 tf_box tf_rel\">\n                        <div  data-lazy=\"1\" class=\"module_column tb-column col-full tb_e214363 first\">\n                    <!-- module text -->\n<div  class=\"module module-text tb_5zvr567   \" data-lazy=\"1\">\n        <div  class=\"tb_text_wrap\">\n        <h1>Pautas de env\u00edo y entrega de LVO<\/h1>    <\/div>\n<\/div>\n<!-- \/module text --><!-- module text -->\n<div  class=\"module module-text tb_hud3704   \" data-lazy=\"1\">\n        <div  class=\"tb_text_wrap\">\n        <p>Cuando realiza su pedido en nuestro sitio web, al momento de pagar, \u00a1tendr\u00e1 la oportunidad de elegir su preferencia de entrega! Dependiendo de su ubicaci\u00f3n, obtendr\u00e1 diferentes opciones. Si tienes preguntas sobre esto, \u00a1env\u00edanos un mensaje!<\/p>    <\/div>\n<\/div>\n<!-- \/module text --><!-- module text -->\n<div  class=\"module module-text tb_ga2x832   \" data-lazy=\"1\">\n        <div  class=\"tb_text_wrap\">\n        <h2>Clientes de Cotacachi:<\/h2>    <\/div>\n<\/div>\n<!-- \/module text --><!-- module text -->\n<div  class=\"module module-text tb_tl0n698   \" data-lazy=\"1\">\n        <div  class=\"tb_text_wrap\">\n        <p>Para cualquiera de las siguientes tres (3) opciones de entrega, la fecha l\u00edmite para que los pedidos cumplan con el horario de recolecci\u00f3n y entrega del jueves de Cotacachi es el martes a m\u00e1s tardar a las 5:00 p. m. Los pedidos realizados despu\u00e9s de esa hora estar\u00e1n disponibles el jueves siguiente.<\/p>\n<ul>\n<li>Retiro en el mercado de agricultores de Cotacachi el jueves en el stand de La Verde Oveja<\/li>\n<li>Retiro en Fonda el jueves<\/li>\n<li>Entrega por L&#038;S Artisanal Meats en sus sitios de entrega est\u00e1ndar los jueves:\n<ul>\n<li>San Miguel &#8211; Fuera de la puerta 12:00 &#8211; 12:30 pm<\/li>\n<li>Sisa Pacha\/Tierra Firma (Sisa Pacha 1ra) 12:35 &#8211; 1:20 pm<\/li>\n<li>Yanapamba &#8211; Fuera del port\u00f3n 1:30 pm<\/li>\n<li>El Encanto &#8211; En la puerta principal 2:00 pm<\/li>\n<li>Rumy Tola\/La Calera 2:45 &#8211; 3:00 pm<\/li>\n<\/ul>\n<\/li>\n<li>Reparto a domicilio por La Verde Oveja el jueves<\/li>\n<\/ul>    <\/div>\n<\/div>\n<!-- \/module text --><!-- module text -->\n<div  class=\"module module-text tb_basp544   \" data-lazy=\"1\">\n        <div  class=\"tb_text_wrap\">\n        <h2>Clientes Nacionales de Ecuador:<\/h2>    <\/div>\n<\/div>\n<!-- \/module text --><!-- module text -->\n<div  class=\"module module-text tb_amkn438   \" data-lazy=\"1\">\n        <div  class=\"tb_text_wrap\">\n        <p>Embalamos su producto para que sea entregado en las mejores condiciones y con los m\u00e9todos de manipulaci\u00f3n m\u00e1s seguros. Si realizamos la entrega a trav\u00e9s de un servicio de mensajer\u00eda nacional, solo realizaremos el env\u00edo en un d\u00eda en que el servicio de mensajer\u00eda pueda garantizar la entrega al d\u00eda siguiente, de modo que su producto no se quede en un almac\u00e9n a la espera de ser entregado. Despu\u00e9s de realizar su pedido, prepararemos y enviaremos el paquete el d\u00eda disponible en el que podamos garantizar la entrega sin da\u00f1ar sus productos. \u00a1Le enviaremos un n\u00famero de seguimiento que nos otorga la empresa de mensajer\u00eda nacional para que sepa cu\u00e1ndo llegar\u00e1 su paquete una vez que est\u00e9 en camino!<\/p>    <\/div>\n<\/div>\n<!-- \/module text --><!-- module text -->\n<div  class=\"module module-text tb_2nqg634   \" data-lazy=\"1\">\n        <div  class=\"tb_text_wrap\">\n        <ul>\n<li>Entrega por LaarCourier: puede ver la disponibilidad de ubicaci\u00f3n en su sitio web: <a href=\"https:\/\/www.laarcourier.com\/coberturas\" target=\"_blank\" rel=\"noopener\">https:\/\/www.laarcourier.com\/coberturas<\/a><\/li>\n<\/ul>    <\/div>\n<\/div>\n<!-- \/module text --><!-- module image -->\n<div  class=\"module module-image tb_z9sl852 image-center   tf_mw\" data-lazy=\"1\">\n        <div class=\"image-wrap tf_rel tf_mw\">\n            <img loading=\"lazy\" decoding=\"async\" src=\"https:\/\/laverdeoveja.com\/wp-content\/uploads\/2021\/11\/Screenshot-2021-11-22-at-17-30-22-LAARCOURIER-650x520.png\" width=\"650\" height=\"520\" class=\"wp-post-image wp-image-7631\" title=\"Captura de pantalla 2021-11-22 en 17-30-22 LAARCOURIER\" alt=\"Captura de pantalla 2021-11-22 en 17-30-22 LAARCOURIER\" srcset=\"https:\/\/laverdeoveja.com\/wp-content\/uploads\/2021\/11\/Screenshot-2021-11-22-at-17-30-22-LAARCOURIER-650x520.png 650w, https:\/\/laverdeoveja.com\/wp-content\/uploads\/2021\/11\/Screenshot-2021-11-22-at-17-30-22-LAARCOURIER.png 750w\" sizes=\"auto, (max-width: 650px) 100vw, 650px\" \/>    \n        <\/div>\n    <!-- \/image-wrap -->\n    \n        <\/div>\n<!-- \/module image --><!-- module text -->\n<div  class=\"module module-text tb_1wsa319   \" data-lazy=\"1\">\n        <div  class=\"tb_text_wrap\">\n        <ul>\n<li>Entrega por Ecuador National Courier Tramaco Express \u2013 puede ver la disponibilidad de ubicaci\u00f3n en su sitio web: <a href=\"http:\/\/tramaco.com.ec\/index.php\/servicios\/directorio\">http:\/\/tramaco.com.ec\/index.php\/servicios\/directorio<\/a><\/li>\n<\/ul>    <\/div>\n<\/div>\n<!-- \/module text --><!-- module text -->\n<div  class=\"module module-text tb_q17i919   \" data-lazy=\"1\">\n        <div  class=\"tb_text_wrap\">\n        <p style=\"text-align: center;\"><code><iframe loading=\"lazy\" src=\"https:\/\/www.google.com\/maps\/d\/embed?mid=1SmyMxKQAth_J24vnWMpc8jVEAvsWFQGs\" width=\"640\" height=\"480\"\/><\/code><\/p>\n    <\/div>\n<\/div>\n<!-- \/module text --><!-- module text -->\n<div  class=\"module module-text tb_p3vq796   \" data-lazy=\"1\">\n        <div  class=\"tb_text_wrap\">\n        <ul>\n<li>Horario Est\u00e1ndar de Entrega por parte de \u00abCarnes Artesanales L&#038;S\u00bb para Quito, Ibarra y Otavalo. Las entregas en Quito son todos los viernes, y las ubicaciones rotan cada semana. L&#038;S tiene incre\u00edbles productos c\u00e1rnicos (incluido nuestro cordero), \u00a1as\u00ed que vale la pena conocerlos a ellos y sus productos! Obtenga m\u00e1s informaci\u00f3n en <a href=\"http:\/\/lnsartisanmeats.com\/\">http:\/\/lnsartisanmeats.com\/<\/a><\/li>\n<li>Monteserr\u00edn: <a href=\"https:\/\/goo.gl\/maps\/1ph7zNcCmuUf8yXd6\">https:\/\/goo.gl\/maps\/1ph7zNcCmuUf8yXd6<\/a><\/li>\n<li>Granda Centeno\/AAI: <a href=\"https:\/\/goo.gl\/maps\/ZfduUHhiLs8BBFxX7\">https:\/\/goo.gl\/maps\/ZfduUHhiLs8BBFxX7<\/a><\/li>\n<li>Quito Tenis: <a href=\"https:\/\/goo.gl\/maps\/w8r5G2srFCxX8W95A\">https:\/\/goo.gl\/maps\/w8r5G2srFCxX8W95A<\/a><\/li>\n<li>La Floresta: <a href=\"https:\/\/goo.gl\/maps\/EmVdDQCfETHXnAVPA\">https:\/\/goo.gl\/maps\/EmVdDQCfETHXnAVPA<\/a><\/li>\n<li>Cumbay\u00e1: <a href=\"https:\/\/goo.gl\/maps\/PT2FBYvz3uBHUVAM6\">https:\/\/goo.gl\/maps\/PT2FBYvz3uBHUVAM6<\/a><\/li>\n<li>Tumbaco: <a href=\"https:\/\/goo.gl\/maps\/yf7BTSCedDrUFbBr9\">https:\/\/goo.gl\/maps\/yf7BTSCedDrUFbBr9<\/a><\/li>\n<li>Tumbaco 2.0: <a href=\"https:\/\/goo.gl\/maps\/fEQzh9XMEkhD2pgv9\">https:\/\/goo.gl\/maps\/fEQzh9XMEkhD2pgv9<\/a><\/li>\n<li>Los Chillos: <a href=\"https:\/\/goo.gl\/maps\/Uro4GkyYV3ogQrdP9\">https:\/\/goo.gl\/maps\/Uro4GkyYV3ogQrdP9<\/a><\/li>\n<li>Seminario Nazareno: <a href=\"https:\/\/goo.gl\/maps\/VkM3CqXQA6L4ZUKP6\">https:\/\/goo.gl\/maps\/VkM3CqXQA6L4ZUKP6<\/a><\/li>\n<\/ul>    <\/div>\n<\/div>\n<!-- \/module text --><!-- module buttons -->\n<div  class=\"module module-buttons tb_0abr282 buttons-horizontal solid  rounded\" data-lazy=\"1\">\n        <div class=\"module-buttons-item tf_in_flx\">\n                        <a href=\"mailto:info@laverdeoveja.com\" class=\"ui builder_button tf_in_flx transparent\" target=\"_blank\" rel=\"noopener\">\n                                                \u00bfTodav\u00eda tienes preguntas? Cont\u00e1ctenos                                        <\/a>\n                <\/div>\n            <\/div>\n<!-- \/module buttons -->\n        <\/div>\n                        <\/div>\n        <\/div>\n                        <div  data-css_id=\"57ar173\" data-lazy=\"1\" class=\"module_row themify_builder_row fullwidth tb_57ar173 tf_w\">\n                        <div class=\"row_inner col_align_top tb_col_count_1 tf_box tf_rel\">\n                        <div  data-lazy=\"1\" class=\"module_column tb-column col-full tb_yo6r333 first\">\n                    <!-- module template_part -->\n<div  class=\"module module-layout-part tb_wu9d530 \">\n    <div class=\"tb_layout_part_wrap tf_w\"><!--themify_builder_content-->\n    <div  class=\"themify_builder_content themify_builder_content-2651 themify_builder not_editable_builder in_the_loop\" data-postid=\"2651\">\n                        <div  data-css_id=\"pvsj598\" data-lazy=\"1\" class=\"module_row themify_builder_row fullwidth tb_pvsj598 tf_w\">\n                        <div class=\"row_inner col_align_middle gutter-none tb_col_count_3 tf_box tf_rel\">\n                        <div  data-lazy=\"1\" class=\"module_column tb-column col3-1 tb_6411598 first\">\n                    <!-- module text -->\n<div  class=\"module module-text tb_0hdx19   \" data-lazy=\"1\">\n        <div  class=\"tb_text_wrap\">\n        <p><a href=\"https:\/\/wa.me\/message\/JJ5ILE5UL7N5B1?src=qr\" target=\"_blank\" rel=\"noopener\">+593 98 028 6323<\/a><br>Cotacachi, Ecuador 100350<\/p>    <\/div>\n<\/div>\n<!-- \/module text -->        <\/div>\n                    <div  data-lazy=\"1\" class=\"module_column tb-column col3-1 tb_gdc7128\">\n                    <!-- module icon -->\n<div  class=\"module module-icon tb_w64b23   none icon_horizontal tf_textc\" data-lazy=\"1\">\n\t\t\t<div class=\"module-icon-item\">\n\t\t\t\t\t\t\t<a href=\"https:\/\/www.facebook.com\/laverdeoveja\/\" rel=\"noopener\" target=\"_blank\">\n\t\t\t\t\t\t\t\t\t\t\t\t\t\t\t\t\t<em class=\"tf_box\"\n\t\t\t\t\t\t\t\t\t\t\t\t\t\t\t\t\t><svg  class=\"tf_fa tf-ti-facebook\" xmlns:xlink=\"http:\/\/www.w3.org\/1999\/xlink\" aria-hidden=\"true\"><use href=\"#tf-ti-facebook\" xlink:href=\"#tf-ti-facebook\"><\/use><\/svg><\/em>\n\t\t\t\t\t\t\t\t\t\t\t\t\t\t\t\t<\/a>\n\t\t\t\t\t<\/div>\n\t\t\t<div class=\"module-icon-item\">\n\t\t\t\t\t\t\t<a href=\"https:\/\/api.whatsapp.com\/message\/JJ5ILE5UL7N5B1\" rel=\"noopener\" target=\"_blank\">\n\t\t\t\t\t\t\t\t\t\t\t\t\t\t\t\t\t<em class=\"tf_box\"\n\t\t\t\t\t\t\t\t\t\t\t\t\t\t\t\t\t><svg  class=\"tf_fa tf-fab-whatsapp\" xmlns:xlink=\"http:\/\/www.w3.org\/1999\/xlink\" aria-hidden=\"true\"><use href=\"#tf-fab-whatsapp\" xlink:href=\"#tf-fab-whatsapp\"><\/use><\/svg><\/em>\n\t\t\t\t\t\t\t\t\t\t\t\t\t\t\t\t<\/a>\n\t\t\t\t\t<\/div>\n\t\t\t<div class=\"module-icon-item\">\n\t\t\t\t\t\t\t<a href=\"mailto:info@laverdeoveja.com\" rel=\"noopener\" target=\"_blank\">\n\t\t\t\t\t\t\t\t\t\t\t\t\t\t\t\t\t<em class=\"tf_box\"\n\t\t\t\t\t\t\t\t\t\t\t\t\t\t\t\t\t><svg  class=\"tf_fa tf-ti-email\" xmlns:xlink=\"http:\/\/www.w3.org\/1999\/xlink\" aria-hidden=\"true\"><use href=\"#tf-ti-email\" xlink:href=\"#tf-ti-email\"><\/use><\/svg><\/em>\n\t\t\t\t\t\t\t\t\t\t\t\t\t\t\t\t<\/a>\n\t\t\t\t\t<\/div>\n\t\t\t<div class=\"module-icon-item\">\n\t\t\t\t\t\t\t<a href=\"https:\/\/instagram.com\/laverde.oveja\" rel=\"noopener\" target=\"_blank\">\n\t\t\t\t\t\t\t\t\t\t\t\t\t\t\t\t\t<em class=\"tf_box\"\n\t\t\t\t\t\t\t\t\t\t\t\t\t\t\t\t\t><svg  class=\"tf_fa tf-ti-instagram\" xmlns:xlink=\"http:\/\/www.w3.org\/1999\/xlink\" aria-hidden=\"true\"><use href=\"#tf-ti-instagram\" xlink:href=\"#tf-ti-instagram\"><\/use><\/svg><\/em>\n\t\t\t\t\t\t\t\t\t\t\t\t\t\t\t\t<\/a>\n\t\t\t\t\t<\/div>\n\t<\/div>\n<!-- \/module icon -->\n        <\/div>\n                    <div  data-lazy=\"1\" class=\"module_column tb-column col3-1 tb_6ptl630 last\">\n                    <!-- module text -->\n<div  class=\"module module-text tb_4yaa503   \" data-lazy=\"1\">\n        <div  class=\"tb_text_wrap\">\n        <p><a href=\"https:\/\/laverdeoveja.com\/privacy-policy\/\" target=\"_blank\" rel=\"noopener\">Privacy Policy<\/a><\/p>\n<p><a href=\"https:\/\/laverdeoveja.com\/terms-and-conditions\/\" target=\"_blank\" rel=\"noopener\">Terms and Conditions<\/a><\/p>    <\/div>\n<\/div>\n<!-- \/module text -->        <\/div>\n                        <\/div>\n        <\/div>\n                        <div  data-css_id=\"pmwp18\" data-lazy=\"1\" class=\"module_row themify_builder_row fullwidth tb_pmwp18 tf_w\">\n                        <div class=\"row_inner col_align_top tb_col_count_5 tf_box tf_rel\">\n                        <div  data-lazy=\"1\" class=\"module_column tb-column col5-1 tb_3nul19 first\">\n                            <\/div>\n                    <div  data-lazy=\"1\" class=\"module_column tb-column col5-1 tb_o5tw20\">\n                            <\/div>\n                    <div  data-lazy=\"1\" class=\"module_column tb-column col5-1 tb_ltwg21\">\n                            <\/div>\n                    <div  data-lazy=\"1\" class=\"module_column tb-column col5-1 tb_q01m22\">\n                            <\/div>\n                    <div  data-lazy=\"1\" class=\"module_column tb-column col5-1 tb_9z9823 last\">\n                            <\/div>\n                        <\/div>\n        <\/div>\n                        <div  data-css_id=\"yumf18\" data-lazy=\"1\" class=\"module_row themify_builder_row fullwidth tb_yumf18 tf_w\">\n                        <div class=\"row_inner col_align_top tb_col_count_1 tf_box tf_rel\">\n                        <div  data-lazy=\"1\" class=\"module_column tb-column col-full tb_gabh25 first\">\n                    <!-- module text -->\n<div  class=\"module module-text tb_klni25 copy-right-text  \" data-lazy=\"1\">\n        <div  class=\"tb_text_wrap\">\n        <p>Copyright \u00a9 2021 Verde Oveja. All Rights Reserved. Created by <a href=\"https:\/\/www.wowsuccessteam.com\/\" target=\"_blank\" rel=\"noopener\">WOWSuccessTeam LLC<\/a>. Graphic Design by Betsy Gold. Photos by Mary Hellman.<\/p>\n    <\/div>\n<\/div>\n<!-- \/module text -->        <\/div>\n                        <\/div>\n        <\/div>\n            <\/div>\n<!--\/themify_builder_content--><\/div>\n<\/div>\n<!-- \/module template_part -->        <\/div>\n                        <\/div>\n        <\/div>\n        <\/div>\n<!--\/themify_builder_content-->","protected":false},"excerpt":{"rendered":"<p>Delivery Options LVO Shipping and Delivery Guidelines When you place your order on our website, at the time of checkout you will be given an opportunity to choose your delivery preference! Depending on your location, you will get different options.\u00a0 If you have questions about this, send us a message! Cotacachi Customers: For any of [&hellip;]<\/p>\n","protected":false},"author":1,"featured_media":0,"parent":0,"menu_order":0,"comment_status":"closed","ping_status":"closed","template":"","meta":{"content-type":"","footnotes":""},"class_list":["post-7642","page","type-page","status-publish","hentry","has-post-title","has-post-date","has-post-category","has-post-tag","has-post-comment","has-post-author",""],"jetpack_sharing_enabled":true,"builder_content":"<p>Opciones de entrega<\/p>\n<h1>Pautas de env\u00edo y entrega de LVO<\/h1>\n<p>Cuando realiza su pedido en nuestro sitio web, al momento de pagar, \u00a1tendr\u00e1 la oportunidad de elegir su preferencia de entrega! Dependiendo de su ubicaci\u00f3n, obtendr\u00e1 diferentes opciones. Si tienes preguntas sobre esto, \u00a1env\u00edanos un mensaje!<\/p>\n<h2>Clientes de Cotacachi:<\/h2>\n<p>Para cualquiera de las siguientes tres (3) opciones de entrega, la fecha l\u00edmite para que los pedidos cumplan con el horario de recolecci\u00f3n y entrega del jueves de Cotacachi es el martes a m\u00e1s tardar a las 5:00 p. m. Los pedidos realizados despu\u00e9s de esa hora estar\u00e1n disponibles el jueves siguiente.<\/p> <ul> <li>Retiro en el mercado de agricultores de Cotacachi el jueves en el stand de La Verde Oveja<\/li> <li>Retiro en Fonda el jueves<\/li> <li>Entrega por L&S Artisanal Meats en sus sitios de entrega est\u00e1ndar los jueves: <ul> <li>San Miguel - Fuera de la puerta 12:00 - 12:30 pm<\/li> <li>Sisa Pacha\/Tierra Firma (Sisa Pacha 1ra) 12:35 - 1:20 pm<\/li> <li>Yanapamba - Fuera del port\u00f3n 1:30 pm<\/li> <li>El Encanto - En la puerta principal 2:00 pm<\/li> <li>Rumy Tola\/La Calera 2:45 - 3:00 pm<\/li> <\/ul> <\/li> <li>Reparto a domicilio por La Verde Oveja el jueves<\/li> <\/ul>\n<h2>Clientes Nacionales de Ecuador:<\/h2>\n<p>Embalamos su producto para que sea entregado en las mejores condiciones y con los m\u00e9todos de manipulaci\u00f3n m\u00e1s seguros. Si realizamos la entrega a trav\u00e9s de un servicio de mensajer\u00eda nacional, solo realizaremos el env\u00edo en un d\u00eda en que el servicio de mensajer\u00eda pueda garantizar la entrega al d\u00eda siguiente, de modo que su producto no se quede en un almac\u00e9n a la espera de ser entregado. Despu\u00e9s de realizar su pedido, prepararemos y enviaremos el paquete el d\u00eda disponible en el que podamos garantizar la entrega sin da\u00f1ar sus productos. \u00a1Le enviaremos un n\u00famero de seguimiento que nos otorga la empresa de mensajer\u00eda nacional para que sepa cu\u00e1ndo llegar\u00e1 su paquete una vez que est\u00e9 en camino!<\/p>\n<ul> <li>Entrega por LaarCourier: puede ver la disponibilidad de ubicaci\u00f3n en su sitio web: <a href=\"https:\/\/www.laarcourier.com\/coberturas\" target=\"_blank\" rel=\"noopener\">https:\/\/www.laarcourier.com\/coberturas<\/a><\/li> <\/ul>\n<img src=\"https:\/\/laverdeoveja.com\/wp-content\/uploads\/2021\/11\/Screenshot-2021-11-22-at-17-30-22-LAARCOURIER-650x520.png\" width=\"650\" height=\"520\" title=\"Captura de pantalla 2021-11-22 en 17-30-22 LAARCOURIER\" alt=\"Captura de pantalla 2021-11-22 en 17-30-22 LAARCOURIER\" srcset=\"https:\/\/laverdeoveja.com\/wp-content\/uploads\/2021\/11\/Screenshot-2021-11-22-at-17-30-22-LAARCOURIER-650x520.png 650w, https:\/\/laverdeoveja.com\/wp-content\/uploads\/2021\/11\/Screenshot-2021-11-22-at-17-30-22-LAARCOURIER.png 750w\" sizes=\"(max-width: 650px) 100vw, 650px\" \/>\n<ul> <li>Entrega por Ecuador National Courier Tramaco Express \u2013 puede ver la disponibilidad de ubicaci\u00f3n en su sitio web: <a href=\"http:\/\/tramaco.com.ec\/index.php\/servicios\/directorio\">http:\/\/tramaco.com.ec\/index.php\/servicios\/directorio<\/a><\/li> <\/ul>\n<p style=\"text-align: center;\"><code><iframe loading=\"lazy\" src=\"https:\/\/www.google.com\/maps\/d\/embed?mid=1SmyMxKQAth_J24vnWMpc8jVEAvsWFQGs\" width=\"640\" height=\"480\"\/><\/code><\/p>\n<ul> <li>Horario Est\u00e1ndar de Entrega por parte de \"Carnes Artesanales L&S\" para Quito, Ibarra y Otavalo. Las entregas en Quito son todos los viernes, y las ubicaciones rotan cada semana. L&S tiene incre\u00edbles productos c\u00e1rnicos (incluido nuestro cordero), \u00a1as\u00ed que vale la pena conocerlos a ellos y sus productos! Obtenga m\u00e1s informaci\u00f3n en <a href=\"http:\/\/lnsartisanmeats.com\/\">http:\/\/lnsartisanmeats.com\/<\/a><\/li> <li>Monteserr\u00edn: <a href=\"https:\/\/goo.gl\/maps\/1ph7zNcCmuUf8yXd6\">https:\/\/goo.gl\/maps\/1ph7zNcCmuUf8yXd6<\/a><\/li> <li>Granda Centeno\/AAI: <a href=\"https:\/\/goo.gl\/maps\/ZfduUHhiLs8BBFxX7\">https:\/\/goo.gl\/maps\/ZfduUHhiLs8BBFxX7<\/a><\/li> <li>Quito Tenis: <a href=\"https:\/\/goo.gl\/maps\/w8r5G2srFCxX8W95A\">https:\/\/goo.gl\/maps\/w8r5G2srFCxX8W95A<\/a><\/li> <li>La Floresta: <a href=\"https:\/\/goo.gl\/maps\/EmVdDQCfETHXnAVPA\">https:\/\/goo.gl\/maps\/EmVdDQCfETHXnAVPA<\/a><\/li> <li>Cumbay\u00e1: <a href=\"https:\/\/goo.gl\/maps\/PT2FBYvz3uBHUVAM6\">https:\/\/goo.gl\/maps\/PT2FBYvz3uBHUVAM6<\/a><\/li> <li>Tumbaco: <a href=\"https:\/\/goo.gl\/maps\/yf7BTSCedDrUFbBr9\">https:\/\/goo.gl\/maps\/yf7BTSCedDrUFbBr9<\/a><\/li> <li>Tumbaco 2.0: <a href=\"https:\/\/goo.gl\/maps\/fEQzh9XMEkhD2pgv9\">https:\/\/goo.gl\/maps\/fEQzh9XMEkhD2pgv9<\/a><\/li> <li>Los Chillos: <a href=\"https:\/\/goo.gl\/maps\/Uro4GkyYV3ogQrdP9\">https:\/\/goo.gl\/maps\/Uro4GkyYV3ogQrdP9<\/a><\/li> <li>Seminario Nazareno: <a href=\"https:\/\/goo.gl\/maps\/VkM3CqXQA6L4ZUKP6\">https:\/\/goo.gl\/maps\/VkM3CqXQA6L4ZUKP6<\/a><\/li> <\/ul>\n<a href=\"mailto:info@laverdeoveja.com\" target=\"_blank\" rel=\"noopener\"> \u00bfTodav\u00eda tienes preguntas? Cont\u00e1ctenos <\/a>","_links":{"self":[{"href":"https:\/\/laverdeoveja.com\/es\/wp-json\/wp\/v2\/pages\/7642","targetHints":{"allow":["GET"]}}],"collection":[{"href":"https:\/\/laverdeoveja.com\/es\/wp-json\/wp\/v2\/pages"}],"about":[{"href":"https:\/\/laverdeoveja.com\/es\/wp-json\/wp\/v2\/types\/page"}],"author":[{"embeddable":true,"href":"https:\/\/laverdeoveja.com\/es\/wp-json\/wp\/v2\/users\/1"}],"replies":[{"embeddable":true,"href":"https:\/\/laverdeoveja.com\/es\/wp-json\/wp\/v2\/comments?post=7642"}],"version-history":[{"count":4,"href":"https:\/\/laverdeoveja.com\/es\/wp-json\/wp\/v2\/pages\/7642\/revisions"}],"predecessor-version":[{"id":7983,"href":"https:\/\/laverdeoveja.com\/es\/wp-json\/wp\/v2\/pages\/7642\/revisions\/7983"}],"wp:attachment":[{"href":"https:\/\/laverdeoveja.com\/es\/wp-json\/wp\/v2\/media?parent=7642"}],"curies":[{"name":"wp","href":"https:\/\/api.w.org\/{rel}","templated":true}]}}