{"id":7690,"date":"2021-11-04T13:09:03","date_gmt":"2021-11-04T18:09:03","guid":{"rendered":"https:\/\/laverdeoveja.com\/shop\/enfriador-pequeno-de-lados-blandos-para-muestreadores\/"},"modified":"2022-02-05T19:19:17","modified_gmt":"2022-02-06T00:19:17","slug":"cooler-pequeno-para-muestrarios","status":"publish","type":"product","link":"https:\/\/laverdeoveja.com\/es\/producto\/cooler-pequeno-para-muestrarios\/","title":{"rendered":"Cooler peque\u00f1o para muestrearios"},"content":{"rendered":"<p><span style=\"color: #3d3030; font-family: merriweather sans; font-weight: 300;\">El cooler peque\u00f1o de La Verde Oveja es perfecto para almacenar sus compras de queso y cordero el d\u00eda de la compra. El interior del compartimento principal est\u00e1 totalmente aislado y hay un peque\u00f1o bolsillo utilitario en el exterior, perfecto para guardar bolsas de la compra reutilizables u otros art\u00edculos esenciales el d\u00eda de la compra.<\/span><\/p>\n<ul style=\"font-family: merriweather sans;\">\n<li><span style=\"font-weight: 300; color: #3d3030;\">Estos coolers est\u00e1n hechos de poli\u00e9ster 210D con un revestimiento de aluminio aislado.<\/span><\/li>\n<li><span style=\"font-weight: 300; color: #3d3030;\">Cuenta con un compartimento principal con cremallera para asegurar todos sus art\u00edculos.<\/span><\/li>\n<li><span style=\"font-weight: 300; color: #3d3030;\">El panel frontal presenta un bolsillo de poli\u00e9ster 300D gris de dos tonos y un bolsillo de malla negra.<\/span><\/li>\n<li><span style=\"font-weight: 300; color: #3d3030;\">Incluye manijas de agarre de 15-1\/2&#8243; con una correa para el hombro de 29-3\/4&#8243; para un transporte conveniente.<\/span><\/li>\n<li><span style=\"font-weight: 300; color: #3d3030;\">Tama\u00f1o: 8-1\/2&#8243; x 8&#8243; x 6&#8243;.<\/span><\/li>\n<\/ul>\n<!--themify_builder_content-->\n<div id=\"themify_builder_content-7690\" data-postid=\"7690\" class=\"themify_builder_content themify_builder_content-7690 themify_builder tf_clear\">\n                    <div  data-css_id=\"zb55975\" data-lazy=\"1\" class=\"module_row themify_builder_row fullwidth tb_zb55975 tb_first tf_w\">\n                        <div class=\"row_inner col_auto_height gutter-none col_align_top tb_col_count_2 tf_box tf_rel\">\n                        <div  data-lazy=\"1\" class=\"module_column tb-column col3-1 tb_tuzw976 first\">\n                            <\/div>\n                    <div  data-lazy=\"1\" class=\"module_column tb-column col3-2 tb_vz53193 last\">\n                            <\/div>\n                        <\/div>\n        <\/div>\n        <\/div>\n<!--\/themify_builder_content-->\n","protected":false},"excerpt":{"rendered":"<p><span style=\"color: #3d3030; font-family: merriweather sans; font-weight: 300;\">El cooler peque\u00f1o de La Verde Oveja es perfecto para almacenar sus compras de queso y cordero el d\u00eda de la compra.<\/span><\/p>\n","protected":false},"featured_media":7387,"comment_status":"open","ping_status":"closed","template":"","meta":{"content-type":""},"product_brand":[],"product_cat":[274],"product_tag":[],"class_list":{"0":"post-7690","1":"product","2":"type-product","3":"status-publish","4":"has-post-thumbnail","6":"product_cat-sin-categorizar","7":"has-post-title","8":"has-post-date","9":"has-post-category","10":"has-post-tag","11":"has-post-comment","12":"has-post-author","13":"","15":"first","16":"instock","17":"purchasable","18":"product-type-simple"},"group_of_quantity":0,"min_quantity":0,"max_quantity":"","exclude_order_quantity_value_rules":"no","exclude_category_quantity_rules":"no","combine_variations":"no","jetpack_sharing_enabled":true,"builder_content":"","_links":{"self":[{"href":"https:\/\/laverdeoveja.com\/es\/wp-json\/wp\/v2\/product\/7690","targetHints":{"allow":["GET"]}}],"collection":[{"href":"https:\/\/laverdeoveja.com\/es\/wp-json\/wp\/v2\/product"}],"about":[{"href":"https:\/\/laverdeoveja.com\/es\/wp-json\/wp\/v2\/types\/product"}],"replies":[{"embeddable":true,"href":"https:\/\/laverdeoveja.com\/es\/wp-json\/wp\/v2\/comments?post=7690"}],"wp:featuredmedia":[{"embeddable":true,"href":"https:\/\/laverdeoveja.com\/es\/wp-json\/wp\/v2\/media\/7387"}],"wp:attachment":[{"href":"https:\/\/laverdeoveja.com\/es\/wp-json\/wp\/v2\/media?parent=7690"}],"wp:term":[{"taxonomy":"product_brand","embeddable":true,"href":"https:\/\/laverdeoveja.com\/es\/wp-json\/wp\/v2\/product_brand?post=7690"},{"taxonomy":"product_cat","embeddable":true,"href":"https:\/\/laverdeoveja.com\/es\/wp-json\/wp\/v2\/product_cat?post=7690"},{"taxonomy":"product_tag","embeddable":true,"href":"https:\/\/laverdeoveja.com\/es\/wp-json\/wp\/v2\/product_tag?post=7690"}],"curies":[{"name":"wp","href":"https:\/\/api.w.org\/{rel}","templated":true}]}}