{"id":7691,"date":"2021-10-31T06:00:28","date_gmt":"2021-10-31T11:00:28","guid":{"rendered":"https:\/\/laverdeoveja.com\/shop\/queso-cheddar-fuerte\/"},"modified":"2022-02-05T19:49:14","modified_gmt":"2022-02-06T00:49:14","slug":"queso-cheddar","status":"publish","type":"product","link":"https:\/\/laverdeoveja.com\/es\/producto\/queso-cheddar\/","title":{"rendered":"Queso Cheddar"},"content":{"rendered":"<p><span style=\"color: #3d3030;font-family: merriweather sans;font-weight: 300\">\u00a1La Verde Oveja presenta su versi\u00f3n de Queso Cheddar Agudo A\u00f1ejo! Estamos creando esta versi\u00f3n del queso Cheddar a la manera de un queso Cheddar blanco al estilo ingl\u00e9s. Se trata de leche 100% de vaca que ha sido elaborada especialmente para una crianza m\u00ednima de 6 meses. Envejecemos este queso con uno de los dos m\u00e9todos de envejecimiento, bandas de tela o encerado. El perfil de sabor de este queso es exactamente lo que esperar\u00eda de un queso cheddar envejecido de forma natural (no fabricado comercialmente ni acelerado artificialmente).<\/span><\/p>\n<p><span style=\"color: #3d3030;font-family: merriweather sans;font-weight: 300\">La textura es seca y rica, nunca grasa. Cuanto m\u00e1s envejezca este queso, m\u00e1s hojaldrado quedar\u00e1 al cortarlo. Es un producto de baja humedad y alto sabor de larga crianza. Continuaremos reservando ruedas de este queso y lo envejeceremos hasta convertirlo en un queso cheddar de reserva a\u00f1ejo especial que tenga entre 1 y 2 a\u00f1os, pero seg\u00fan la demanda, ponemos a la venta ruedas de 6 meses.<\/span><\/p>\n<p><span style=\"color: #3d3030;font-family: merriweather sans;font-weight: 300\">Disfrute de este cl\u00e1sico ingl\u00e9s en s\u00e1ndwiches, hamburguesas, galletas saladas o en una tabla de quesos. Uno de los quesos de leche de vaca m\u00e1s vers\u00e1tiles: \u00a1Queso Cheddar!<\/span><\/p>\n<ul>\n<li><span style=\"color: #3d3030;font-family: merriweather sans;font-weight: 300\">$1.82 por oz &#8211; cantidad m\u00ednima 3 oz<\/span><\/li>\n<li><span style=\"color: #3d3030;font-family: merriweather sans;font-weight: 300\">$6.50 por 100 g &#8211; cantidad m\u00ednima 100 g<\/span><\/li>\n<li><span style=\"color: #3d3030;font-family: merriweather sans;font-weight: 300\">$29.00 por libra<\/span><\/li>\n<\/ul>\n<!--themify_builder_content-->\n<div id=\"themify_builder_content-7691\" data-postid=\"7691\" class=\"themify_builder_content themify_builder_content-7691 themify_builder tf_clear\">\n    <\/div>\n<!--\/themify_builder_content-->\n","protected":false},"excerpt":{"rendered":"<p><span style=\"color: #3d3030;font-family: merriweather sans;font-weight: 300\">\u00a1Estilo ingl\u00e9s, queso cheddar blanco a\u00f1ejo! Un envejecimiento m\u00ednimo de 6 meses permite el pleno desarrollo del sabor de este queso seco, rico y vers\u00e1til. Este queso se envejece de forma natural en una cueva, ya sea con bandas de tela tradicionales o m\u00e9todos de encerado, no tiene colores ni sabores artificiales. \u00a1Exactamente lo que has estado pidiendo! Queso cheddar real, natural y envejecido. <\/span><\/p>\n<ul>\n<li><span style=\"color: #3d3030;font-family: merriweather sans;font-weight: 300\">$1.82 por oz \u2013 cantidad m\u00ednima 3 oz<\/span><\/li>\n<li><span style=\"color: #3d3030;font-family: merriweather sans;font-weight: 300\">$6.50 por 100 g \u2013 cantidad m\u00ednima 100 g<\/span><\/li>\n<li><span style=\"color: #3d3030;font-family: merriweather sans;font-weight: 300\">$29.00 por libra<\/span><\/li>\n<\/ul>\n","protected":false},"featured_media":12132,"comment_status":"open","ping_status":"closed","template":"","meta":{"content-type":""},"product_brand":[],"product_cat":[275,277,276],"product_tag":[],"class_list":{"0":"post-7691","1":"product","2":"type-product","3":"status-publish","4":"has-post-thumbnail","6":"product_cat-queso","7":"product_cat-queso-cheddar-fuerte","8":"product_cat-quesos-para-yanayacu","9":"has-post-title","10":"has-post-date","11":"has-post-category","12":"has-post-tag","13":"has-post-comment","14":"has-post-author","15":"","17":"first","18":"instock","19":"featured","20":"purchasable","21":"product-type-variable"},"group_of_quantity":0,"min_quantity":0,"max_quantity":"","exclude_order_quantity_value_rules":"no","exclude_category_quantity_rules":"no","combine_variations":"no","jetpack_sharing_enabled":true,"builder_content":"","_links":{"self":[{"href":"https:\/\/laverdeoveja.com\/es\/wp-json\/wp\/v2\/product\/7691","targetHints":{"allow":["GET"]}}],"collection":[{"href":"https:\/\/laverdeoveja.com\/es\/wp-json\/wp\/v2\/product"}],"about":[{"href":"https:\/\/laverdeoveja.com\/es\/wp-json\/wp\/v2\/types\/product"}],"replies":[{"embeddable":true,"href":"https:\/\/laverdeoveja.com\/es\/wp-json\/wp\/v2\/comments?post=7691"}],"wp:featuredmedia":[{"embeddable":true,"href":"https:\/\/laverdeoveja.com\/es\/wp-json\/wp\/v2\/media\/12132"}],"wp:attachment":[{"href":"https:\/\/laverdeoveja.com\/es\/wp-json\/wp\/v2\/media?parent=7691"}],"wp:term":[{"taxonomy":"product_brand","embeddable":true,"href":"https:\/\/laverdeoveja.com\/es\/wp-json\/wp\/v2\/product_brand?post=7691"},{"taxonomy":"product_cat","embeddable":true,"href":"https:\/\/laverdeoveja.com\/es\/wp-json\/wp\/v2\/product_cat?post=7691"},{"taxonomy":"product_tag","embeddable":true,"href":"https:\/\/laverdeoveja.com\/es\/wp-json\/wp\/v2\/product_tag?post=7691"}],"curies":[{"name":"wp","href":"https:\/\/api.w.org\/{rel}","templated":true}]}}