{"id":7695,"date":"2021-10-22T18:56:45","date_gmt":"2021-10-22T23:56:45","guid":{"rendered":"https:\/\/laverdeoveja.com\/shop\/yogur-griego\/"},"modified":"2022-02-05T19:27:26","modified_gmt":"2022-02-06T00:27:26","slug":"yogurt-griego","status":"publish","type":"product","link":"https:\/\/laverdeoveja.com\/es\/producto\/yogurt-griego\/","title":{"rendered":"Yogurt griego"},"content":{"rendered":"<p><span style=\"font-weight: 300;font-family: merriweather sans\">En La Verde Oveja tenemos dos presentaciones de Yogurt Griego, ambas especiales y diferentes entre s\u00ed.<\/span><\/p>\n<p><span style=\"font-weight: 300;font-family: merriweather sans\">Nuestro Yogurt Griego de Leche de Oveja es \u00fanico en Ecuador, no podr\u00e1 encontrar este producto en ning\u00fan otro lado. Este es un yogurt denso, cremoso, de color blanco puro, lleno de grasa, que es fant\u00e1stico para usar en platos indios, como yogurt de postre, como sustituto de la crema agria o solo.<\/span><\/p>\n<p><span style=\"font-weight: 300;font-family: merriweather sans\">LVO tambi\u00e9n est\u00e1 haciendo yogurt griego en una versi\u00f3n de leche de vaca baja en grasa. No usamos espesantes agregados, solo cultivos naturales que ayudan a desarrollar la textura densa, cremosa y rica y el sabor picante del yogurt. No hay conservantes en este yogurt, pero la vida \u00fatil debe ser de unas 3 semanas. Los yogures griegos comerciales en Ecuador usan espesantes y conservantes; este es el \u00fanico producto verdaderamente natural.<\/span><\/p>\n<p><span style=\"font-weight: 300;font-family: merriweather sans\">\u00a1Tanto los Yogures Griegos de Leche de Oveja como los de Leche de Vaca Baja en Grasa est\u00e1n listos para tus frutas, granola, desayunos, postres y recetas!<\/span><\/p>\n<ul>\n<li><span style=\"font-weight: 300;font-family: merriweather sans\">Yogurt Griego de vaca bajo en Grasa Medio ~8 oz: $5.00<\/span><\/li>\n<li><span style=\"font-weight: 300;font-family: merriweather sans\">Yogurt Griego de vaca bajo en Grasa Grande ~16 oz: $8.00<\/span><\/li>\n<li><span style=\"font-weight: 300;font-family: merriweather sans\">Yogurt griego de leche entera de oveja Peque\u00f1o ~4 oz: $4.00<\/span><\/li>\n<li><span style=\"font-weight: 300;font-family: merriweather sans\">Yogurt griego de leche entera de oveja Medio ~8 oz: $6.50<\/span><\/li>\n<li><span style=\"font-weight: 300;font-family: merriweather sans\">Yogurt griego de leche entera de oveja Grande ~16 oz: $10.00<\/span><\/li>\n<\/ul>\n<!--themify_builder_content-->\n<div id=\"themify_builder_content-7695\" data-postid=\"7695\" class=\"themify_builder_content themify_builder_content-7695 themify_builder tf_clear\">\n    <\/div>\n<!--\/themify_builder_content-->\n","protected":false},"excerpt":{"rendered":"<p><span style=\"font-weight: 300;font-family: merriweather sans\">\u00a1Yogur griego! \u00a1Todo natural, espeso, cremoso y deliciosamente picante! Todos estos yogures naturales no utilizan conservantes, potenciadores de sabor artificiales ni espesantes. \u00a1Tenemos dos variedades para satisfacer las necesidades de todos! \u00a1Echa un vistazo a nuestro yogur griego de leche de oveja con toda la grasa, as\u00ed como a nuestro yogur griego de leche de vaca bajo en grasa! Ambos est\u00e1n listos para tus desayunos con frutas y granola o en tu receta favorita!<\/span><\/p>\n<ul>\n<li><span style=\"font-weight: 300;font-family: merriweather sans\">Yogurt Griego de vaca bajo en Grasa Medio ~8 oz: $5.00<\/span><\/li>\n<li><span style=\"font-weight: 300;font-family: merriweather sans\">Yogurt Griego de vaca bajo en Grasa Grande ~16 oz: $8.00<\/span><\/li>\n<li><span style=\"font-weight: 300;font-family: merriweather sans\">Yogurt griego de leche entera de oveja Peque\u00f1o ~4 oz: $4.00<\/span><\/li>\n<li><span style=\"font-weight: 300;font-family: merriweather sans\">Yogurt griego de leche entera de oveja Medio ~8 oz: $6.50<\/span><\/li>\n<li><span style=\"font-weight: 300;font-family: merriweather sans\">Yogurt griego de leche entera de oveja Grande ~16 oz: $10.00<\/span><\/li>\n<\/ul>\n","protected":false},"featured_media":12175,"comment_status":"open","ping_status":"closed","template":"","meta":{"content-type":""},"product_brand":[],"product_cat":[278],"product_tag":[],"class_list":{"0":"post-7695","1":"product","2":"type-product","3":"status-publish","4":"has-post-thumbnail","6":"product_cat-yogur","7":"has-post-title","8":"has-post-date","9":"has-post-category","10":"has-post-tag","11":"has-post-comment","12":"has-post-author","13":"","15":"first","16":"instock","17":"featured","18":"purchasable","19":"product-type-simple"},"group_of_quantity":0,"min_quantity":0,"max_quantity":"","exclude_order_quantity_value_rules":"no","exclude_category_quantity_rules":"no","combine_variations":"no","jetpack_sharing_enabled":true,"builder_content":"","_links":{"self":[{"href":"https:\/\/laverdeoveja.com\/es\/wp-json\/wp\/v2\/product\/7695","targetHints":{"allow":["GET"]}}],"collection":[{"href":"https:\/\/laverdeoveja.com\/es\/wp-json\/wp\/v2\/product"}],"about":[{"href":"https:\/\/laverdeoveja.com\/es\/wp-json\/wp\/v2\/types\/product"}],"replies":[{"embeddable":true,"href":"https:\/\/laverdeoveja.com\/es\/wp-json\/wp\/v2\/comments?post=7695"}],"wp:featuredmedia":[{"embeddable":true,"href":"https:\/\/laverdeoveja.com\/es\/wp-json\/wp\/v2\/media\/12175"}],"wp:attachment":[{"href":"https:\/\/laverdeoveja.com\/es\/wp-json\/wp\/v2\/media?parent=7695"}],"wp:term":[{"taxonomy":"product_brand","embeddable":true,"href":"https:\/\/laverdeoveja.com\/es\/wp-json\/wp\/v2\/product_brand?post=7695"},{"taxonomy":"product_cat","embeddable":true,"href":"https:\/\/laverdeoveja.com\/es\/wp-json\/wp\/v2\/product_cat?post=7695"},{"taxonomy":"product_tag","embeddable":true,"href":"https:\/\/laverdeoveja.com\/es\/wp-json\/wp\/v2\/product_tag?post=7695"}],"curies":[{"name":"wp","href":"https:\/\/api.w.org\/{rel}","templated":true}]}}