{"id":7708,"date":"2021-10-17T15:06:30","date_gmt":"2021-10-17T20:06:30","guid":{"rendered":"https:\/\/laverdeoveja.com\/shop\/queso-camembert\/"},"modified":"2022-02-05T19:41:05","modified_gmt":"2022-02-06T00:41:05","slug":"queso-camembert","status":"publish","type":"product","link":"https:\/\/laverdeoveja.com\/es\/producto\/queso-camembert\/","title":{"rendered":"Queso Camembert"},"content":{"rendered":"<p><span style=\"color: #3d3030;font-weight: 300;font-family: Merriweather Sans\">\u00a1La Verde Oveja se complace en presentar nuestro Queso Camembert! Este queso es 100% leche de vaca de Bambi y requiere un tiempo de maduraci\u00f3n de 60 d\u00edas para desarrollar su rica pasta central, capa de crema y corteza comestible hermosa. Nuestra corteza utiliza una mezcla \u00fanica de cultivos que brindan m\u00e1s sabor y variaciones de color \u00fanicas que las que se encuentran en el Camembert comercial. Es un hermoso queso que se sirve mejor a temperatura ambiente o al horno. Camembert es el queso perfecto para servir como aperitivo en una ocasi\u00f3n de grupo o una cena \u00edntima para dos.<\/span><\/p>\n<p><span style=\"color: #3d3030;font-weight: 300;font-family: Merriweather Sans\">Se dice que \u00abCortezas Floridas\u00bb puede haberse originado en Normand\u00eda, Francia, donde las mujeres agregaban sal a peque\u00f1os discos de leche cruda agria antes de almacenarlos en bodegas. Los mohos y hongos de la regi\u00f3n ser\u00edan atra\u00eddos por el ambiente \u00e1cido de la leche agria y \u201cflorecer\u00edan\u201d en la superficie del queso, dando paso al ahora muy apreciado queso Camembert.<\/span><\/p>\n<p><span style=\"color: #3d3030;font-weight: 300;font-family: Merriweather Sans\">La maduraci\u00f3n de este queso depender\u00e1 principalmente del contenido de humedad. Un alto contenido de humedad permitir\u00e1 una descomposici\u00f3n continua haciendo que el queso sea suave y untable, mientras que un ambiente m\u00e1s seco har\u00e1 que el queso sea m\u00e1s denso pero a\u00fan sabroso. En cualquier caso, la mejor manera de disfrutar su corteza florida es servirla a temperatura ambiente y perderse el delicioso sabor a hongo azul de la corteza.<\/span><\/p>\n<p><span style=\"color: #3d3030;font-weight: 300;font-family: Merriweather Sans\">Es importante tener en cuenta que, a medida que el queso envejece, mostrar\u00e1 peque\u00f1as manchas marrones, lo cual es de esperar. Pero el queso puede haberse echado a perder si las manchas se agrandan o se vuelven rosadas, o si la corteza tiene una textura pulverulenta, o si el queso desarrolla un olor a amon\u00edaco (fuente: <strong><a href=\"https:\/\/culturecheesemag.com\/cheese-iq\/bloomy-rind\/\">https:\/\/culturecheesemag.com\/cheese-iq\/bloomy-rind \/<\/a><\/strong> )<\/span><\/p>\n<ul>\n<li><span style=\"color: #3d3030;font-weight: 300;font-family: Merriweather Sans\">Mini Rueda ~75 g por $2.75<\/span><\/li>\n<li><span style=\"color: #3d3030;font-weight: 300;font-family: Merriweather Sans\">Rueda peque\u00f1a ~180 g por $5<\/span><\/li>\n<li><span style=\"color: #3d3030;font-weight: 300;font-family: Merriweather Sans\">Rueda mediana ~325 g por $8<\/span><\/li>\n<li><span style=\"color: #3d3030;font-weight: 300;font-family: Merriweather Sans\">Rueda grande ~475 g por $11<\/span><\/li>\n<li><span style=\"color: #3d3030;font-weight: 300;font-family: Merriweather Sans\">Edici\u00f3n especial XL 1 kg por $22<\/span><\/li>\n<\/ul>\n<!--themify_builder_content-->\n<div id=\"themify_builder_content-7708\" data-postid=\"7708\" class=\"themify_builder_content themify_builder_content-7708 themify_builder tf_clear\">\n    <\/div>\n<!--\/themify_builder_content-->\n","protected":false},"excerpt":{"rendered":"<p><span style=\"color: #3d3030;font-weight: 300;font-family: Merriweather Sans\">\u00a1La Verde Oveja se complace en presentar nuestro Queso Camembert! Este queso es 100% leche de vaca de Bambi y requiere un tiempo de maduraci\u00f3n de 60 d\u00edas para desarrollar su rica pasta central, capa de crema y corteza comestible hermosa. Nuestra corteza utiliza una mezcla \u00fanica de cultivos que brindan m\u00e1s sabor y variaciones de color \u00fanicas que las que se encuentran en el Camembert comercial. Es un hermoso queso que se sirve mejor a temperatura ambiente o al horno. Camembert es el queso perfecto para servir como aperitivo en una ocasi\u00f3n de grupo o una cena \u00edntima para dos.<\/span><\/p>\n<ul>\n<li><span style=\"color: #3d3030;font-weight: 300;font-family: Merriweather Sans\">Mini Rueda ~75 g por $2.75<\/span><\/li>\n<li><span style=\"color: #3d3030;font-weight: 300;font-family: Merriweather Sans\">Rueda peque\u00f1a ~180 g por $5<\/span><\/li>\n<li><span style=\"color: #3d3030;font-weight: 300;font-family: Merriweather Sans\">Rueda mediana ~325 g por $8<\/span><\/li>\n<li><span style=\"color: #3d3030;font-weight: 300;font-family: Merriweather Sans\">Rueda grande ~475 g por $11<\/span><\/li>\n<li><span style=\"color: #3d3030;font-weight: 300;font-family: Merriweather Sans\">Edici\u00f3n especial XL 1 kg por $22<\/span><\/li>\n<\/ul>\n","protected":false},"featured_media":7618,"comment_status":"open","ping_status":"closed","template":"","meta":{"content-type":""},"product_brand":[],"product_cat":[275,281],"product_tag":[],"class_list":{"0":"post-7708","1":"product","2":"type-product","3":"status-publish","4":"has-post-thumbnail","6":"product_cat-queso","7":"product_cat-queso-camembert","8":"has-post-title","9":"has-post-date","10":"has-post-category","11":"has-post-tag","12":"has-post-comment","13":"has-post-author","14":"","16":"first","17":"instock","18":"featured","19":"purchasable","20":"product-type-variable"},"group_of_quantity":0,"min_quantity":0,"max_quantity":"","exclude_order_quantity_value_rules":"no","exclude_category_quantity_rules":"no","combine_variations":"no","jetpack_sharing_enabled":true,"builder_content":"","_links":{"self":[{"href":"https:\/\/laverdeoveja.com\/es\/wp-json\/wp\/v2\/product\/7708","targetHints":{"allow":["GET"]}}],"collection":[{"href":"https:\/\/laverdeoveja.com\/es\/wp-json\/wp\/v2\/product"}],"about":[{"href":"https:\/\/laverdeoveja.com\/es\/wp-json\/wp\/v2\/types\/product"}],"replies":[{"embeddable":true,"href":"https:\/\/laverdeoveja.com\/es\/wp-json\/wp\/v2\/comments?post=7708"}],"wp:featuredmedia":[{"embeddable":true,"href":"https:\/\/laverdeoveja.com\/es\/wp-json\/wp\/v2\/media\/7618"}],"wp:attachment":[{"href":"https:\/\/laverdeoveja.com\/es\/wp-json\/wp\/v2\/media?parent=7708"}],"wp:term":[{"taxonomy":"product_brand","embeddable":true,"href":"https:\/\/laverdeoveja.com\/es\/wp-json\/wp\/v2\/product_brand?post=7708"},{"taxonomy":"product_cat","embeddable":true,"href":"https:\/\/laverdeoveja.com\/es\/wp-json\/wp\/v2\/product_cat?post=7708"},{"taxonomy":"product_tag","embeddable":true,"href":"https:\/\/laverdeoveja.com\/es\/wp-json\/wp\/v2\/product_tag?post=7708"}],"curies":[{"name":"wp","href":"https:\/\/api.w.org\/{rel}","templated":true}]}}