{"id":7715,"date":"2021-02-03T16:03:33","date_gmt":"2021-02-03T21:03:33","guid":{"rendered":"https:\/\/laverdeoveja.com\/shop\/montana\/"},"modified":"2022-02-05T19:53:28","modified_gmt":"2022-02-06T00:53:28","slug":"montana","status":"publish","type":"product","link":"https:\/\/laverdeoveja.com\/es\/producto\/montana\/","title":{"rendered":"Monta\u00f1a"},"content":{"rendered":"<p><span style=\"color: #3d3030; font-weight: 300; font-family: merriweather sans;\">Queso a\u00f1ejo estilo alpino de mezcla de leche (oveja y vaca) inspirado en el queso de monta\u00f1a franc\u00e9s estilo Beaufort. Este queso se cuida a mano todos los d\u00edas para que se desarrolle con una soluci\u00f3n de salmuera a fin de desarrollar una hermosa corteza natural.<\/span><\/p>\n<p><span style=\"color: #3d3030; font-weight: 300; font-family: merriweather sans;\">Monta\u00f1a pertenece a la familia de los quesos Gruyere, con una maduraci\u00f3n m\u00ednima de 3 meses y es un queso firme, de baja humedad, de textura cremosa y suave, de color amarillo y con una corteza natural (comestible) marr\u00f3n\/moteada. Tiene un fuerte perfil de sabor es un queso arom\u00e1tico picante.<\/span><\/p>\n<p><span style=\"color: #3d3030; font-weight: 300; font-family: merriweather sans;\">Disfruta del Monta\u00f1a con cervezas artesanales y vinos blancos frescos y minerales. \u00bfSientes m\u00e1s hambre? Tambi\u00e9n hace un maravilloso s\u00e1ndwich de queso a la parrilla, macarrones con queso o se derrite maravillosamente sobre papas al vapor o al horno.<\/span><\/p>\n<ul>\n<li><span style=\"color: #3d3030; font-weight: 300; font-family: merriweather sans;\">$1.82 por oz &#8211; cantidad m\u00ednima 3 oz<\/span><\/li>\n<li><span style=\"color: #3d3030; font-weight: 300; font-family: merriweather sans;\">$6.50 por 100 g &#8211; cantidad m\u00ednima 100 g<\/span><\/li>\n<li><span style=\"color: #3d3030; font-weight: 300; font-family: merriweather sans;\">$29 por libra<\/span><\/li>\n<\/ul>\n<!--themify_builder_content-->\n<div id=\"themify_builder_content-7715\" data-postid=\"7715\" class=\"themify_builder_content themify_builder_content-7715 themify_builder tf_clear\">\n    <\/div>\n<!--\/themify_builder_content-->\n","protected":false},"excerpt":{"rendered":"<p><span style=\"color: #3d3030; font-weight: 300; font-family: merriweather sans;\">Queso a\u00f1ejo estilo alpino de mezcla de leche (oveja y vaca) inspirado en el queso de monta\u00f1a franc\u00e9s estilo Beaufort. Este queso se cuida a mano todos los d\u00edas para que se desarrolle con una soluci\u00f3n de salmuera a fin de desarrollar una hermosa corteza natural.<\/span><\/p>\n<ul>\n<li><span style=\"color: #3d3030; font-weight: 300; font-family: merriweather sans;\">$1.82 por oz &#8211; cantidad m\u00ednima 3 oz<\/span><\/li>\n<li><span style=\"color: #3d3030; font-weight: 300; font-family: merriweather sans;\">$6.50 por 100 g &#8211; cantidad m\u00ednima 100 g<\/span><\/li>\n<li><span style=\"color: #3d3030; font-weight: 300; font-family: merriweather sans;\">$29 por libra<\/span><\/li>\n<\/ul>\n","protected":false},"featured_media":7543,"comment_status":"open","ping_status":"closed","template":"","meta":{"content-type":""},"product_brand":[],"product_cat":[283,275],"product_tag":[],"class_list":{"0":"post-7715","1":"product","2":"type-product","3":"status-publish","4":"has-post-thumbnail","6":"product_cat-montana-es","7":"product_cat-queso","8":"has-post-title","9":"has-post-date","10":"has-post-category","11":"has-post-tag","12":"has-post-comment","13":"has-post-author","14":"","16":"first","17":"instock","18":"featured","19":"shipping-taxable","20":"purchasable","21":"product-type-variable"},"group_of_quantity":0,"min_quantity":0,"max_quantity":"","exclude_order_quantity_value_rules":"no","exclude_category_quantity_rules":"no","combine_variations":"no","jetpack_sharing_enabled":true,"builder_content":"","_links":{"self":[{"href":"https:\/\/laverdeoveja.com\/es\/wp-json\/wp\/v2\/product\/7715","targetHints":{"allow":["GET"]}}],"collection":[{"href":"https:\/\/laverdeoveja.com\/es\/wp-json\/wp\/v2\/product"}],"about":[{"href":"https:\/\/laverdeoveja.com\/es\/wp-json\/wp\/v2\/types\/product"}],"replies":[{"embeddable":true,"href":"https:\/\/laverdeoveja.com\/es\/wp-json\/wp\/v2\/comments?post=7715"}],"wp:featuredmedia":[{"embeddable":true,"href":"https:\/\/laverdeoveja.com\/es\/wp-json\/wp\/v2\/media\/7543"}],"wp:attachment":[{"href":"https:\/\/laverdeoveja.com\/es\/wp-json\/wp\/v2\/media?parent=7715"}],"wp:term":[{"taxonomy":"product_brand","embeddable":true,"href":"https:\/\/laverdeoveja.com\/es\/wp-json\/wp\/v2\/product_brand?post=7715"},{"taxonomy":"product_cat","embeddable":true,"href":"https:\/\/laverdeoveja.com\/es\/wp-json\/wp\/v2\/product_cat?post=7715"},{"taxonomy":"product_tag","embeddable":true,"href":"https:\/\/laverdeoveja.com\/es\/wp-json\/wp\/v2\/product_tag?post=7715"}],"curies":[{"name":"wp","href":"https:\/\/api.w.org\/{rel}","templated":true}]}}