{"id":7719,"date":"2021-02-02T14:34:51","date_gmt":"2021-02-02T19:34:51","guid":{"rendered":"https:\/\/laverdeoveja.com\/shop\/cuajada-de-queso-cheddar-para-bebes\/"},"modified":"2022-02-05T19:57:36","modified_gmt":"2022-02-06T00:57:36","slug":"baby-cheddar-queso-cuajada","status":"publish","type":"product","link":"https:\/\/laverdeoveja.com\/es\/producto\/baby-cheddar-queso-cuajada\/","title":{"rendered":"Cuajada de queso baby cheddar"},"content":{"rendered":"<p><span style=\"color: #3d3030; font-weight: 300; font-family: merriweather sans;\">Una cuajada de queso no es un tipo especial de queso. Es solo un queso cheddar joven, uno que no ha envejecido en absoluto. Estas cuajadas se separan del suero durante el proceso de elaboraci\u00f3n del queso y, en lugar de moldearse para una futura rueda de queso, se cortan en rodajas y se empaquetan para venderlas de inmediato.<\/span><br \/>\n<span style=\"color: #3d3030; font-weight: 300; font-family: merriweather sans;\">Las cuajadas de queso son poco conocidas en lugares sin f\u00e1bricas de queso porque, idealmente, deben comerse absolutamente frescas, a los pocos d\u00edas de su fabricaci\u00f3n. Tienen aproximadamente la misma firmeza que el queso pero tienen una textura el\u00e1stica o gomosa. Por lo general, son de color naranja claro y son peque\u00f1os trozos de queso, aproximadamente del tama\u00f1o de cacahuetes, que, si est\u00e1n muy frescos, chirr\u00edan cuando los muerdes. El \u00abchirrido\u00bb es un sonido muy agudo. A medida que envejecen en su refrigerador, el chirrido disminuir\u00e1, \u00a1pero el sabor es incre\u00edble! Si quieres recuperar el chirrido, m\u00e9telos en el microondas durante unos segundos.<\/span><br \/>\n<span style=\"color: #3d3030; font-weight: 300; font-family: merriweather sans;\">Quebec, Canad\u00e1, tiene su propia forma popular de comer cuajada de queso llamada Poutine. La poutine es una receta franco-canadiense en la que las papas fritas se cubren con cuajada de queso y salsa. Otras formas de comer cuajada de queso es roci\u00e1ndolas con diferentes condimentos como ajo, jalape\u00f1o, caj\u00fan, chipotle, pesto, piment\u00f3n, pimienta y luego servirlas y comerlas como papas fritas. Algunas personas incluso los comen con ketchup, como lo har\u00edan con papas fritas. \u00a1Son el snack alto en prote\u00ednas perfecto!<\/span><br \/>\n<span style=\"color: #3d3030; font-weight: 300; font-family: merriweather sans;\">\u00a1Disfruta de tus frescas, chirriantes y sabrosas cuajadas de queso baby cheddar!<\/span><\/p>\n<ul>\n<li><span style=\"color: #3d3030; font-weight: 300; font-family: merriweather sans;\">Bolsa mediana de ~8 oz por $6<\/span><\/li>\n<li><span style=\"color: #3d3030; font-weight: 300; font-family: merriweather sans;\">Bolsa grande de ~16 oz (1 lb) por $10<\/span><\/li>\n<\/ul>\n<!--themify_builder_content-->\n<div id=\"themify_builder_content-7719\" data-postid=\"7719\" class=\"themify_builder_content themify_builder_content-7719 themify_builder tf_clear\">\n    <\/div>\n<!--\/themify_builder_content-->\n","protected":false},"excerpt":{"rendered":"<p><span style=\"color: #3d3030; font-weight: 300; font-family: merriweather sans;\">Una cuajada de queso no es un tipo especial de queso. Es solo un queso cheddar joven, uno que no ha envejecido en absoluto. Estas cuajadas se separan del suero durante el proceso de elaboraci\u00f3n del queso y, en lugar de moldearse para una futura rueda de queso, se cortan en rodajas y se empaquetan para venderlas de inmediato. \u00a1Son el snack alto en prote\u00ednas perfecto! \u00a1Disfruta de tus frescas, chirriantes y sabrosas cuajadas de queso baby cheddar!<\/span><\/p>\n<ul>\n<li><span style=\"color: #3d3030; font-weight: 300; font-family: merriweather sans;\">Bolsa mediana de ~8 oz por $6<\/span><\/li>\n<li><span style=\"color: #3d3030; font-weight: 300; font-family: merriweather sans;\">Bolsa grande de ~16 oz (1 lb) por $10<\/span><\/li>\n<\/ul>\n","protected":false},"featured_media":7542,"comment_status":"open","ping_status":"closed","template":"","meta":{"content-type":""},"product_brand":[],"product_cat":[284,275,276],"product_tag":[],"class_list":{"0":"post-7719","1":"product","2":"type-product","3":"status-publish","4":"has-post-thumbnail","6":"product_cat-cuajada-de-queso-cheddar-para-bebes","7":"product_cat-queso","8":"product_cat-quesos-para-yanayacu","9":"has-post-title","10":"has-post-date","11":"has-post-category","12":"has-post-tag","13":"has-post-comment","14":"has-post-author","15":"","17":"first","18":"instock","19":"featured","20":"shipping-taxable","21":"purchasable","22":"product-type-variable"},"group_of_quantity":0,"min_quantity":0,"max_quantity":"","exclude_order_quantity_value_rules":"no","exclude_category_quantity_rules":"no","combine_variations":"no","jetpack_sharing_enabled":true,"builder_content":"","_links":{"self":[{"href":"https:\/\/laverdeoveja.com\/es\/wp-json\/wp\/v2\/product\/7719","targetHints":{"allow":["GET"]}}],"collection":[{"href":"https:\/\/laverdeoveja.com\/es\/wp-json\/wp\/v2\/product"}],"about":[{"href":"https:\/\/laverdeoveja.com\/es\/wp-json\/wp\/v2\/types\/product"}],"replies":[{"embeddable":true,"href":"https:\/\/laverdeoveja.com\/es\/wp-json\/wp\/v2\/comments?post=7719"}],"wp:featuredmedia":[{"embeddable":true,"href":"https:\/\/laverdeoveja.com\/es\/wp-json\/wp\/v2\/media\/7542"}],"wp:attachment":[{"href":"https:\/\/laverdeoveja.com\/es\/wp-json\/wp\/v2\/media?parent=7719"}],"wp:term":[{"taxonomy":"product_brand","embeddable":true,"href":"https:\/\/laverdeoveja.com\/es\/wp-json\/wp\/v2\/product_brand?post=7719"},{"taxonomy":"product_cat","embeddable":true,"href":"https:\/\/laverdeoveja.com\/es\/wp-json\/wp\/v2\/product_cat?post=7719"},{"taxonomy":"product_tag","embeddable":true,"href":"https:\/\/laverdeoveja.com\/es\/wp-json\/wp\/v2\/product_tag?post=7719"}],"curies":[{"name":"wp","href":"https:\/\/api.w.org\/{rel}","templated":true}]}}