{"id":7727,"date":"2021-02-04T14:20:27","date_gmt":"2021-02-04T19:20:27","guid":{"rendered":"https:\/\/laverdeoveja.com\/shop\/leche-jersey-de-bambi\/"},"modified":"2022-09-20T12:27:28","modified_gmt":"2022-09-20T17:27:28","slug":"jersey-milk-by-bambi","status":"publish","type":"product","link":"https:\/\/laverdeoveja.com\/es\/producto\/jersey-milk-by-bambi\/","title":{"rendered":"Leche Jersey de \u00abBambi\u00bb"},"content":{"rendered":"<p><span style=\"color: #3d30303; font-weight: 300;font-family: merriweather sans;\">Leche fresca, natural y pasteurizada de vaca Jersey de \u201cBambi\u201d. Esta leche tiene una vida \u00fatil de dos semanas en el refrigerador. No est\u00e1 homogeneizado, por lo que, naturalmente, la capa de crema se separar\u00e1 en la parte superior del recipiente. El rico color amarillo de la crema proviene del betacaroteno que Bambi concentra de su dieta rica en pastos y minerales. <\/span><\/p>\n<p><span style=\"color: #3d30303; font-weight: 300;font-family: merriweather sans;\">Tambi\u00e9n presentamos esta leche en una versi\u00f3n baja en grasa (desnatada hasta aproximadamente un 1,5-2% de grasa). \u00a1Aseg\u00farese de elegir el producto exacto que desea tener!<\/span><\/p>\n<ul>\n<li><span style=\"color: #3d30303; font-weight: 300;font-family: merriweather sans;\">1\/2 Gal\u00f3n de Leche Entera: $3.00<\/span><\/li>\n<li><span style=\"color: #3d30303; font-weight: 300;font-family: merriweather sans;\">1 Gal\u00f3n de Leche Entera: $6.00<\/span><\/li>\n<li><span style=\"color: #3d30303; font-weight: 300;font-family: merriweather sans;\">1\/2 gal\u00f3n bajo en grasa (1.5-2%): $3.25<\/span><\/li>\n<li><span style=\"color: #3d30303; font-weight: 300;font-family: merriweather sans;\">1 gal\u00f3n bajo en grasa (1.5-2%): $6.50<\/span><\/li>\n<\/ul>\n<!--themify_builder_content-->\n<div id=\"themify_builder_content-7727\" data-postid=\"7727\" class=\"themify_builder_content themify_builder_content-7727 themify_builder tf_clear\">\n    <\/div>\n<!--\/themify_builder_content-->\n","protected":false},"excerpt":{"rendered":"<p><span style=\"color: #3d30303; font-weight: 300;font-family: merriweather sans;\">Leche fresca, natural y pasteurizada de vaca Jersey de \u201cBambi\u201d. Esta leche tiene una vida \u00fatil de dos semanas en el refrigerador. No est\u00e1 homogeneizado, por lo que, naturalmente, la capa de crema se separar\u00e1 en la parte superior del recipiente. El rico color amarillo de la crema proviene del betacaroteno que Bambi concentra de su dieta rica en pastos y minerales. Tambi\u00e9n presentamos esta leche en una versi\u00f3n baja en grasa (desnatada hasta aproximadamente un 1,5-2% de grasa).<\/span><\/p>\n<ul>\n<li><span style=\"color: #3d30303; font-weight: 300;font-family: merriweather sans;\">1\/2 Gal\u00f3n de Leche Entera: $3.00<\/span><\/li>\n<li><span style=\"color: #3d30303; font-weight: 300;font-family: merriweather sans;\">1 Gal\u00f3n de Leche Entera: $6.00<\/span><\/li>\n<li><span style=\"color: #3d30303; font-weight: 300;font-family: merriweather sans;\">1\/2 gal\u00f3n bajo en grasa (1.5-2%): $3.25<\/span><\/li>\n<li><span style=\"color: #3d30303; font-weight: 300;font-family: merriweather sans;\">1 gal\u00f3n bajo en grasa (1.5-2%): $6.50<\/span><\/li>\n<\/ul>\n","protected":false},"featured_media":7534,"comment_status":"open","ping_status":"closed","template":"","meta":{"content-type":""},"product_brand":[],"product_cat":[275],"product_tag":[],"class_list":{"0":"post-7727","1":"product","2":"type-product","3":"status-publish","4":"has-post-thumbnail","6":"product_cat-queso","7":"has-post-title","8":"has-post-date","9":"has-post-category","10":"has-post-tag","11":"has-post-comment","12":"has-post-author","13":"","15":"first","16":"instock","17":"featured","18":"purchasable","19":"product-type-variable"},"group_of_quantity":0,"min_quantity":0,"max_quantity":"","exclude_order_quantity_value_rules":"no","exclude_category_quantity_rules":"no","combine_variations":"no","jetpack_sharing_enabled":true,"builder_content":"","_links":{"self":[{"href":"https:\/\/laverdeoveja.com\/es\/wp-json\/wp\/v2\/product\/7727","targetHints":{"allow":["GET"]}}],"collection":[{"href":"https:\/\/laverdeoveja.com\/es\/wp-json\/wp\/v2\/product"}],"about":[{"href":"https:\/\/laverdeoveja.com\/es\/wp-json\/wp\/v2\/types\/product"}],"replies":[{"embeddable":true,"href":"https:\/\/laverdeoveja.com\/es\/wp-json\/wp\/v2\/comments?post=7727"}],"wp:featuredmedia":[{"embeddable":true,"href":"https:\/\/laverdeoveja.com\/es\/wp-json\/wp\/v2\/media\/7534"}],"wp:attachment":[{"href":"https:\/\/laverdeoveja.com\/es\/wp-json\/wp\/v2\/media?parent=7727"}],"wp:term":[{"taxonomy":"product_brand","embeddable":true,"href":"https:\/\/laverdeoveja.com\/es\/wp-json\/wp\/v2\/product_brand?post=7727"},{"taxonomy":"product_cat","embeddable":true,"href":"https:\/\/laverdeoveja.com\/es\/wp-json\/wp\/v2\/product_cat?post=7727"},{"taxonomy":"product_tag","embeddable":true,"href":"https:\/\/laverdeoveja.com\/es\/wp-json\/wp\/v2\/product_tag?post=7727"}],"curies":[{"name":"wp","href":"https:\/\/api.w.org\/{rel}","templated":true}]}}