{"id":7732,"date":"2021-01-10T16:02:17","date_gmt":"2021-01-10T21:02:17","guid":{"rendered":"https:\/\/laverdeoveja.com\/shop\/halloumi\/"},"modified":"2022-02-05T20:08:27","modified_gmt":"2022-02-06T01:08:27","slug":"halloumi","status":"publish","type":"product","link":"https:\/\/laverdeoveja.com\/es\/producto\/halloumi\/","title":{"rendered":"Halloumi"},"content":{"rendered":"<p><span style=\"font-weight: 300; font-family: merriweather sans;\">Un queso \u00fanico con un trasfondo fascinante, conocido como \u201coro blanco\u201d, en la isla de Chipre, donde se origin\u00f3, el queso Halloumi es la principal exportaci\u00f3n de alimentos del pa\u00eds. Halloumi es tan preciado que, en marzo de este a\u00f1o, la UE lo design\u00f3 como un producto de Denominaci\u00f3n de Origen Protegida, unificando potencialmente a los queseros grecochipriotas y turcochipriotas que habitan la isla dividida durante mucho tiempo.<\/span><\/p>\n<p><span style=\"font-weight: 300; font-family: merriweather sans;\">El queso Halloumi (Hellim en turco) es un queso masticable, chirriante y muy salado, generalmente elaborado con leche de cabra u oveja, o una mezcla de las dos; \u00a1Este queso es muy apreciado por sus propiedades para asar y fre\u00edr porque no se derrite sino que se calienta bien por todas partes! <\/span><\/p>\n<p><span style=\"font-weight: 300; font-family: merriweather sans;\">Como la mayor\u00eda de los quesos, el halloumi se elabora calentando la leche y a\u00f1adiendo cuajo para coagular la leche. Una vez que la cuajada comienza a formarse, el suero se drena y la cuajada se corta y se prensa en moldes. Sin embargo, halloumi es \u00fanico ya que hay un paso de calentamiento adicional, donde el queso se escalfa en suero, y esto es lo que le da a Halloumi su propiedad de alto punto de fusi\u00f3n. El paso final consiste en salar y espolvorear el queso con menta. Otra caracter\u00edstica distintiva de este queso es que no se utilizan bacterias del \u00e1cido l\u00e1ctico. <\/span><\/p>\n<p><span style=\"font-weight: 300; font-family: merriweather sans;\">La forma m\u00e1s deliciosa de comer su Halloumi es asarlo a la parrilla, o fre\u00edrlo en una sart\u00e9n, y agregarlo a su plato favorito, digamos un buen plato de ensalada, o tambi\u00e9n como sustituto de la carne, ya que tiene un alto contenido de prote\u00ednas. <\/span><\/p>\n<p><span style=\"font-weight: 300; font-family: merriweather sans;\">Halloumi se puede comer fresco tan pronto como 3 a 5 d\u00edas despu\u00e9s de haberlo hecho, pero tambi\u00e9n se puede refrigerar en una soluci\u00f3n de salmuera durante 2 semanas y luego sacarlo de la salmuera y secarlo en papel encerado durante varios meses m\u00e1s. El perfil de sabor de Halloumi se intensifica a medida que envejece. <\/span><\/p>\n<p><span style=\"font-weight: 300; font-family: merriweather sans;\">La Verde Oveja crea un queso estilo halloumi utilizando 100% leche de oveja y lo envejece durante un m\u00ednimo de 2 semanas antes de lanzarlo y venderlo en una soluci\u00f3n de salmuera. <\/span><\/p>\n<ul>\n<li><span style=\"font-weight: 300; font-family: merriweather sans;\">Bolsa peque\u00f1a ~4 oz por $7<\/span><\/li>\n<li><span style=\"font-weight: 300; font-family: merriweather sans;\">Bolsa grande ~8 oz por $14<\/span><\/li>\n<\/ul>\n<!--themify_builder_content-->\n<div id=\"themify_builder_content-7732\" data-postid=\"7732\" class=\"themify_builder_content themify_builder_content-7732 themify_builder tf_clear\">\n    <\/div>\n<!--\/themify_builder_content-->\n","protected":false},"excerpt":{"rendered":"<p><span style=\"font-weight: 300; font-family: merriweather sans;\">La Verde Oveja crea un queso estilo halloumi utilizando 100% leche de oveja y lo envejece durante un m\u00ednimo de 2 semanas antes de lanzarlo y venderlo en una soluci\u00f3n de salmuera. Lea acerca de nuestro delicioso <strong><a href=\"https:\/\/laverdeoveja.com\/halloumi-style\/\" target=\"_blank\" rel=\"noopener\">Halloumi<\/a><\/strong> . <\/span><\/p>\n<ul>\n<li><span style=\"font-weight: 300; font-family: merriweather sans;\">Bolsa peque\u00f1a ~4 oz por $7<\/span><\/li>\n<li><span style=\"font-weight: 300; font-family: merriweather sans;\">Bolsa grande ~8 oz por $14<\/span><\/li>\n<\/ul>\n","protected":false},"featured_media":7479,"comment_status":"open","ping_status":"closed","template":"","meta":{"content-type":""},"product_brand":[],"product_cat":[287,275],"product_tag":[],"class_list":{"0":"post-7732","1":"product","2":"type-product","3":"status-publish","4":"has-post-thumbnail","6":"product_cat-halloumi-es","7":"product_cat-queso","8":"has-post-title","9":"has-post-date","10":"has-post-category","11":"has-post-tag","12":"has-post-comment","13":"has-post-author","14":"","16":"first","17":"instock","18":"featured","19":"purchasable","20":"product-type-variable"},"group_of_quantity":0,"min_quantity":0,"max_quantity":"","exclude_order_quantity_value_rules":"no","exclude_category_quantity_rules":"no","combine_variations":"no","jetpack_sharing_enabled":true,"builder_content":"","_links":{"self":[{"href":"https:\/\/laverdeoveja.com\/es\/wp-json\/wp\/v2\/product\/7732","targetHints":{"allow":["GET"]}}],"collection":[{"href":"https:\/\/laverdeoveja.com\/es\/wp-json\/wp\/v2\/product"}],"about":[{"href":"https:\/\/laverdeoveja.com\/es\/wp-json\/wp\/v2\/types\/product"}],"replies":[{"embeddable":true,"href":"https:\/\/laverdeoveja.com\/es\/wp-json\/wp\/v2\/comments?post=7732"}],"wp:featuredmedia":[{"embeddable":true,"href":"https:\/\/laverdeoveja.com\/es\/wp-json\/wp\/v2\/media\/7479"}],"wp:attachment":[{"href":"https:\/\/laverdeoveja.com\/es\/wp-json\/wp\/v2\/media?parent=7732"}],"wp:term":[{"taxonomy":"product_brand","embeddable":true,"href":"https:\/\/laverdeoveja.com\/es\/wp-json\/wp\/v2\/product_brand?post=7732"},{"taxonomy":"product_cat","embeddable":true,"href":"https:\/\/laverdeoveja.com\/es\/wp-json\/wp\/v2\/product_cat?post=7732"},{"taxonomy":"product_tag","embeddable":true,"href":"https:\/\/laverdeoveja.com\/es\/wp-json\/wp\/v2\/product_tag?post=7732"}],"curies":[{"name":"wp","href":"https:\/\/api.w.org\/{rel}","templated":true}]}}