{"id":7735,"date":"2021-06-18T14:07:22","date_gmt":"2021-06-18T19:07:22","guid":{"rendered":"https:\/\/laverdeoveja.com\/shop\/envolturas-de-cera-superbee\/"},"modified":"2022-02-05T20:11:55","modified_gmt":"2022-02-06T01:11:55","slug":"superbee-wax-wraps","status":"publish","type":"product","link":"https:\/\/laverdeoveja.com\/es\/producto\/superbee-wax-wraps\/","title":{"rendered":"Envolturas de cera SuperBee"},"content":{"rendered":"<p><span style=\"color: #3d3030; font-family: merriweather sans; font-weight: 300;\">Cada juego para principiantes contiene 1 envoltura de cera peque\u00f1a (20 x 20 cm), mediana (26 x 26 cm) y grande (33 x 33 cm). Puede usarlos para envolver cualquiera de las cu\u00f1as de queso a\u00f1ejo, desde medio aguacate, un plato de sobras hasta una barra de pan.<\/span><\/p>\n<p><span style=\"color: #3d3030; font-family: merriweather sans; font-weight: 300;\">Las envolturas de cera SuperBee son una alternativa ecol\u00f3gica y duradera a la envoltura de pl\u00e1stico. Cubren f\u00e1cilmente la comida y los platos, formando un sello herm\u00e9tico para mantener la comida fresca, limpia y segura sin desperdicios.<\/span><\/p>\n<p><span style=\"color: #3d3030; font-family: merriweather sans; font-weight: 300;\">Estas galardonadas envolturas de cera de abeja son \u00e9ticamente hechas a mano, sostenibles, de alta calidad y certificadas como seguras para los alimentos. Adem\u00e1s, son antibacterianos, lavables, reutilizables y compostables.<\/span><\/p>\n<p><span style=\"color: #3d3030; font-family: merriweather sans; font-weight: 300;\">Las envolturas de cera SuperBee est\u00e1n hechas a mano a partir de:<\/span><\/p>\n<ul style=\"color: #3d3030; font-family: merriweather sans; font-weight: 300;\">\n<li><span style=\"color: #3d3030; font-weight: 300;\">100% algod\u00f3n org\u00e1nico certificado GOTS<\/span><\/li>\n<li><span style=\"color: #3d3030; font-weight: 300;\">Cera de abejas<\/span><\/li>\n<li><span style=\"color: #3d3030; font-weight: 300;\">resina de \u00e1rbol<\/span><\/li>\n<li><span style=\"color: #3d3030; font-weight: 300;\">Aceite de coco org\u00e1nico<\/span><\/li>\n<\/ul>\n<!--themify_builder_content-->\n<div id=\"themify_builder_content-7735\" data-postid=\"7735\" class=\"themify_builder_content themify_builder_content-7735 themify_builder tf_clear\">\n    <\/div>\n<!--\/themify_builder_content-->\n","protected":false},"excerpt":{"rendered":"<p><span style=\"color: #3d3030; font-family: merriweather sans; font-weight: 300;\">Las envolturas de cera SuperBee son una alternativa ecol\u00f3gica y duradera a la envoltura de pl\u00e1stico. Cubren f\u00e1cilmente la comida y los platos, formando un sello herm\u00e9tico para mantener la comida fresca, limpia y segura sin desperdicios.<\/span><\/p>\n","protected":false},"featured_media":7410,"comment_status":"open","ping_status":"closed","template":"","meta":{"content-type":""},"product_brand":[],"product_cat":[288],"product_tag":[],"class_list":{"0":"post-7735","1":"product","2":"type-product","3":"status-publish","4":"has-post-thumbnail","6":"product_cat-otras-golosinas","7":"has-post-title","8":"has-post-date","9":"has-post-category","10":"has-post-tag","11":"has-post-comment","12":"has-post-author","13":"","15":"first","16":"instock","17":"featured","18":"purchasable","19":"product-type-variable"},"group_of_quantity":0,"min_quantity":0,"max_quantity":"","exclude_order_quantity_value_rules":"no","exclude_category_quantity_rules":"no","combine_variations":"no","jetpack_sharing_enabled":true,"builder_content":"","_links":{"self":[{"href":"https:\/\/laverdeoveja.com\/es\/wp-json\/wp\/v2\/product\/7735","targetHints":{"allow":["GET"]}}],"collection":[{"href":"https:\/\/laverdeoveja.com\/es\/wp-json\/wp\/v2\/product"}],"about":[{"href":"https:\/\/laverdeoveja.com\/es\/wp-json\/wp\/v2\/types\/product"}],"replies":[{"embeddable":true,"href":"https:\/\/laverdeoveja.com\/es\/wp-json\/wp\/v2\/comments?post=7735"}],"wp:featuredmedia":[{"embeddable":true,"href":"https:\/\/laverdeoveja.com\/es\/wp-json\/wp\/v2\/media\/7410"}],"wp:attachment":[{"href":"https:\/\/laverdeoveja.com\/es\/wp-json\/wp\/v2\/media?parent=7735"}],"wp:term":[{"taxonomy":"product_brand","embeddable":true,"href":"https:\/\/laverdeoveja.com\/es\/wp-json\/wp\/v2\/product_brand?post=7735"},{"taxonomy":"product_cat","embeddable":true,"href":"https:\/\/laverdeoveja.com\/es\/wp-json\/wp\/v2\/product_cat?post=7735"},{"taxonomy":"product_tag","embeddable":true,"href":"https:\/\/laverdeoveja.com\/es\/wp-json\/wp\/v2\/product_tag?post=7735"}],"curies":[{"name":"wp","href":"https:\/\/api.w.org\/{rel}","templated":true}]}}