{"id":7740,"date":"2021-05-17T15:26:39","date_gmt":"2021-05-17T20:26:39","guid":{"rendered":"https:\/\/laverdeoveja.com\/shop\/hielera-de-lados-blandos-grande\/"},"modified":"2022-02-05T21:19:01","modified_gmt":"2022-02-06T02:19:01","slug":"cooler-grande","status":"publish","type":"product","link":"https:\/\/laverdeoveja.com\/es\/producto\/cooler-grande\/","title":{"rendered":"Cooler grande"},"content":{"rendered":"<p><span style=\"color: #3d3030; font-family: merriweather sans; font-weight: 300;\">El cooler grande de La Verde Oveja es perfecto para almacenar sus compras de queso y cordero el d\u00eda de la compra. El interior del compartimento principal est\u00e1 totalmente aislado y hay un peque\u00f1o bolsillo utilitario en el exterior, perfecto para guardar bolsas de la compra reutilizables u otros art\u00edculos esenciales el d\u00eda de la compra.<\/span><\/p>\n<ul style=\"font-family: merriweather sans; font-weight: 300;\">\n<li><span style=\"color: #3d3030; font-weight: 300;\">Construido con polipropileno resistente al agua, no tejido recubierto de 80 gsm, lo que hace que este bolso sea extremadamente pr\u00e1ctico.<\/span><\/li>\n<li><span style=\"color: #3d3030; font-weight: 300;\">El compartimento principal con cremallera cuenta con aislamiento de espuma PE laminada con papel de aluminio para mantener convenientemente su contenido fresco.<\/span><\/li>\n<li><span style=\"color: #3d3030; font-weight: 300;\">Incluye un bolsillo frontal que es ideal para guardar tus boletos para el gran juego.<\/span><\/li>\n<li><span style=\"color: #3d3030; font-weight: 300;\">La correa para el hombro es ajustable para un transporte c\u00f3modo y oportuno.<\/span><\/li>\n<li><span style=\"color: #3d3030; font-weight: 300;\">Tama\u00f1o: 11&#8243; alto x 9&#8243; redondo.<\/span><\/li>\n<\/ul>\n<!--themify_builder_content-->\n<div id=\"themify_builder_content-7740\" data-postid=\"7740\" class=\"themify_builder_content themify_builder_content-7740 themify_builder tf_clear\">\n                    <div  data-css_id=\"zb55975\" data-lazy=\"1\" class=\"module_row themify_builder_row fullwidth tb_zb55975 tb_first tf_w\">\n                        <div class=\"row_inner col_auto_height gutter-none col_align_top tb_col_count_2 tf_box tf_rel\">\n                        <div  data-lazy=\"1\" class=\"module_column tb-column col3-1 tb_tuzw976 first\">\n                            <\/div>\n                    <div  data-lazy=\"1\" class=\"module_column tb-column col3-2 tb_vz53193 last\">\n                            <\/div>\n                        <\/div>\n        <\/div>\n        <\/div>\n<!--\/themify_builder_content-->\n","protected":false},"excerpt":{"rendered":"<p><span style=\"color: #3d3030; font-family: merriweather sans; font-weight: 300;\">El cooler grande de La Verde Oveja es perfecto para almacenar sus compras de queso y cordero el d\u00eda de la compra.<\/span><\/p>\n","protected":false},"featured_media":7386,"comment_status":"open","ping_status":"closed","template":"","meta":{"content-type":""},"product_brand":[],"product_cat":[288,289],"product_tag":[],"class_list":{"0":"post-7740","1":"product","2":"type-product","3":"status-publish","4":"has-post-thumbnail","6":"product_cat-otras-golosinas","7":"product_cat-refrigeradores-de-lados-blandos","8":"has-post-title","9":"has-post-date","10":"has-post-category","11":"has-post-tag","12":"has-post-comment","13":"has-post-author","14":"","16":"first","17":"instock","18":"featured","19":"purchasable","20":"product-type-simple"},"group_of_quantity":0,"min_quantity":0,"max_quantity":"","exclude_order_quantity_value_rules":"no","exclude_category_quantity_rules":"no","combine_variations":"no","jetpack_sharing_enabled":true,"builder_content":"","_links":{"self":[{"href":"https:\/\/laverdeoveja.com\/es\/wp-json\/wp\/v2\/product\/7740","targetHints":{"allow":["GET"]}}],"collection":[{"href":"https:\/\/laverdeoveja.com\/es\/wp-json\/wp\/v2\/product"}],"about":[{"href":"https:\/\/laverdeoveja.com\/es\/wp-json\/wp\/v2\/types\/product"}],"replies":[{"embeddable":true,"href":"https:\/\/laverdeoveja.com\/es\/wp-json\/wp\/v2\/comments?post=7740"}],"wp:featuredmedia":[{"embeddable":true,"href":"https:\/\/laverdeoveja.com\/es\/wp-json\/wp\/v2\/media\/7386"}],"wp:attachment":[{"href":"https:\/\/laverdeoveja.com\/es\/wp-json\/wp\/v2\/media?parent=7740"}],"wp:term":[{"taxonomy":"product_brand","embeddable":true,"href":"https:\/\/laverdeoveja.com\/es\/wp-json\/wp\/v2\/product_brand?post=7740"},{"taxonomy":"product_cat","embeddable":true,"href":"https:\/\/laverdeoveja.com\/es\/wp-json\/wp\/v2\/product_cat?post=7740"},{"taxonomy":"product_tag","embeddable":true,"href":"https:\/\/laverdeoveja.com\/es\/wp-json\/wp\/v2\/product_tag?post=7740"}],"curies":[{"name":"wp","href":"https:\/\/api.w.org\/{rel}","templated":true}]}}