{"id":7744,"date":"2021-01-01T14:39:47","date_gmt":"2021-01-01T19:39:47","guid":{"rendered":"https:\/\/laverdeoveja.com\/shop\/queso-untable-fresco\/"},"modified":"2022-02-05T21:04:22","modified_gmt":"2022-02-06T02:04:22","slug":"queso-fresco-untable","status":"publish","type":"product","link":"https:\/\/laverdeoveja.com\/es\/producto\/queso-fresco-untable\/","title":{"rendered":"Queso Fresco Untable"},"content":{"rendered":"<p><span style=\"color: #3d3030;font-weight: 300;font-family: merriweather sans\"><b>Queso Fresco Untable de oveja para untar: \u00a1Tan bueno como se puede!<\/b><\/span><\/p>\n<p><span style=\"color: #3d3030;font-weight: 300;font-family: merriweather sans\">Una opci\u00f3n favorita y es multiusos. El queso de oveja fresco se elabora con cultivos y cuajo, se escurre y madura durante tan solo 24 horas. No est\u00e1 envejecido y tiene una textura similar al queso crema, aunque no tan suave, se usa mejor como queso para untar. Sirva sobre galletas saladas, pan, rebanadas de manzana, con chips, las opciones son infinitas! Puede ser simple o bastante salado ya que podemos agregarle condimentos como ajo y pimienta en grano, romero, finas hierbas y chiles rojos picantes. <\/span><\/p>\n<p><span style=\"color: #3d3030;font-weight: 300;font-family: merriweather sans\">Nuestro Queso Fresco Untable tiene una vida \u00fatil de 3 a 4 semanas en un recipiente cerrado en su refrigerador. Estos quesos se vuelven m\u00e1s suaves y f\u00e1ciles de untar a medida que se calientan a temperatura ambiente y sus sabores mejoran cuando no se sirven fr\u00edos. <\/span><\/p>\n<p><span style=\"color: #3d3030;font-weight: 300;font-family: merriweather sans\">Esperamos que esta informaci\u00f3n te haya sido de utilidad y que sigas disfrutando de los quesos de oveja La Verde Oveja.<\/span><\/p>\n<table id=\"tablepress-3\" class=\"tablepress tablepress-id-3\">\n<caption style=\"caption-side:bottom;text-align:left;border:none;background:none;margin:0;padding:0\"><a href=\"https:\/\/laverdeoveja.com\/wp-admin\/admin.php?page=tablepress&amp;action=edit&amp;table_id=3\" rel=\"nofollow\">Editar<\/a><\/caption>\n<thead>\n<tr class=\"row-1\">\n<th colspan=\"2\" class=\"column-1\"><strong>Sabores Disponibles<\/strong>\n<\/th>\n<\/tr>\n<\/thead>\n<tbody>\n<tr class=\"row-2\">\n<td colspan=\"2\" class=\"column-1\">Natural, Aj\u00ed Rojo, Ajo y Pimienta, Finas Hierbas, Romero<\/td>\n<\/tr>\n<tr class=\"row-3\">\n<td class=\"column-1\"><span style=\"color: #ffffff\"><strong>Tallas disponibles<\/strong><\/span><\/td>\n<td class=\"column-2\"><span style=\"color:#ffffff\"><strong>Precios<\/strong><\/span><\/td>\n<\/tr>\n<tr class=\"row-4\">\n<td class=\"column-1\">Peque\u00f1o ~4 onzas<\/td>\n<td class=\"column-2\">$4.75<\/td>\n<\/tr>\n<tr class=\"row-5\">\n<td class=\"column-1\">Mediano ~ 8 onzas<\/td>\n<td class=\"column-2\">$9.00<\/td>\n<\/tr>\n<\/tbody>\n<\/table>\n<!--themify_builder_content-->\n<div id=\"themify_builder_content-7744\" data-postid=\"7744\" class=\"themify_builder_content themify_builder_content-7744 themify_builder tf_clear\">\n                    <div  data-css_id=\"mggi370\" data-lazy=\"1\" class=\"module_row themify_builder_row fullwidth tb_mggi370 tb_first tf_w\">\n                        <div class=\"row_inner col_auto_height gutter-none col_align_top tb_col_count_2 tf_box tf_rel\">\n                        <div  data-lazy=\"1\" class=\"module_column tb-column col3-1 tb_qz3k371 first\">\n                            <\/div>\n                    <div  data-lazy=\"1\" class=\"module_column tb-column col3-2 tb_c97x373 last\">\n                            <\/div>\n                        <\/div>\n        <\/div>\n        <\/div>\n<!--\/themify_builder_content-->\n","protected":false},"excerpt":{"rendered":"<p><span style=\"color: #3d3030;font-weight: 300;font-family: merriweather sans\">El Queso Fresco Untable de La Verde Oveja est\u00e1 elaborado con leche 100% de oveja y viene tanto natural como en una variedad de sabores. Es perfecto para galletas, s\u00e1ndwiches, bagels, bocadillos o entretenimiento. Lea m\u00e1s sobre este vers\u00e1til <strong><a href=\"https:\/\/laverdeoveja.com\/fresh-spreadable-cheese\/\" target=\"_blank\" rel=\"noopener\">queso fresco para untar<\/a><\/strong> . <\/span><\/p>\n<table id=\"tablepress-3-no-2\" class=\"tablepress tablepress-id-3\">\n<caption style=\"caption-side:bottom;text-align:left;border:none;background:none;margin:0;padding:0\"><a href=\"https:\/\/laverdeoveja.com\/wp-admin\/admin.php?page=tablepress&amp;action=edit&amp;table_id=3\" rel=\"nofollow\">Editar<\/a><\/caption>\n<thead>\n<tr class=\"row-1\">\n<th colspan=\"2\" class=\"column-1\"><strong>Sabores Disponibles<\/strong>\n<\/th>\n<\/tr>\n<\/thead>\n<tbody>\n<tr class=\"row-2\">\n<td colspan=\"2\" class=\"column-1\">Natural, Aj\u00ed Rojo, Ajo y Pimienta, Finas Hierbas, Romero<\/td>\n<\/tr>\n<tr class=\"row-3\">\n<td class=\"column-1\"><span style=\"color: #ffffff\"><strong>Tallas disponibles<\/strong><\/span><\/td>\n<td class=\"column-2\"><span style=\"color:#ffffff\"><strong>Precios<\/strong><\/span><\/td>\n<\/tr>\n<tr class=\"row-4\">\n<td class=\"column-1\">Peque\u00f1o ~4 onzas<\/td>\n<td class=\"column-2\">$4.75<\/td>\n<\/tr>\n<tr class=\"row-5\">\n<td class=\"column-1\">Mediano ~ 8 onzas<\/td>\n<td class=\"column-2\">$9.00<\/td>\n<\/tr>\n<\/tbody>\n<\/table>\n","protected":false},"featured_media":7402,"comment_status":"open","ping_status":"closed","template":"","meta":{"content-type":""},"product_brand":[],"product_cat":[275,292,276],"product_tag":[],"class_list":{"0":"post-7744","1":"product","2":"type-product","3":"status-publish","4":"has-post-thumbnail","6":"product_cat-queso","7":"product_cat-queso-para-untar","8":"product_cat-quesos-para-yanayacu","9":"has-post-title","10":"has-post-date","11":"has-post-category","12":"has-post-tag","13":"has-post-comment","14":"has-post-author","15":"","17":"first","18":"instock","19":"featured","20":"purchasable","21":"product-type-variable"},"group_of_quantity":0,"min_quantity":0,"max_quantity":"","exclude_order_quantity_value_rules":"no","exclude_category_quantity_rules":"no","combine_variations":"no","jetpack_sharing_enabled":true,"builder_content":"","_links":{"self":[{"href":"https:\/\/laverdeoveja.com\/es\/wp-json\/wp\/v2\/product\/7744","targetHints":{"allow":["GET"]}}],"collection":[{"href":"https:\/\/laverdeoveja.com\/es\/wp-json\/wp\/v2\/product"}],"about":[{"href":"https:\/\/laverdeoveja.com\/es\/wp-json\/wp\/v2\/types\/product"}],"replies":[{"embeddable":true,"href":"https:\/\/laverdeoveja.com\/es\/wp-json\/wp\/v2\/comments?post=7744"}],"wp:featuredmedia":[{"embeddable":true,"href":"https:\/\/laverdeoveja.com\/es\/wp-json\/wp\/v2\/media\/7402"}],"wp:attachment":[{"href":"https:\/\/laverdeoveja.com\/es\/wp-json\/wp\/v2\/media?parent=7744"}],"wp:term":[{"taxonomy":"product_brand","embeddable":true,"href":"https:\/\/laverdeoveja.com\/es\/wp-json\/wp\/v2\/product_brand?post=7744"},{"taxonomy":"product_cat","embeddable":true,"href":"https:\/\/laverdeoveja.com\/es\/wp-json\/wp\/v2\/product_cat?post=7744"},{"taxonomy":"product_tag","embeddable":true,"href":"https:\/\/laverdeoveja.com\/es\/wp-json\/wp\/v2\/product_tag?post=7744"}],"curies":[{"name":"wp","href":"https:\/\/api.w.org\/{rel}","templated":true}]}}