{"id":7755,"date":"2021-05-15T17:57:19","date_gmt":"2021-05-15T22:57:19","guid":{"rendered":"https:\/\/laverdeoveja.com\/shop\/rosetas-de-cuello\/"},"modified":"2024-01-18T00:57:55","modified_gmt":"2024-01-18T05:57:55","slug":"rosetas-de-cuello","status":"publish","type":"product","link":"https:\/\/laverdeoveja.com\/es\/producto\/rosetas-de-cuello\/","title":{"rendered":"Rosetas de cuello"},"content":{"rendered":"<h4><span style=\"color: #3d3030;\">SOBRE ESTE CORTE<\/span><\/h4>\n<p><span style=\"color: #3d3030; font-weight: 300;\">\u00a1Las rosetas de cuello La Verde Oveja son perfectas para guisos, curry y osso bucco! Este corte es muy tierno y jugoso con un sabor fuerte que le da un toque especial a esa receta larga y de cocci\u00f3n lenta.<\/span><\/p>\n<p><span style=\"color: #3d3030; font-weight: 300;\">Te encantar\u00e1 el sabor del cordero feliz, saludable y criado en pastos de La Verde Oveja. Nuestro cordero tiene un sabor cl\u00e1sico sin saber nunca a cordero, ya que nuestros corderos se procesan antes de cumplir 1 a\u00f1o. Adem\u00e1s de pastos ricos y exuberantes, nuestros corderos son alimentados con un alimento a base de granos completamente natural y hecho a mano para brindar nutrientes y cuidados adicionales. Este es el cordero de la m\u00e1s alta calidad que encontrar\u00e1 en Ecuador.<\/span><\/p>\n<p><span style=\"color: #3d3030; font-weight: 300;\">Este corte se empaqueta en 2 a 3 piezas por paquete a aproximadamente 1 lb. Los tama\u00f1os de los paquetes son aproximados y pueden variar en peso +\/- 10% a 20%. Su precio final se basar\u00e1 en el precio por libra del paquete que recibir\u00e1. Haga clic en la pesta\u00f1a \u00abDetalles\u00bb para obtener m\u00e1s informaci\u00f3n.<\/span><\/p>\n<h4><span style=\"color: #3d3030;\">T\u00c9CNICA DE COCCI\u00d3N B\u00c1SICA<\/span><\/h4>\n<p><span style=\"color: #3d3030; font-weight: 300;\">Cocine a fuego lento en recetas de estofado y curry o prep\u00e1relo en un estofado estilo osso bucco <\/span><\/p>\n<h4><span style=\"color: #3d3030;\">RECETAS<\/span><\/h4>\n<p><span style=\"font-weight: 300;\"><strong><a href=\"https:\/\/laverdeoveja.com\/lamb-rosette-osso-bucco\/\" target=\"_blank\" rel=\"noopener\">Osso Bucco usando rosetas de cuello<\/a><\/strong><\/span><\/p>\n<h4><span style=\"color: #3d3030;\">INFORMACI\u00d3N ADICIONAL<\/span><\/h4>\n<p><span style=\"color: #3d3030; font-weight: 300;\">Los productos se empaquetan con bolsas de hielo durante su viaje para garantizar que lleguen en perfecto estado. Todos los cortes de cordero se enviar\u00e1n congelados. Leer consejos sobre<\/span> <span style=\"font-weight: 300;\"><strong><a href=\"https:\/\/laverdeoveja.com\/es\/descongelacion-y-almacenamiento-de-cordero\/\" target=\"_blank\" rel=\"noopener\">Descongelaci\u00f3n y almacenamiento de cordero<\/a><\/strong> .<\/span><\/p>\n","protected":false},"excerpt":{"rendered":"<p><span style=\"color: #3d3030; font-weight: 300; font-family: merriweather sans;\">\u00a1Las rosetas de cuello La Verde Oveja son perfectas para guisos, curry y osso bucco! Este corte es muy tierno y jugoso con un sabor fuerte que le da un toque especial a esa receta larga y de cocci\u00f3n lenta. Este corte se empaqueta en 2 a 3 piezas por paquete a aproximadamente 1 lb.<br \/>\n<\/span><\/p>\n","protected":false},"featured_media":10988,"comment_status":"open","ping_status":"closed","template":"","meta":{"content-type":""},"product_brand":[],"product_cat":[294,295],"product_tag":[],"class_list":{"0":"post-7755","1":"product","2":"type-product","3":"status-publish","4":"has-post-thumbnail","6":"product_cat-cordero","7":"product_cat-rebanadas-de-cuello","8":"has-post-title","9":"has-post-date","10":"has-post-category","11":"has-post-tag","12":"has-post-comment","13":"has-post-author","14":"","16":"first","17":"instock","18":"featured","19":"purchasable","20":"product-type-simple"},"group_of_quantity":0,"min_quantity":0,"max_quantity":"","exclude_order_quantity_value_rules":"no","exclude_category_quantity_rules":"no","combine_variations":"no","jetpack_sharing_enabled":true,"builder_content":"","_links":{"self":[{"href":"https:\/\/laverdeoveja.com\/es\/wp-json\/wp\/v2\/product\/7755","targetHints":{"allow":["GET"]}}],"collection":[{"href":"https:\/\/laverdeoveja.com\/es\/wp-json\/wp\/v2\/product"}],"about":[{"href":"https:\/\/laverdeoveja.com\/es\/wp-json\/wp\/v2\/types\/product"}],"replies":[{"embeddable":true,"href":"https:\/\/laverdeoveja.com\/es\/wp-json\/wp\/v2\/comments?post=7755"}],"wp:featuredmedia":[{"embeddable":true,"href":"https:\/\/laverdeoveja.com\/es\/wp-json\/wp\/v2\/media\/10988"}],"wp:attachment":[{"href":"https:\/\/laverdeoveja.com\/es\/wp-json\/wp\/v2\/media?parent=7755"}],"wp:term":[{"taxonomy":"product_brand","embeddable":true,"href":"https:\/\/laverdeoveja.com\/es\/wp-json\/wp\/v2\/product_brand?post=7755"},{"taxonomy":"product_cat","embeddable":true,"href":"https:\/\/laverdeoveja.com\/es\/wp-json\/wp\/v2\/product_cat?post=7755"},{"taxonomy":"product_tag","embeddable":true,"href":"https:\/\/laverdeoveja.com\/es\/wp-json\/wp\/v2\/product_tag?post=7755"}],"curies":[{"name":"wp","href":"https:\/\/api.w.org\/{rel}","templated":true}]}}