{"id":7756,"date":"2021-01-07T12:42:31","date_gmt":"2021-01-07T17:42:31","guid":{"rendered":"https:\/\/laverdeoveja.com\/shop\/ricotta\/"},"modified":"2022-02-05T20:49:29","modified_gmt":"2022-02-06T01:49:29","slug":"requeson","status":"publish","type":"product","link":"https:\/\/laverdeoveja.com\/es\/producto\/requeson\/","title":{"rendered":"Reques\u00f3n"},"content":{"rendered":"<h4><span style=\"color: #3d3030; font-weight: 300; font-family: merriweather sans;\"><strong>Reques\u00f3n : \u00a1Un verdadero alimento reconfortante!<\/strong><\/span><\/h4>\n<p><span style=\"color: #3d3030; font-weight: 300; font-family: merriweather sans;\">Si bien puede haber algunas excepciones, casi todos en el planeta est\u00e1n familiarizados con el queso ricotta. Esto probablemente se deba a que el reques\u00f3n , que literalmente significa re-cocinado, es uno de los productos de queso m\u00e1s vers\u00e1tiles que existen.<\/span><\/p>\n<p><span style=\"color: #3d3030; font-weight: 300; font-family: merriweather sans;\">Seg\u00fan los historiadores de la agricultura, el reques\u00f3n tuvo sus inicios en la pen\u00ednsula italiana durante la Edad del Bronce. Hay constancia de que los antiguos romanos elaboraban el reques\u00f3n pero no pod\u00edan distribuirlo, debido a su muy corta vida \u00fatil, por lo que era consumido principalmente por los pastores que la elaboraban.<\/span><br \/>\n<span style=\"color: #3d3030; font-weight: 300; font-family: merriweather sans;\">El reques\u00f3n est\u00e1 hecho de suero de leche, la porci\u00f3n de leche acuosa rica en prote\u00ednas que se separa de la cuajada al hacer queso. La mayor parte de la grasa de la leche permanece en el primer producto de queso elaborado con la leche, por lo que el reques\u00f3n posterior es naturalmente bajo en grasa.<\/span><\/p>\n<p><span style=\"color: #3d3030; font-weight: 300; font-family: merriweather sans;\">Para hacer el reques\u00f3n, el suero debe ser excepcionalmente fresco, utilizado dentro de las 1-2 horas posteriores a la recolecci\u00f3n del queso primario que se cre\u00f3 a partir de la leche. Se calienta hasta casi el punto de ebullici\u00f3n y se coagula con vinagre o jugo de c\u00edtricos. Esto hace que la prote\u00edna de suero se desnaturalice y flocule (cuajada). A medida que la cuajada se vuelve m\u00e1s s\u00f3lida, se cuela con una gasa.<\/span><\/p>\n<p><span style=\"color: #3d3030; font-weight: 300; font-family: merriweather sans;\">\u00a1Y as\u00ed es como obtienes esas cuajadas del reques\u00f3n cremosas, esponjosas y ligeramente dulces, a veces picantes! Cada lote de reques\u00f3n de suero verdadero tiene un sabor diferente, seg\u00fan el tipo de queso primario que se est\u00e9 elaborando. El sabor est\u00e1 influenciado por los cultivos del queso original. El reques\u00f3n que se vende en las tiendas de comestibles es en realidad un producto muy diferente al reques\u00f3n de suero, est\u00e1 hecho de leche entera y tiene menos sabor que el reques\u00f3n de suero ya que no hay cultivos en este producto. Por lo general, contiene conservantes para mantenerlo en los estantes de los supermercados durante mucho m\u00e1s tiempo del que es posible para el reques\u00f3n de suero.<\/span><\/p>\n<p><span style=\"color: #3d3030; font-weight: 300; font-family: merriweather sans;\">El reques\u00f3n es altamente perecedero, por lo que debe mantenerse refrigerado y sellado herm\u00e9ticamente; sin conservantes artificiales tiene una vida \u00fatil de 7-10 d\u00edas.<\/span><\/p>\n<p><span style=\"color: #3d3030; font-weight: 300; font-family: merriweather sans;\">Disfrute de reques\u00f3n para untar en pan y galletas saladas, relleno de lasa\u00f1a, en pizza, relleno de conchas de pasta y pimientos, o como salsa para untar con hierbas y especias. El reques\u00f3n tambi\u00e9n puede sorprenderlo como queso de postre, como sustituto del queso marscapone o cubierto con miel y canela.<\/span><\/p>\n<ul>\n<li><span style=\"color: #3d3030; font-weight: 300; font-family: merriweather sans;\">Mediano 8 oz por $ 7<\/span><\/li>\n<li><span style=\"color: #3d3030; font-weight: 300; font-family: merriweather sans;\">Grande ~16 oz por $11<\/span><\/li>\n<\/ul>\n<!--themify_builder_content-->\n<div id=\"themify_builder_content-7756\" data-postid=\"7756\" class=\"themify_builder_content themify_builder_content-7756 themify_builder tf_clear\">\n                    <div  data-css_id=\"6tnq61\" data-lazy=\"1\" class=\"module_row themify_builder_row fullwidth tb_6tnq61 tb_first tf_w\">\n                        <div class=\"row_inner col_auto_height gutter-none col_align_top tb_col_count_1 tf_box tf_rel\">\n                        <div  data-lazy=\"1\" class=\"module_column tb-column col-full tb_9tbz62 first\">\n                            <\/div>\n                        <\/div>\n        <\/div>\n        <\/div>\n<!--\/themify_builder_content-->\n","protected":false},"excerpt":{"rendered":"<p><span style=\"color: #3d3030; font-weight: 300; font-family: merriweather sans;\">El reques\u00f3n de suero de LVO es una cuajada de color blanco cremoso, esponjosa y ligeramente dulce, a veces picante. Cada lote de reques\u00f3n de suero verdadero tiene un sabor diferente, seg\u00fan el tipo de queso primario que se est\u00e9 elaborando. El sabor est\u00e1 influenciado por los cultivos del queso original. Este es un queso naturalmente bajo en grasa porque no est\u00e1 hecho de leche entera. Lea m\u00e1s sobre nuestro <strong><a href=\"https:\/\/laverdeoveja.com\/ricotta\/\" target=\"_blank\" rel=\"noopener\">Queso Ricota<\/a><\/strong> .<\/span><\/p>\n<ul>\n<li><span style=\"color: #3d3030; font-weight: 300; font-family: merriweather sans;\">Mediano 8 oz por $ 7<\/span><\/li>\n<li><span style=\"color: #3d3030; font-weight: 300; font-family: merriweather sans;\">Grande ~16 oz por $11<\/span><\/li>\n<\/ul>\n","protected":false},"featured_media":7614,"comment_status":"open","ping_status":"closed","template":"","meta":{"content-type":""},"product_brand":[],"product_cat":[275,290,276,293],"product_tag":[],"class_list":{"0":"post-7756","1":"product","2":"type-product","3":"status-publish","4":"has-post-thumbnail","6":"product_cat-queso","7":"product_cat-queso-de-oveja","8":"product_cat-quesos-para-yanayacu","9":"product_cat-ricotta-es","10":"has-post-title","11":"has-post-date","12":"has-post-category","13":"has-post-tag","14":"has-post-comment","15":"has-post-author","16":"","18":"first","19":"instock","20":"featured","21":"purchasable","22":"product-type-variable"},"group_of_quantity":0,"min_quantity":0,"max_quantity":"","exclude_order_quantity_value_rules":"no","exclude_category_quantity_rules":"no","combine_variations":"no","jetpack_sharing_enabled":true,"builder_content":"","_links":{"self":[{"href":"https:\/\/laverdeoveja.com\/es\/wp-json\/wp\/v2\/product\/7756","targetHints":{"allow":["GET"]}}],"collection":[{"href":"https:\/\/laverdeoveja.com\/es\/wp-json\/wp\/v2\/product"}],"about":[{"href":"https:\/\/laverdeoveja.com\/es\/wp-json\/wp\/v2\/types\/product"}],"replies":[{"embeddable":true,"href":"https:\/\/laverdeoveja.com\/es\/wp-json\/wp\/v2\/comments?post=7756"}],"wp:featuredmedia":[{"embeddable":true,"href":"https:\/\/laverdeoveja.com\/es\/wp-json\/wp\/v2\/media\/7614"}],"wp:attachment":[{"href":"https:\/\/laverdeoveja.com\/es\/wp-json\/wp\/v2\/media?parent=7756"}],"wp:term":[{"taxonomy":"product_brand","embeddable":true,"href":"https:\/\/laverdeoveja.com\/es\/wp-json\/wp\/v2\/product_brand?post=7756"},{"taxonomy":"product_cat","embeddable":true,"href":"https:\/\/laverdeoveja.com\/es\/wp-json\/wp\/v2\/product_cat?post=7756"},{"taxonomy":"product_tag","embeddable":true,"href":"https:\/\/laverdeoveja.com\/es\/wp-json\/wp\/v2\/product_tag?post=7756"}],"curies":[{"name":"wp","href":"https:\/\/api.w.org\/{rel}","templated":true}]}}