{"id":7764,"date":"2021-05-15T18:03:01","date_gmt":"2021-05-15T23:03:01","guid":{"rendered":"https:\/\/laverdeoveja.com\/shop\/cana\/"},"modified":"2021-05-15T18:03:01","modified_gmt":"2021-05-15T23:03:01","slug":"vastagos","status":"publish","type":"product","link":"https:\/\/laverdeoveja.com\/es\/producto\/vastagos\/","title":{"rendered":"Ca\u00f1a"},"content":{"rendered":"<h4>SOBRE ESTE CORTE<\/h4>\n<p><span style=\"font-weight: 300;\">Si est\u00e1 buscando un corte delicioso para cocinar a fuego lento en su olla de cocci\u00f3n lenta u horno holand\u00e9s, estas piernas son lo que desea. Las piernas de cordero tienen uno de los sabores m\u00e1s fuertes de todos nuestros cortes de cordero, pero nunca son salvajes o parecidas al cordero como resultado de haber sido criados en pastos en las monta\u00f1as de Cotacachi, donde su dieta incluye toda la exuberancia del campo, junto con un peque\u00f1a cantidad de grano hecho a mano y personalizado. <\/span><\/p>\n<p><span style=\"font-weight: 300;\">Te encantar\u00e1 el sabor del cordero feliz, saludable y criado en pastos de La Verde Oveja. Nuestro cordero tiene un sabor cl\u00e1sico sin nunca saber a cordero ya que nuestros corderos se procesan antes de que tengan 1 a\u00f1o. Adem\u00e1s de pastos ricos y exuberantes, nuestros corderos son alimentados con un alimento a base de granos completamente natural y hecho a mano para brindar nutrientes y cuidados adicionales. Este es el cordero de la m\u00e1s alta calidad que encontrar\u00e1 en Ecuador. <\/span><\/p>\n<p><span style=\"font-weight: 300;\">Los Piernas de Cordero de La Verde Oveja se empaquetan dos (2) por paquete a aproximadamente 1.25 lbs. Los tama\u00f1os de los paquetes son aproximados y pueden variar en peso +\/- 10% a 20%. Su precio final se basar\u00e1 en el precio por libra del paquete que recibir\u00e1. Haga clic en la pesta\u00f1a \u00abDetalles\u00bb para obtener m\u00e1s informaci\u00f3n. <\/span><\/p>\n<h4>T\u00c9CNICA DE COCCI\u00d3N B\u00c1SICA<\/h4>\n<p><span style=\"font-weight: 300;\">Estofar bajo y lento. <\/span><\/p>\n<h4>RECETAS<\/h4>\n<p><span style=\"font-weight: 300;\"><a href=\"https:\/\/laverdeoveja.com\/es\/cordero-estofado-con-jugo-de-hierbas-aromaticas\/\" target=\"_blank\" rel=\"noopener\"><strong>Cordero estofado con jugo de hierbas arom\u00e1ticas<\/strong><\/a><\/span><\/p>\n<h4>INFORMACI\u00d3N ADICIONAL<\/h4>\n<p><span style=\"font-weight: 300;\">Los productos se empaquetan con bolsas de hielo durante su viaje para garantizar que lleguen en perfecto estado. Todos los cortes de cordero se enviar\u00e1n congelados. Lea los consejos sobre c\u00f3mo <strong><a href=\"https:\/\/laverdeoveja.com\/es\/descongelacion-y-almacenamiento-de-cordero\/\" target=\"_blank\" rel=\"noopener\">descongelar y almacenar el cordero<\/a><\/strong> . <\/span><\/p>\n<!--themify_builder_content-->\n<div id=\"themify_builder_content-7764\" data-postid=\"7764\" class=\"themify_builder_content themify_builder_content-7764 themify_builder tf_clear\">\n    <\/div>\n<!--\/themify_builder_content-->\n","protected":false},"excerpt":{"rendered":"<p><span style=\"color: #3d3030; font-weight: 300;\">Si est\u00e1 buscando un corte delicioso para cocinar a fuego lento en su olla de cocci\u00f3n lenta u horno holand\u00e9s, estas piernas son lo que desea. Las piernas de cordero tienen uno de los sabores m\u00e1s fuertes de todos nuestros cortes de cordero, pero nunca son salvajes o parecidas al cordero como resultado de haber sido criados en pastos en las monta\u00f1as de Cotacachi, donde su dieta incluye toda la exuberancia del campo, junto con un peque\u00f1a cantidad de grano hecho a mano y personalizado.<\/span><\/p>\n","protected":false},"featured_media":7506,"comment_status":"open","ping_status":"closed","template":"","meta":{"content-type":""},"product_brand":[],"product_cat":[294,298],"product_tag":[],"class_list":{"0":"post-7764","1":"product","2":"type-product","3":"status-publish","4":"has-post-thumbnail","6":"product_cat-cordero","7":"product_cat-vastagos","8":"has-post-title","9":"has-post-date","10":"has-post-category","11":"has-post-tag","12":"has-post-comment","13":"has-post-author","14":"","16":"first","17":"instock","18":"featured","19":"purchasable","20":"product-type-simple"},"group_of_quantity":0,"min_quantity":0,"max_quantity":"","exclude_order_quantity_value_rules":"no","exclude_category_quantity_rules":"no","combine_variations":"no","jetpack_sharing_enabled":true,"builder_content":"","_links":{"self":[{"href":"https:\/\/laverdeoveja.com\/es\/wp-json\/wp\/v2\/product\/7764","targetHints":{"allow":["GET"]}}],"collection":[{"href":"https:\/\/laverdeoveja.com\/es\/wp-json\/wp\/v2\/product"}],"about":[{"href":"https:\/\/laverdeoveja.com\/es\/wp-json\/wp\/v2\/types\/product"}],"replies":[{"embeddable":true,"href":"https:\/\/laverdeoveja.com\/es\/wp-json\/wp\/v2\/comments?post=7764"}],"wp:featuredmedia":[{"embeddable":true,"href":"https:\/\/laverdeoveja.com\/es\/wp-json\/wp\/v2\/media\/7506"}],"wp:attachment":[{"href":"https:\/\/laverdeoveja.com\/es\/wp-json\/wp\/v2\/media?parent=7764"}],"wp:term":[{"taxonomy":"product_brand","embeddable":true,"href":"https:\/\/laverdeoveja.com\/es\/wp-json\/wp\/v2\/product_brand?post=7764"},{"taxonomy":"product_cat","embeddable":true,"href":"https:\/\/laverdeoveja.com\/es\/wp-json\/wp\/v2\/product_cat?post=7764"},{"taxonomy":"product_tag","embeddable":true,"href":"https:\/\/laverdeoveja.com\/es\/wp-json\/wp\/v2\/product_tag?post=7764"}],"curies":[{"name":"wp","href":"https:\/\/api.w.org\/{rel}","templated":true}]}}