{"id":7766,"date":"2021-05-15T17:49:48","date_gmt":"2021-05-15T22:49:48","guid":{"rendered":"https:\/\/laverdeoveja.com\/shop\/chuletas-de-lomo\/"},"modified":"2021-05-15T17:49:48","modified_gmt":"2021-05-15T22:49:48","slug":"chuletas-de-lomo","status":"publish","type":"product","link":"https:\/\/laverdeoveja.com\/es\/producto\/chuletas-de-lomo\/","title":{"rendered":"Chuletas De Lomo"},"content":{"rendered":"<h4><span style=\"color: #3d3030;\">SOBRE ESTE CORTE<\/span><\/h4>\n<p><span style=\"color: #3d3030; font-weight: 300;\">Una de las favoritas tanto de los clientes como del personal, nuestras chuletas de lomo seguramente complacer\u00e1n. La chuleta de lomo proviene de un lado de la zona lumbar del cordero conocida como silla de montar y es casi un m\u00fasculo entero. Contienen un hueso en forma de T de un lado es el m\u00fasculo del lomo y del otro es el lomo. Nuestras chuletas de lomo ofrecen un bocado tierno y jugoso de carne de ojo que querr\u00e1s comer directamente del hueso.<\/span><\/p>\n<p><span style=\"color: #3d3030; font-weight: 300;\">Te encantar\u00e1 el sabor del cordero feliz, saludable y criado en pastos de La Verde Oveja. Nuestro cordero tiene un sabor cl\u00e1sico sin saber nunca a cordero, ya que nuestros corderos se procesan antes de cumplir 1 a\u00f1o. Adem\u00e1s de pastos ricos y exuberantes, nuestros corderos son alimentados con un alimento a base de granos completamente natural y hecho a mano para brindar nutrientes y cuidados adicionales. Este es el cordero de la m\u00e1s alta calidad que encontrar\u00e1 en Ecuador.<\/span><\/p>\n<p><span style=\"color: #3d3030; font-weight: 300;\">Este corte est\u00e1 empaquetado en dos opciones de tama\u00f1o: 1) dos (2) chuletas de lomo por paquete a aproximadamente 1.75 lbs; y 2) cuatro (4) chuletas de lomo por paquete a aproximadamente 3.5 lbs. Los tama\u00f1os de los paquetes son aproximados y pueden variar en peso +\/- 10% a 20%. Su precio final se basar\u00e1 en el precio por libra del paquete que recibir\u00e1. Haga clic en la pesta\u00f1a \u00abDetalles\u00bb para obtener m\u00e1s informaci\u00f3n.<\/span><\/p>\n<h4><span style=\"color: #3d3030;\">T\u00c9CNICA DE COCCI\u00d3N B\u00c1SICA<\/span><\/h4>\n<p><span style=\"color: #3d3030; font-weight: 300;\">Ase, dore o cocine a la parrilla a fuego alto a medio raro.<\/span><\/p>\n<h4><span style=\"color: #3d3030;\">RECETAS<\/span><\/h4>\n<p><span style=\"font-weight: 300;\"><a href=\"https:\/\/laverdeoveja.com\/lemon-thyme-loin-chops\/\" target=\"_blank\" rel=\"noopener\"><strong>Chuletas De Lomo Al Lim\u00f3n Y Tomillo<\/strong><\/a><\/span><\/p>\n<h4><span style=\"color: #3d3030;\">INFORMACI\u00d3N ADICIONAL<\/span><\/h4>\n<p><span style=\"color: #3d3030; font-weight: 300;\">Los productos se empaquetan con bolsas de hielo durante su viaje para garantizar que lleguen en perfecto estado. Todos los cortes de cordero se enviar\u00e1n congelados. Lea los consejos sobre c\u00f3mo <strong><a href=\"https:\/\/laverdeoveja.com\/es\/descongelacion-y-almacenamiento-de-cordero\/\" target=\"_blank\" rel=\"noopener\">descongelar y almacenar el cordero<\/a><\/strong> . <\/span><\/p>\n<!--themify_builder_content-->\n<div id=\"themify_builder_content-7766\" data-postid=\"7766\" class=\"themify_builder_content themify_builder_content-7766 themify_builder tf_clear\">\n    <\/div>\n<!--\/themify_builder_content-->\n","protected":false},"excerpt":{"rendered":"<p><span style=\"color: #3d3030; font-weight: 300;\">Una de las favoritas tanto de los clientes como del personal, nuestras chuletas de lomo seguramente complacer\u00e1n. La chuleta de lomo proviene de un lado de la zona lumbar del cordero conocida como silla de montar y es casi un m\u00fasculo entero. Contienen un hueso en forma de T de un lado es el m\u00fasculo del lomo y del otro es el lomo. Nuestras chuletas de lomo ofrecen un bocado tierno y jugoso de carne de ojo que querr\u00e1s comer directamente del hueso.<\/span><\/p>\n","protected":false},"featured_media":7507,"comment_status":"open","ping_status":"closed","template":"","meta":{"content-type":""},"product_brand":[],"product_cat":[300,294],"product_tag":[],"class_list":{"0":"post-7766","1":"product","2":"type-product","3":"status-publish","4":"has-post-thumbnail","6":"product_cat-chuletas-de-lomo","7":"product_cat-cordero","8":"has-post-title","9":"has-post-date","10":"has-post-category","11":"has-post-tag","12":"has-post-comment","13":"has-post-author","14":"","16":"first","17":"instock","18":"featured","19":"purchasable","20":"product-type-simple"},"group_of_quantity":0,"min_quantity":0,"max_quantity":"","exclude_order_quantity_value_rules":"no","exclude_category_quantity_rules":"no","combine_variations":"no","jetpack_sharing_enabled":true,"builder_content":"","_links":{"self":[{"href":"https:\/\/laverdeoveja.com\/es\/wp-json\/wp\/v2\/product\/7766","targetHints":{"allow":["GET"]}}],"collection":[{"href":"https:\/\/laverdeoveja.com\/es\/wp-json\/wp\/v2\/product"}],"about":[{"href":"https:\/\/laverdeoveja.com\/es\/wp-json\/wp\/v2\/types\/product"}],"replies":[{"embeddable":true,"href":"https:\/\/laverdeoveja.com\/es\/wp-json\/wp\/v2\/comments?post=7766"}],"wp:featuredmedia":[{"embeddable":true,"href":"https:\/\/laverdeoveja.com\/es\/wp-json\/wp\/v2\/media\/7507"}],"wp:attachment":[{"href":"https:\/\/laverdeoveja.com\/es\/wp-json\/wp\/v2\/media?parent=7766"}],"wp:term":[{"taxonomy":"product_brand","embeddable":true,"href":"https:\/\/laverdeoveja.com\/es\/wp-json\/wp\/v2\/product_brand?post=7766"},{"taxonomy":"product_cat","embeddable":true,"href":"https:\/\/laverdeoveja.com\/es\/wp-json\/wp\/v2\/product_cat?post=7766"},{"taxonomy":"product_tag","embeddable":true,"href":"https:\/\/laverdeoveja.com\/es\/wp-json\/wp\/v2\/product_tag?post=7766"}],"curies":[{"name":"wp","href":"https:\/\/api.w.org\/{rel}","templated":true}]}}