{"id":7772,"date":"2021-05-15T17:43:03","date_gmt":"2021-05-15T22:43:03","guid":{"rendered":"https:\/\/laverdeoveja.com\/shop\/chuletas-de-solomillo\/"},"modified":"2021-05-15T17:43:03","modified_gmt":"2021-05-15T22:43:03","slug":"chuletas-de-solomillo","status":"publish","type":"product","link":"https:\/\/laverdeoveja.com\/es\/producto\/chuletas-de-solomillo\/","title":{"rendered":"Chuletas De Solomillo"},"content":{"rendered":"<h4>SOBRE ESTE CORTE<\/h4>\n<p><span style=\"font-weight: 300;\">Este corte est\u00e1 empaquetado en dos opciones de tama\u00f1o: 1) dos (2) chuletas de solomillo por paquete a aproximadamente 1 libra y; 2) cuatro (4) chuletas de solomillo por paquete a aproximadamente 2 lbs. Los tama\u00f1os de los paquetes son aproximados y pueden variar en peso +\/- 10% a 20%. Su precio final se basar\u00e1 en el precio por libra del paquete que recibir\u00e1. Haga clic en la pesta\u00f1a \u00abDetalles\u00bb para obtener m\u00e1s informaci\u00f3n.<\/span><\/p>\n<h4>T\u00c9CNICA DE COCCI\u00d3N B\u00c1SICA<\/h4>\n<p><span style=\"font-weight: 300;\"><a href=\"https:\/\/laverdeoveja.com\/lemon-thyme-loin-chops\/\" target=\"_blank\" rel=\"noopener\"><strong>Chuletas De Lomo Al Lim\u00f3n Y Tomillo<\/strong><\/a><\/span><\/p>\n<h4>INFORMACI\u00d3N ADICIONAL<\/h4>\n<p><span style=\"font-weight: 300;\">Los productos se empaquetan con bolsas de hielo durante su viaje para garantizar que lleguen en perfecto estado. Todos los cortes de cordero se enviar\u00e1n congelados. Lea los consejos sobre c\u00f3mo <a href=\"https:\/\/laverdeoveja.com\/es\/descongelacion-y-almacenamiento-de-cordero\/\" target=\"_blank\" rel=\"noopener\"><strong>descongelar y almacenar el cordero<\/strong><\/a> .<\/span><\/p>\n<!--themify_builder_content-->\n<div id=\"themify_builder_content-7772\" data-postid=\"7772\" class=\"themify_builder_content themify_builder_content-7772 themify_builder tf_clear\">\n    <\/div>\n<!--\/themify_builder_content-->\n","protected":false},"excerpt":{"rendered":"<p><span style=\"color: #3d3030; font-weight: 300;\">Un favorito tanto de los clientes como del personal, nuestras chuletas de solomillo seguramente complacer\u00e1n. Nuestras chuletas de solomillo ofrecen un bocado tierno y jugoso de carne de ojo que querr\u00e1s comer directamente del hueso.<\/span><\/p>\n","protected":false},"featured_media":7514,"comment_status":"open","ping_status":"closed","template":"","meta":{"content-type":""},"product_brand":[],"product_cat":[301,294],"product_tag":[],"class_list":{"0":"post-7772","1":"product","2":"type-product","3":"status-publish","4":"has-post-thumbnail","6":"product_cat-chuletas-de-solomillo","7":"product_cat-cordero","8":"has-post-title","9":"has-post-date","10":"has-post-category","11":"has-post-tag","12":"has-post-comment","13":"has-post-author","14":"","16":"first","17":"instock","18":"featured","19":"purchasable","20":"product-type-simple"},"group_of_quantity":0,"min_quantity":0,"max_quantity":"","exclude_order_quantity_value_rules":"no","exclude_category_quantity_rules":"no","combine_variations":"no","jetpack_sharing_enabled":true,"builder_content":"","_links":{"self":[{"href":"https:\/\/laverdeoveja.com\/es\/wp-json\/wp\/v2\/product\/7772","targetHints":{"allow":["GET"]}}],"collection":[{"href":"https:\/\/laverdeoveja.com\/es\/wp-json\/wp\/v2\/product"}],"about":[{"href":"https:\/\/laverdeoveja.com\/es\/wp-json\/wp\/v2\/types\/product"}],"replies":[{"embeddable":true,"href":"https:\/\/laverdeoveja.com\/es\/wp-json\/wp\/v2\/comments?post=7772"}],"wp:featuredmedia":[{"embeddable":true,"href":"https:\/\/laverdeoveja.com\/es\/wp-json\/wp\/v2\/media\/7514"}],"wp:attachment":[{"href":"https:\/\/laverdeoveja.com\/es\/wp-json\/wp\/v2\/media?parent=7772"}],"wp:term":[{"taxonomy":"product_brand","embeddable":true,"href":"https:\/\/laverdeoveja.com\/es\/wp-json\/wp\/v2\/product_brand?post=7772"},{"taxonomy":"product_cat","embeddable":true,"href":"https:\/\/laverdeoveja.com\/es\/wp-json\/wp\/v2\/product_cat?post=7772"},{"taxonomy":"product_tag","embeddable":true,"href":"https:\/\/laverdeoveja.com\/es\/wp-json\/wp\/v2\/product_tag?post=7772"}],"curies":[{"name":"wp","href":"https:\/\/api.w.org\/{rel}","templated":true}]}}