{"id":7775,"date":"2021-05-15T17:34:26","date_gmt":"2021-05-15T22:34:26","guid":{"rendered":"https:\/\/laverdeoveja.com\/shop\/chuletas-de-hombro\/"},"modified":"2021-05-15T17:34:26","modified_gmt":"2021-05-15T22:34:26","slug":"chuletas-de-hombro","status":"publish","type":"product","link":"https:\/\/laverdeoveja.com\/es\/producto\/chuletas-de-hombro\/","title":{"rendered":"chuletas de hombro"},"content":{"rendered":"<h4>SOBRE ESTE CORTE<\/h4>\n<p><span style=\"font-weight: 300;\">Las chuletas de hombro de cordero son carnosas y sabrosas. Tienen varios huesos que los recorren y algo de tejido conectivo, pero su carne es muy sabrosa y tiene un valor excelente. Las chuletas de hombro de cordero se benefician de una cocci\u00f3n prolongada y lenta, especialmente estofado, que produce una carne tierna que se derrite y se cae del hueso.<\/span><\/p>\n<p><span style=\"font-weight: 300;\">Te encantar\u00e1 el sabor del cordero feliz, saludable y criado en pastos de La Verde Oveja. Nuestro cordero tiene un sabor cl\u00e1sico sin saber nunca a cordero, ya que nuestros corderos se procesan antes de cumplir 1 a\u00f1o. Adem\u00e1s de pastos ricos y exuberantes, nuestros corderos son alimentados con un alimento a base de granos completamente natural y hecho a mano para brindar nutrientes y cuidados adicionales. Este es el cordero de la m\u00e1s alta calidad que encontrar\u00e1 en Ecuador.<\/span><\/p>\n<p><span style=\"font-weight: 300;\">Las Chuletas de Hombro de La Verde Oveja se empaquetan dos (2) por paquete a aproximadamente 1 lb. Los tama\u00f1os de los paquetes son aproximados y pueden variar en peso +\/- 10% a 20%. Su precio final se basar\u00e1 en el precio por libra del paquete que recibir\u00e1. Haga clic en la pesta\u00f1a \u00abDetalles\u00bb para obtener m\u00e1s informaci\u00f3n.<\/span><\/p>\n<h4>T\u00c9CNICA DE COCCI\u00d3N B\u00c1SICA<\/h4>\n<p><span style=\"font-weight: 300;\">Picado perfecto para cocinar o estofar a fuego lento y bajo, lo que resulta en una carne tierna que se cae del hueso.<\/span><\/p>\n<h4>RECETAS<\/h4>\n<p><span style=\"font-weight: 300;\"><strong><a href=\"https:\/\/laverdeoveja.com\/es\/chuletas-de-paleta-de-cordero-estofado\/\" target=\"_blank\" rel=\"noopener\">Chuletas De Paleta De Cordero Estofado<\/a><\/strong><\/span><\/p>\n<h4>INFORMACI\u00d3N ADICIONAL<\/h4>\n<p><span style=\"font-weight: 300;\">Los productos se empaquetan con bolsas de hielo durante su viaje para garantizar que lleguen en perfecto estado. Todos los cortes de cordero se enviar\u00e1n congelados. Lea los consejos sobre c\u00f3mo <strong><a href=\"https:\/\/laverdeoveja.com\/es\/descongelacion-y-almacenamiento-de-cordero\/\" target=\"_blank\" rel=\"noopener\">descongelar y almacenar el cordero<\/a><\/strong> .<\/span><\/p>\n<!--themify_builder_content-->\n<div id=\"themify_builder_content-7775\" data-postid=\"7775\" class=\"themify_builder_content themify_builder_content-7775 themify_builder tf_clear\">\n    <\/div>\n<!--\/themify_builder_content-->\n","protected":false},"excerpt":{"rendered":"<p><span style=\"color: #3d3030; font-weight: 300;\">Las chuletas de hombro de cordero son carnosas y sabrosas. Se sirven mejor como estofados, por lo que si est\u00e1 buscando una comida sustanciosa con un delicioso cordero criado en pastos, esta es la chuleta para usted.<\/span><\/p>\n","protected":false},"featured_media":7515,"comment_status":"open","ping_status":"closed","template":"","meta":{"content-type":""},"product_brand":[],"product_cat":[302,294],"product_tag":[],"class_list":{"0":"post-7775","1":"product","2":"type-product","3":"status-publish","4":"has-post-thumbnail","6":"product_cat-chuletas-de-hombro","7":"product_cat-cordero","8":"has-post-title","9":"has-post-date","10":"has-post-category","11":"has-post-tag","12":"has-post-comment","13":"has-post-author","14":"","16":"first","17":"outofstock","18":"featured","19":"purchasable","20":"product-type-simple"},"group_of_quantity":0,"min_quantity":0,"max_quantity":"","exclude_order_quantity_value_rules":"no","exclude_category_quantity_rules":"no","combine_variations":"no","jetpack_sharing_enabled":true,"builder_content":"","_links":{"self":[{"href":"https:\/\/laverdeoveja.com\/es\/wp-json\/wp\/v2\/product\/7775","targetHints":{"allow":["GET"]}}],"collection":[{"href":"https:\/\/laverdeoveja.com\/es\/wp-json\/wp\/v2\/product"}],"about":[{"href":"https:\/\/laverdeoveja.com\/es\/wp-json\/wp\/v2\/types\/product"}],"replies":[{"embeddable":true,"href":"https:\/\/laverdeoveja.com\/es\/wp-json\/wp\/v2\/comments?post=7775"}],"wp:featuredmedia":[{"embeddable":true,"href":"https:\/\/laverdeoveja.com\/es\/wp-json\/wp\/v2\/media\/7515"}],"wp:attachment":[{"href":"https:\/\/laverdeoveja.com\/es\/wp-json\/wp\/v2\/media?parent=7775"}],"wp:term":[{"taxonomy":"product_brand","embeddable":true,"href":"https:\/\/laverdeoveja.com\/es\/wp-json\/wp\/v2\/product_brand?post=7775"},{"taxonomy":"product_cat","embeddable":true,"href":"https:\/\/laverdeoveja.com\/es\/wp-json\/wp\/v2\/product_cat?post=7775"},{"taxonomy":"product_tag","embeddable":true,"href":"https:\/\/laverdeoveja.com\/es\/wp-json\/wp\/v2\/product_tag?post=7775"}],"curies":[{"name":"wp","href":"https:\/\/api.w.org\/{rel}","templated":true}]}}