{"id":7778,"date":"2021-05-05T15:29:01","date_gmt":"2021-05-05T20:29:01","guid":{"rendered":"https:\/\/laverdeoveja.com\/shop\/carne-molida-de-cordero\/"},"modified":"2021-05-05T15:29:01","modified_gmt":"2021-05-05T20:29:01","slug":"carne-molida-de-cordero","status":"publish","type":"product","link":"https:\/\/laverdeoveja.com\/es\/producto\/carne-molida-de-cordero\/","title":{"rendered":"Carne molida de cordero"},"content":{"rendered":"<h4>SOBRE ESTE CORTE<\/h4>\n<p><span style=\"font-weight: 300;\">\u00a1Este sabroso cordero molido no puede faltar en tu congelador! Las opciones son infinitas sobre c\u00f3mo usar esto y es mucho m\u00e1s sabroso que la carne molida. Sabroso y ligeramente graso, es jugoso y tierno para usar en sus recetas favoritas que requieren \u00abcarne molida\u00bb o \u00abcarne picada\u00bb. Desde un Shepherd&#8217;s pie tradicional hasta la Lamb-Burger moderna: no puede equivocarse al usar el cordero molido en sus recetas favoritas. <\/span><\/p>\n<p><span style=\"font-weight: 300;\">Te encantar\u00e1 el sabor del cordero feliz, saludable y criado en pastos de La Verde Oveja. Nuestro cordero tiene un sabor cl\u00e1sico sin saber nunca a cordero, ya que nuestros corderos se procesan antes de cumplir 1 a\u00f1o. Adem\u00e1s de pastos ricos y exuberantes, nuestros corderos son alimentados con un alimento a base de granos completamente natural y hecho a mano para brindar nutrientes y cuidados adicionales. Este es el cordero de la m\u00e1s alta calidad que encontrar\u00e1 en Ecuador.<\/span><\/p>\n<p><span style=\"font-weight: 300;\">Nuestro cordero molido se vende en paquetes de 1 libra. Los tama\u00f1os de los paquetes son aproximados y pueden variar en peso +\/- 10% a 20%. Su precio final se basar\u00e1 en el precio por libra del paquete que recibir\u00e1. Haga clic en la pesta\u00f1a \u00abDetalles\u00bb para obtener m\u00e1s informaci\u00f3n.<\/span><\/p>\n<h4>T\u00c9CNICA DE COCCI\u00d3N B\u00c1SICA<\/h4>\n<p><span style=\"font-weight: 300;\">\u00daselo en sus recetas favoritas de carne molida.<\/span><\/p>\n<h4>RECETAS<\/h4>\n<p><span style=\"font-weight: 300;\"><a href=\"https:\/\/laverdeoveja.com\/es\/pastel-de-pastores\/\" target=\"_blank\" rel=\"noopener\"><strong>Pastel de carne<\/strong><\/a><\/span><\/p>\n<h4>INFORMACI\u00d3N ADICIONAL<\/h4>\n<p><span style=\"font-weight: 300;\">Los productos se empaquetan con bolsas de hielo durante su viaje para garantizar que lleguen en perfecto estado. Todos los cortes de cordero se enviar\u00e1n congelados. Lea los consejos sobre c\u00f3mo <strong><a href=\"https:\/\/laverdeoveja.com\/es\/descongelacion-y-almacenamiento-de-cordero\/\" target=\"_blank\" rel=\"noopener\">descongelar y almacenar el cordero<\/a><\/strong> .<\/span><\/p>\n<!--themify_builder_content-->\n<div id=\"themify_builder_content-7778\" data-postid=\"7778\" class=\"themify_builder_content themify_builder_content-7778 themify_builder tf_clear\">\n    <\/div>\n<!--\/themify_builder_content-->\n","protected":false},"excerpt":{"rendered":"<p><span style=\"color: #3d3030; font-weight: 300;\">\u00a1Este sabroso cordero molido no puede faltar en tu congelador! Las opciones son infinitas sobre c\u00f3mo usar esto y es mucho m\u00e1s sabroso que la carne molida. Sabroso y ligeramente graso, es jugoso y tierno para usar en sus recetas favoritas que requieren \u00abcarne molida\u00bb o \u00abcarne picada\u00bb.<\/span><\/p>\n","protected":false},"featured_media":7523,"comment_status":"open","ping_status":"closed","template":"","meta":{"content-type":""},"product_brand":[],"product_cat":[305,294],"product_tag":[],"class_list":{"0":"post-7778","1":"product","2":"type-product","3":"status-publish","4":"has-post-thumbnail","6":"product_cat-carne-molida","7":"product_cat-cordero","8":"has-post-title","9":"has-post-date","10":"has-post-category","11":"has-post-tag","12":"has-post-comment","13":"has-post-author","14":"","16":"first","17":"instock","18":"featured","19":"purchasable","20":"product-type-simple"},"group_of_quantity":0,"min_quantity":0,"max_quantity":"","exclude_order_quantity_value_rules":"no","exclude_category_quantity_rules":"no","combine_variations":"no","jetpack_sharing_enabled":true,"builder_content":"","_links":{"self":[{"href":"https:\/\/laverdeoveja.com\/es\/wp-json\/wp\/v2\/product\/7778","targetHints":{"allow":["GET"]}}],"collection":[{"href":"https:\/\/laverdeoveja.com\/es\/wp-json\/wp\/v2\/product"}],"about":[{"href":"https:\/\/laverdeoveja.com\/es\/wp-json\/wp\/v2\/types\/product"}],"replies":[{"embeddable":true,"href":"https:\/\/laverdeoveja.com\/es\/wp-json\/wp\/v2\/comments?post=7778"}],"wp:featuredmedia":[{"embeddable":true,"href":"https:\/\/laverdeoveja.com\/es\/wp-json\/wp\/v2\/media\/7523"}],"wp:attachment":[{"href":"https:\/\/laverdeoveja.com\/es\/wp-json\/wp\/v2\/media?parent=7778"}],"wp:term":[{"taxonomy":"product_brand","embeddable":true,"href":"https:\/\/laverdeoveja.com\/es\/wp-json\/wp\/v2\/product_brand?post=7778"},{"taxonomy":"product_cat","embeddable":true,"href":"https:\/\/laverdeoveja.com\/es\/wp-json\/wp\/v2\/product_cat?post=7778"},{"taxonomy":"product_tag","embeddable":true,"href":"https:\/\/laverdeoveja.com\/es\/wp-json\/wp\/v2\/product_tag?post=7778"}],"curies":[{"name":"wp","href":"https:\/\/api.w.org\/{rel}","templated":true}]}}