{"id":7779,"date":"2021-01-08T15:04:22","date_gmt":"2021-01-08T20:04:22","guid":{"rendered":"https:\/\/laverdeoveja.com\/shop\/queso-cottage\/"},"modified":"2022-02-05T20:29:40","modified_gmt":"2022-02-06T01:29:40","slug":"queso-cottage","status":"publish","type":"product","link":"https:\/\/laverdeoveja.com\/es\/producto\/queso-cottage\/","title":{"rendered":"Queso cottage"},"content":{"rendered":"<h4><span style=\"color: #3d3030;font-weight: 300;font-family: merriweather sans\"><b>\u00a1La vida es bella con queso cottage!<\/b><\/span><\/h4>\n<p><span style=\"color: #3d3030;font-weight: 300;font-family: merriweather sans\">Un favorito de todos los tiempos, especialmente en los Estados Unidos y Europa. El cottage es una cuajada de queso fresco, con un sabor suave y ligeramente \u00e1cido. Tambi\u00e9n se conoce como \u00abcuajada y suero\u00bb y no debe envejecerse. <\/span><\/p>\n<p><span style=\"color: #3d3030;font-weight: 300;font-family: merriweather sans\">El predecesor del cottage de hoy se origin\u00f3 en el Medio Oriente, donde las tallas en las paredes de un templo de la antigua Mesopotamia (que data del 3000 a. C.) muestran el proceso utilizado para hacerlo. A medida que el proceso de elaboraci\u00f3n de la cuajada de queso evolucion\u00f3 y se extendi\u00f3 por toda Europa, los espa\u00f1oles lo introdujeron en Am\u00e9rica, donde se convirti\u00f3 en el primer queso que se sabe que se elabora.<\/span><\/p>\n<p><span style=\"color: #3d3030;font-weight: 300;font-family: merriweather sans\">En el siglo XIX, los granjeros de los Estados Unidos elaboraban \u201cqueso holand\u00e9s\u201d con leche agria, que se cree que es el antecesor del cottage industrial moderno. Un siglo despu\u00e9s, el cottage se promocion\u00f3 ampliamente durante la Primera Guerra Mundial para ahorrar carne para las raciones de infanter\u00eda, alegando que una libra de cottage equival\u00eda a una libra de carne.<\/span><\/p>\n<p><span style=\"color: #3d3030;font-weight: 300;font-family: merriweather sans\">El cottage est\u00e1 hecho de leche pasteurizada que ha sido cultivada con un cultivo bacteriano como <a style=\"color: #3d3030\" href=\"https:\/\/en.wikipedia.org\/wiki\/Lactococcus_lactis\"><i>Lactococcus lactis<\/i><\/a> ssp. <i>lactis<\/i> o <i>L. lactis<\/i> ssp. <i>cremoris<\/i> , y coagulado con cuajo. Este proceso hace que la acidez de la leche aumente hasta que se coagula en una cuajada s\u00f3lida. La cuajada se separa y se corta en trozos para permitir el drenaje del suero. Luego, los trozos de cuajada se cuecen, se escurren nuevamente para expulsar el suero sobrante, se enjuagan, se salan y se \u201cali\u00f1an\u201d con crema. Finalmente, las peque\u00f1as cuajadas se enfr\u00edan en la nevera en un recipiente cerrado.<\/span><\/p>\n<p><span style=\"color: #3d3030;font-weight: 300;font-family: merriweather sans\">El cottage ha sido una opci\u00f3n de refrigerio popular entre los devotos de alimentos saludables y los atletas debido a su alto contenido de prote\u00ednas y bajo contenido de grasas. Es una gran adici\u00f3n a ensaladas, frutas frescas, verduras, yogur, etc.<\/span><\/p>\n<p><span style=\"color: #3d3030;font-weight: 300;font-family: merriweather sans\">La Verde Oveja presenta su versi\u00f3n exclusiva de cottage con leche reci\u00e9n recolectada de nuestra vaca Jersey llamada \u201cBambi\u201d. \u00a1Su leche es rica en prote\u00ednas, con toda la grasa de mantequilla, org\u00e1nica y fresca! Puede notar la diferencia en la leche premium utilizada de Bambi y confirmar que es una vaca lechera alimentada con pasto al observar el color del queso y la crema. El color amarillo proviene del betacaroteno que Bambi obtiene al consumir pasto fresco, esto solo se encuentra en las vacas lecheras alimentadas con pasto. La leche y los productos l\u00e1cteos fabricados comercialmente son de color blanco puro debido a lo que comen las vacas lecheras, y no incluye pastos. \u00a1Disfruta de nuestros productos de leche de vaca ricos en betacaroteno!<\/span><\/p>\n<ul>\n<li><span style=\"color: #3d3030;font-weight: 300;font-family: merriweather sans\">Mediano ~8 oz por $7<\/span><\/li>\n<li><span style=\"color: #3d3030;font-weight: 300;font-family: merriweather sans\">Grande ~16 oz por $11<\/span><\/li>\n<\/ul>\n<!--themify_builder_content-->\n<div id=\"themify_builder_content-7779\" data-postid=\"7779\" class=\"themify_builder_content themify_builder_content-7779 themify_builder tf_clear\">\n    <\/div>\n<!--\/themify_builder_content-->\n","protected":false},"excerpt":{"rendered":"<p><span style=\"color: #3d3030;font-weight: 300;font-family: merriweather sans\">El cottage de La Verde Oveja est\u00e1 elaborado con leche 100% fresca de vaca procedente de nuestra vaca Jersey, \u201cBambi\u201d. Este es un queso de leche entera cubierto con crema fresca, rico en betacaroteno natural, que se ve en el color amarillo. Un cl\u00e1sico americano, presentado en Ecuador. Lea m\u00e1s sobre nuestro <a href=\"https:\/\/laverdeoveja.com\/cottage-cheese\/\" target=\"_blank\" rel=\"noopener\"><strong>Queso Cottage<\/strong><\/a> .<\/span><\/p>\n<ul>\n<li><span style=\"color: #3d3030;font-weight: 300;font-family: merriweather sans\">Mediano ~8 oz por $7<\/span><\/li>\n<li><span style=\"color: #3d3030;font-weight: 300;font-family: merriweather sans\">Grande ~16 oz por $11<\/span><\/li>\n<\/ul>\n","protected":false},"featured_media":12015,"comment_status":"open","ping_status":"closed","template":"","meta":{"content-type":""},"product_brand":[],"product_cat":[275,306],"product_tag":[],"class_list":{"0":"post-7779","1":"product","2":"type-product","3":"status-publish","4":"has-post-thumbnail","6":"product_cat-queso","7":"product_cat-queso-cottage","8":"has-post-title","9":"has-post-date","10":"has-post-category","11":"has-post-tag","12":"has-post-comment","13":"has-post-author","14":"","16":"first","17":"instock","18":"featured","19":"purchasable","20":"product-type-simple"},"group_of_quantity":0,"min_quantity":0,"max_quantity":"","exclude_order_quantity_value_rules":"no","exclude_category_quantity_rules":"no","combine_variations":"no","jetpack_sharing_enabled":true,"builder_content":"","_links":{"self":[{"href":"https:\/\/laverdeoveja.com\/es\/wp-json\/wp\/v2\/product\/7779","targetHints":{"allow":["GET"]}}],"collection":[{"href":"https:\/\/laverdeoveja.com\/es\/wp-json\/wp\/v2\/product"}],"about":[{"href":"https:\/\/laverdeoveja.com\/es\/wp-json\/wp\/v2\/types\/product"}],"replies":[{"embeddable":true,"href":"https:\/\/laverdeoveja.com\/es\/wp-json\/wp\/v2\/comments?post=7779"}],"wp:featuredmedia":[{"embeddable":true,"href":"https:\/\/laverdeoveja.com\/es\/wp-json\/wp\/v2\/media\/12015"}],"wp:attachment":[{"href":"https:\/\/laverdeoveja.com\/es\/wp-json\/wp\/v2\/media?parent=7779"}],"wp:term":[{"taxonomy":"product_brand","embeddable":true,"href":"https:\/\/laverdeoveja.com\/es\/wp-json\/wp\/v2\/product_brand?post=7779"},{"taxonomy":"product_cat","embeddable":true,"href":"https:\/\/laverdeoveja.com\/es\/wp-json\/wp\/v2\/product_cat?post=7779"},{"taxonomy":"product_tag","embeddable":true,"href":"https:\/\/laverdeoveja.com\/es\/wp-json\/wp\/v2\/product_tag?post=7779"}],"curies":[{"name":"wp","href":"https:\/\/api.w.org\/{rel}","templated":true}]}}