{"id":7790,"date":"2021-01-02T17:59:23","date_gmt":"2021-01-02T22:59:23","guid":{"rendered":"https:\/\/laverdeoveja.com\/shop\/queso-feta\/"},"modified":"2022-09-20T12:26:08","modified_gmt":"2022-09-20T17:26:08","slug":"queso-feta","status":"publish","type":"product","link":"https:\/\/laverdeoveja.com\/es\/producto\/queso-feta\/","title":{"rendered":"Feta"},"content":{"rendered":"<p><span style=\"color:#3d3030;\" merriweather=\"\" sans=\"\" font-family:=\"\" font-weight:=\"\">Se dice que la elaboraci\u00f3n del queso es tan antigua como la humanidad, pues surgi\u00f3 a la par de la doma de los animales dom\u00e9sticos posiblemente hace 8.000 a\u00f1os. Hay muchas referencias en la historia al queso, y el Feta tal como lo conocemos, un queso blanco salado y desmenuzable en salmuera elaborado con leche de oveja, puede remontarse a esa \u00e9poca.<\/span><\/p>\n<p><span style=\"color:#3d3030;\" merriweather=\"\" sans=\"\" font-family:=\"\" font-weight:=\"\">En la antigua Grecia, los primeros registros de elaboraci\u00f3n de queso se pueden encontrar en la \u201cOdisea\u201d de Homero, donde el c\u00edclope llamado Polifemo fue el primero en preparar el ancestro de nuestro queso feta actual. Seg\u00fan el mito, transportaba la leche de sus ovejas en sacos de piel hechos con est\u00f3magos de animales. Un d\u00eda se dio cuenta, para su gran sorpresa, que la leche se hab\u00eda cuajado y tomado forma s\u00f3lida, y en realidad sab\u00eda bien. Ser\u00eda imposible verificar cu\u00e1ndo ese mito se convirti\u00f3 en la realidad de hacer queso, pero la producci\u00f3n de Feta se conoce desde entonces.<\/span><\/p>\n<p><span style=\"color:#3d3030;\" merriweather=\"\" sans=\"\" font-family:=\"\" font-weight:=\"\">De hecho, durante el per\u00edodo arcaico, los registros apuntaban a los antiguos griegos que produc\u00edan un tipo de queso feta con leche de oveja, utilizando la t\u00e9cnica de Polifemo, aunque en ese momento simplemente se llamaba queso.<\/span><\/p>\n<p><span style=\"color:#3d3030;\" merriweather=\"\" sans=\"\" font-family:=\"\" font-weight:=\"\">Hoy Feta sigue siendo el queso m\u00e1s popular de Grecia y se disfruta en todo el mundo. Desafortunadamente, la mayor parte del Feta que se produce en masa est\u00e1 hecho de leche de vaca, que tiene muy poco sabor y una textura bastante diferente. True Feta debe producirse a partir de leche de oveja, como se hac\u00eda en la antig\u00fcedad. La legislaci\u00f3n de la Uni\u00f3n Europea (UE) dicta que el feta debe contener un 70 % de leche de oveja para mantener su clasificaci\u00f3n de Denominaci\u00f3n de Origen Protegida. En La Verde Oveja creemos que se requiere 100% leche de oveja para producir la mejor forma de queso feta.<\/span><\/p>\n<p><span style=\"color:#3d3030;\" merriweather=\"\" sans=\"\" font-family:=\"\" font-weight:=\"\">Caracter\u00edsticas del queso feta:<\/span><\/p>\n<ol>\n<li aria-level=\"1\"><span style=\"color:#3d3030;\" font-family:=\"\" merriweather=\"\" sans=\"\" font-weight:=\"\">Queso semiblando con una textura que puede variar de blanda a firme o desmenuzable dependiendo de la \u00e9poca de orde\u00f1o de las ovejas y el tiempo de crianza.<\/span><\/li>\n<li aria-level=\"1\"><span style=\"color:#3d3030;\" font-family:=\"\" merriweather=\"\" sans=\"\" font-weight:=\"\">Envejecido por tan solo 30 d\u00edas o hasta 90 d\u00edas.<\/span><\/li>\n<li aria-level=\"1\"><span style=\"color:#3d3030;\" font-family:=\"\" merriweather=\"\" sans=\"\" font-weight:=\"\">100% leche de oveja.<\/span><\/li>\n<li aria-level=\"1\"><span style=\"color:#3d3030;\" font-family:=\"\" merriweather=\"\" sans=\"\" font-weight:=\"\">Envejecido en una soluci\u00f3n de salmuera al 8%.<\/span><\/li>\n<\/ol>\n<p><span style=\"color:#3d3030;\" merriweather=\"\" sans=\"\" font-family:=\"\" font-weight:=\"\">Consejos para la conservaci\u00f3n del hogar:<\/span><\/p>\n<p><span style=\"color:#3d3030;\" merriweather=\"\" sans=\"\" font-family:=\"\" font-weight:=\"\">Mantenga la salmuera suministrada en un recipiente herm\u00e9tico en su refrigerador en un lugar h\u00famedo. Su queso feta se mantendr\u00e1 durante 3 a 6 semanas en la soluci\u00f3n de salmuera provista. Si la salmuera se vuelve turbia, reemplace la salmuera con una soluci\u00f3n de salmuera fresca al 5-8%. Este queso desarrolla un delicioso sabor fuerte y fuerte a medida que envejece.<\/span><\/p>\n<p><span style=\"color:#3d3030;\" merriweather=\"\" sans=\"\" font-family:=\"\" font-weight:=\"\">Consejos para servir:<\/span><\/p>\n<p><span style=\"color:#3d3030;\" merriweather=\"\" sans=\"\" font-family:=\"\" font-weight:=\"\">Rebane y sirva con aceitunas y galletas saladas como aperitivo, desmen\u00facelo en ensaladas como adorno, espolvoree pizza, haga empanadas de hojaldre o una s\u00faper sabrosa spanakopita. \u00a1Las opciones son infinitas para este sabroso manjar vers\u00e1til!<\/span><\/p>\n<ul>\n<li><span style=\"color:#3d3030;\" font-family:=\"\" merriweather=\"\" sans=\"\" font-weight:=\"\">Bolsa peque\u00f1a ~4 oz por $7.00<\/span><\/li>\n<li><span style=\"color:#3d3030;\" font-family:=\"\" merriweather=\"\" sans=\"\" font-weight:=\"\">Bolsa grande ~8 oz por $14.00<\/span><\/li>\n<\/ul>\n<!--themify_builder_content-->\n<div id=\"themify_builder_content-7790\" data-postid=\"7790\" class=\"themify_builder_content themify_builder_content-7790 themify_builder tf_clear\">\n    <\/div>\n<!--\/themify_builder_content-->\n","protected":false},"excerpt":{"rendered":"<p><span style=\"color:#3d3030;\" merriweather=\"\" sans=\"\" font-family:=\"\" font-weight:=\"\">El queso Feta de La Verde Oveja est\u00e1 elaborado con leche 100% de oveja y envejecido en una soluci\u00f3n de salmuera al 8%. Nuestro queso Feta tiene una textura que va de suave a firme a desmenuzable seg\u00fan la temporada de orde\u00f1o de las ovejas y la duraci\u00f3n del envejecimiento. Nuestro feta tiene una crianza de 30 a 90 d\u00edas. Lea acerca de nuestro delicioso <strong><a href=\"https:\/\/laverdeoveja.com\/feta\/\">Feta<\/a><\/strong> .<\/span><\/p>\n<ul>\n<li><span style=\"color:#3d3030;\" font-family:=\"\" merriweather=\"\" sans=\"\" font-weight:=\"\">Bolsa peque\u00f1a ~4 oz por $7.00<\/span><\/li>\n<li><span style=\"color:#3d3030;\" font-family:=\"\" merriweather=\"\" sans=\"\" font-weight:=\"\">Bolsa grande ~8 oz por $14.00<\/span><\/li>\n<\/ul>\n","protected":false},"featured_media":12071,"comment_status":"open","ping_status":"closed","template":"","meta":{"content-type":""},"product_brand":[],"product_cat":[275,309,276],"product_tag":[],"class_list":{"0":"post-7790","1":"product","2":"type-product","3":"status-publish","4":"has-post-thumbnail","6":"product_cat-queso","7":"product_cat-queso-feta","8":"product_cat-quesos-para-yanayacu","9":"has-post-title","10":"has-post-date","11":"has-post-category","12":"has-post-tag","13":"has-post-comment","14":"has-post-author","15":"","17":"first","18":"instock","19":"featured","20":"shipping-taxable","21":"purchasable","22":"product-type-variable"},"group_of_quantity":0,"min_quantity":0,"max_quantity":"","exclude_order_quantity_value_rules":"no","exclude_category_quantity_rules":"no","combine_variations":"no","jetpack_sharing_enabled":true,"builder_content":"","_links":{"self":[{"href":"https:\/\/laverdeoveja.com\/es\/wp-json\/wp\/v2\/product\/7790","targetHints":{"allow":["GET"]}}],"collection":[{"href":"https:\/\/laverdeoveja.com\/es\/wp-json\/wp\/v2\/product"}],"about":[{"href":"https:\/\/laverdeoveja.com\/es\/wp-json\/wp\/v2\/types\/product"}],"replies":[{"embeddable":true,"href":"https:\/\/laverdeoveja.com\/es\/wp-json\/wp\/v2\/comments?post=7790"}],"wp:featuredmedia":[{"embeddable":true,"href":"https:\/\/laverdeoveja.com\/es\/wp-json\/wp\/v2\/media\/12071"}],"wp:attachment":[{"href":"https:\/\/laverdeoveja.com\/es\/wp-json\/wp\/v2\/media?parent=7790"}],"wp:term":[{"taxonomy":"product_brand","embeddable":true,"href":"https:\/\/laverdeoveja.com\/es\/wp-json\/wp\/v2\/product_brand?post=7790"},{"taxonomy":"product_cat","embeddable":true,"href":"https:\/\/laverdeoveja.com\/es\/wp-json\/wp\/v2\/product_cat?post=7790"},{"taxonomy":"product_tag","embeddable":true,"href":"https:\/\/laverdeoveja.com\/es\/wp-json\/wp\/v2\/product_tag?post=7790"}],"curies":[{"name":"wp","href":"https:\/\/api.w.org\/{rel}","templated":true}]}}