{"id":8113,"date":"2022-02-14T17:12:42","date_gmt":"2022-02-14T22:12:42","guid":{"rendered":"https:\/\/laverdeoveja.com\/?post_type=product&#038;p=8113"},"modified":"2022-09-20T12:45:10","modified_gmt":"2022-09-20T17:45:10","slug":"queso-fresco-untable-copy","status":"publish","type":"product","link":"https:\/\/laverdeoveja.com\/es\/producto\/queso-fresco-untable-copy\/","title":{"rendered":"Amaz\u00f3nica Chocolate Fino Ecuatoriano"},"content":{"rendered":"<p><span style=\"color: #3d3030;font-weight: 300;font-family: merriweather sans\"> CAF\u00c9 GALLETTI AMAZONICA CHOCOLATE FINO ECUATORIANO \u2013 Disponible en barra.<\/p>\n<p>Barra de Chocolate Fino 55% con Pi\u00f1a, Maracuy\u00e1 y Guayusa (Planta Energ\u00e9tica).<br \/>\nLa pi\u00f1a y la fruta de la pasi\u00f3n son la combinaci\u00f3n perfecta de frutas tropicales, repletas de un sabor delicioso y una experiencia refrescante. Guayusa es una s\u00faper hoja que se encuentra en la selva amaz\u00f3nica de Ecuador, donde los ind\u00edgenas describen los efectos de la guayusa como haci\u00e9ndolos sentir \u00abRuna\u00bb, que significa \u00abtotalmente vivos\u00bb. \u00a1Disfruta hoy del sabor vivo \u00fanico de esta barra amaz\u00f3nica! Cada barra es de 70 gramos y vegana.<\/p>\n<p>Marida bien con el caf\u00e9 amaz\u00f3nico. <\/span><\/p>\n<!--themify_builder_content-->\n<div id=\"themify_builder_content-8113\" data-postid=\"8113\" class=\"themify_builder_content themify_builder_content-8113 themify_builder tf_clear\">\n                    <div  data-css_id=\"mggi370\" data-lazy=\"1\" class=\"module_row themify_builder_row fullwidth tb_mggi370 tb_first tf_w\">\n                        <div class=\"row_inner col_auto_height gutter-none col_align_top tb_col_count_2 tf_box tf_rel\">\n                        <div  data-lazy=\"1\" class=\"module_column tb-column col3-1 tb_qz3k371 first\">\n                            <\/div>\n                    <div  data-lazy=\"1\" class=\"module_column tb-column col3-2 tb_c97x373 last\">\n                            <\/div>\n                        <\/div>\n        <\/div>\n        <\/div>\n<!--\/themify_builder_content-->\n","protected":false},"excerpt":{"rendered":"<p><span style=\"color: #3d3030;font-weight: 300;font-family: merriweather sans\"> CAF\u00c9 GALLETTI AMAZONICA CHOCOLATE FINO ECUATORIANO \u2013 Disponible en 1 barra.<\/p>\n<p>Barra de Chocolate Fino 55% con Pi\u00f1a, Maracuy\u00e1 y Guayusa (Planta Energ\u00e9tica).<br \/>\nLa pi\u00f1a y la fruta de la pasi\u00f3n son la combinaci\u00f3n perfecta de frutas tropicales, repletas de un sabor delicioso y una experiencia refrescante. Guayusa es una s\u00faper hoja que se encuentra en la selva amaz\u00f3nica de Ecuador, donde los ind\u00edgenas describen los efectos de la guayusa como haci\u00e9ndolos sentir \u00abRuna\u00bb, que significa \u00abtotalmente vivos\u00bb. \u00a1Disfruta hoy del sabor vivo \u00fanico de esta barra amaz\u00f3nica! Cada barra es de 70 gramos y vegana.<\/p>\n<p>Marida bien con el caf\u00e9 amaz\u00f3nico. <\/span><\/p>\n","protected":false},"featured_media":8269,"comment_status":"open","ping_status":"closed","template":"","meta":{"content-type":""},"product_brand":[],"product_cat":[34],"product_tag":[],"class_list":{"0":"post-8113","1":"product","2":"type-product","3":"status-publish","4":"has-post-thumbnail","6":"product_cat-uncategorized","7":"has-post-title","8":"has-post-date","9":"has-post-category","10":"has-post-tag","11":"has-post-comment","12":"has-post-author","13":"","15":"first","16":"instock","17":"purchasable","18":"product-type-simple"},"group_of_quantity":0,"min_quantity":0,"max_quantity":"","exclude_order_quantity_value_rules":"no","exclude_category_quantity_rules":"no","combine_variations":"no","jetpack_sharing_enabled":true,"builder_content":"","_links":{"self":[{"href":"https:\/\/laverdeoveja.com\/es\/wp-json\/wp\/v2\/product\/8113","targetHints":{"allow":["GET"]}}],"collection":[{"href":"https:\/\/laverdeoveja.com\/es\/wp-json\/wp\/v2\/product"}],"about":[{"href":"https:\/\/laverdeoveja.com\/es\/wp-json\/wp\/v2\/types\/product"}],"replies":[{"embeddable":true,"href":"https:\/\/laverdeoveja.com\/es\/wp-json\/wp\/v2\/comments?post=8113"}],"wp:featuredmedia":[{"embeddable":true,"href":"https:\/\/laverdeoveja.com\/es\/wp-json\/wp\/v2\/media\/8269"}],"wp:attachment":[{"href":"https:\/\/laverdeoveja.com\/es\/wp-json\/wp\/v2\/media?parent=8113"}],"wp:term":[{"taxonomy":"product_brand","embeddable":true,"href":"https:\/\/laverdeoveja.com\/es\/wp-json\/wp\/v2\/product_brand?post=8113"},{"taxonomy":"product_cat","embeddable":true,"href":"https:\/\/laverdeoveja.com\/es\/wp-json\/wp\/v2\/product_cat?post=8113"},{"taxonomy":"product_tag","embeddable":true,"href":"https:\/\/laverdeoveja.com\/es\/wp-json\/wp\/v2\/product_tag?post=8113"}],"curies":[{"name":"wp","href":"https:\/\/api.w.org\/{rel}","templated":true}]}}